{"id":9088,"date":"2024-08-19T11:32:57","date_gmt":"2024-08-19T08:32:57","guid":{"rendered":"https:\/\/www.efeshukuk.com\/?page_id=9088"},"modified":"2026-03-29T20:22:30","modified_gmt":"2026-03-29T17:22:30","slug":"gamze-gul-girgec","status":"publish","type":"page","link":"https:\/\/efeshukuk.com\/en\/ekibimiz\/gamze-gul-girgec\/","title":{"rendered":"Gamze G\u00fcl Girge\u00e7"},"content":{"rendered":"<hr class=\"wp-block-separator has-css-opacity\"\/>\n\n\n\n<h2 class=\"wp-block-heading has-text-align-justify has-black-color has-text-color\" id=\"h-akademik-uzmanlik-ve-ozel-hukuk-birikimi\">Academic Expertise and Specialized Legal Knowledge<\/h2>\n\n\n\n<p class=\"has-text-align-justify has-black-color has-text-color\"><span style=\"white-space: normal; font-size: medium;\"><\/span>Gamze G\u00fcl Girge\u00e7 successfully completed her undergraduate studies at the Faculty of Law at Dokuz Eyl\u00fcl University and furthered her academic expertise by earning a Master of Laws (LL.M.) degree in Private Law from the same university. With advanced proficiency in English and a commitment to international standards, Girge\u00e7 combines her theoretical knowledge with strong practical experience to provide her clients with high-quality legal counsel.<\/p>\n\n\n\n<h3 class=\"wp-block-heading\" id=\"h-sigorta-hukuku-ve-kurumsal-strateji-deneyimi\">Experience in Insurance Law and Corporate Strategy<\/h3>\n\n\n\n<p>For a significant portion of his career, she worked for over five years at Allianz T\u00fcrkiye, one of the industry\u2019s leading organizations. During this time;<\/p>\n\n\n\n<ul class=\"wp-block-list\">\n<li>She has a deep understanding of the operational dynamics and legal framework of the insurance industry from both the company\u2019s and the agent\u2019s perspectives.<\/li>\n\n\n\n<li>She has developed effective litigation strategies for complex and high-stakes insurance cases.<\/li>\n\n\n\n<li>She has extensive experience in corporate representation and detailed risk analysis.<\/li>\n<\/ul>\n\n\n\n<h3 class=\"wp-block-heading\" id=\"p-rc_01e8379c27173feb-384\">Consumer Law and Public Duties\u00a0<\/h3>\n\n\n\n<p id=\"p-rc_01e8379c27173feb-384\">Gamze G\u00fcl Girge\u00e7, who combines her expertise in consumer disputes with a sense of public responsibility, serves in an active capacity on the Bornova Consumer Arbitration Board. Through this critical role, she;<\/p>\n\n\n\n<ul class=\"wp-block-list\">\n<li>She possesses both an arbitrator\u2019s perspective and a strong, practical vision for resolving disputes.<\/li>\n\n\n\n<li>She provides technical and legal opinions as a forensic expert within the Ministry of Trade.<\/li>\n<\/ul>\n\n\n\n<h3 class=\"wp-block-heading\" id=\"p-rc_01e8379c27173feb-387\">Civil Society Activities<\/h3>\n\n\n\n<p id=\"p-rc_01e8379c27173feb-387\" class=\"translation-block\">Girge\u00e7, who places great importance on the social dimension of law, plays an active role in advocating for consumer rights as a member of the Legal Committee of the Consumer Protection Association (<a href=\"https:\/\/www.tukoder.org.tr\" target=\"_self\">T\u00dcKODER<\/a>). In the services he provides to his clients, she has adopted a meticulous risk analysis and the development of personalized strategic solutions as her core principles.<\/p>\n\n\n\n<h3 class=\"wp-block-heading\" id=\"h-uzmanlik-alanlari\">Areas of Expertise:<\/h3>\n\n\n\n<ul class=\"wp-block-list\">\n<li>Insurance Law and Claims Management<\/li>\n\n\n\n<li>Labor Law and Labor-Employer Disputes<\/li>\n\n\n\n<li>Consumer Law and Arbitration Proceedings<\/li>\n\n\n\n<li>Private Law Consultancy (with an LL.M. Specialization)\u00a0<\/li>\n<\/ul>\n\n\n\n<h3 class=\"wp-block-heading\">Education and Qualifications<\/h3>\n\n\n\n<ul class=\"wp-block-list\">\n<li><strong>Bachelor's degree:<\/strong>&nbsp;Dokuz Eyl\u00fcl University Faculty of Law<\/li>\n\n\n\n<li><strong>Master's Degree:<\/strong>&nbsp;Dokuz Eyl\u00fcl University \u2013 Private Law<\/li>\n\n\n\n<li><strong>Foreign Language:<\/strong>\u00a0English <\/li>\n<\/ul>\n\n\n\n<p>Attorney Gamze G\u00fcl Girge\u00e7 has made it a fundamental principle to conduct a thorough risk analysis and develop tailored strategic solutions for her clients during the legal advisory processes she provides.<\/p>\n\n\n\n<hr class=\"wp-block-separator has-css-opacity\"\/>\n\n\n\n<h5 class=\"wp-block-heading\" id=\"adres\">ADDRESS<\/h5>\n\n\n\n<p class=\"has-black-color has-text-color\">Nergis Neighborhood, Girne Boulevard No: 83, Floor 2, Apartment 2, Kar\u015f\u0131yaka, \u0130zmir<\/p>\n\n\n\n<h5 class=\"wp-block-heading\" id=\"e-posta\">E-MAIL<\/h5>\n\n\n\n<p>gamzegirgec@izmir.av.tr<\/p>\n\n\n\n<h5 class=\"wp-block-heading\" id=\"telefon\">PHONE<\/h5>\n\n\n\n<p class=\"has-black-color has-text-color\">+90 553 282 14 76<\/p>\n\n\n\n<div style=\"width: 100%\">\n  <iframe loading=\"lazy\" width=\"100%\" height=\"600\" frameborder=\"0\" scrolling=\"no\" marginheight=\"0\" marginwidth=\"0\"\n    src=\"https:\/\/maps.google.com\/maps?width=100%25&amp;height=600&amp;hl=tr&amp;q=Nergis%20Mahallesi%20Girne%20Bulvar%C4%B1%20No%3A%2083%20K%3A2%20D%3A2%20Kar%C5%9F%C4%B1yaka%20%C4%B0zmir+(Efes%20Hukuk%20B%C3%BCrosu)&amp;t=&amp;z=16&amp;ie=UTF8&amp;iwloc=B&amp;output=embed\">\n  <\/iframe>\n<\/div>\n\n\n\n<style>\n    \/* Ana Konteyner - Tema \u00e7ak\u0131\u015fmalar\u0131n\u0131 \u00f6nlemek i\u00e7in \u00f6zel reset *\/\n    .efes-wrapper {\n        max-width: 1000px;\n        margin: 60px auto;\n        padding: 0 20px;\n        font-family: 'Segoe UI', Roboto, Helvetica, Arial, sans-serif;\n    }\n    .efes-title {\n        color: #1a2a44;\n        font-size: 1.6rem;\n        margin-bottom: 40px;\n        border-left: 5px solid #c5a059;\n        padding-left: 15px;\n        font-weight: 600;\n    }\n    \/* Grid Yap\u0131s\u0131 - Yan yana durmay\u0131 ve e\u015fit boyu garanti eder *\/\n    .efes-grid {\n        display: grid;\n        grid-template-columns: repeat(auto-fit, minmax(300px, 1fr));\n        gap: 30px;\n        align-items: stretch;\n    }\n    .efes-card {\n        background: #ffffff;\n        border: 1px solid #f0f0f0;\n        border-radius: 15px;\n        padding: 40px 25px;\n        text-align: center;\n        text-decoration: none !important;\n        transition: all 0.4s cubic-bezier(0.165, 0.84, 0.44, 1);\n        box-shadow: 0 4px 20px rgba(0,0,0,0.06);\n        display: flex;\n        flex-direction: column;\n        height: 100%; \/* Kart\u0131n tam boy olmas\u0131n\u0131 sa\u011flar *\/\n    }\n    .efes-card:hover {\n        transform: translateY(-10px);\n        box-shadow: 0 12px 30px rgba(0,0,0,0.12);\n        border-color: #c5a059;\n    }\n    \/* Resim Alan\u0131 - Kesin Beyaz Arka Plan *\/\n    .efes-img-box {\n        width: 180px;\n        height: 180px;\n        margin: 0 auto 25px;\n        background: #ffffff;\n        border-radius: 50%;\n        overflow: hidden;\n        border: 2px solid #f8f8f8;\n        display: flex;\n        align-items: center;\n        justify-content: center;\n        flex-shrink: 0;\n    }\n    .efes-img-box img {\n        width: 100%;\n        height: 100%;\n        object-fit: cover; \/* Resmin yamulmas\u0131n\u0131 ve bo\u015fluk kalmas\u0131n\u0131 \u00f6nler *\/\n    }\n    \/* Metin Alan\u0131 - Butonu a\u015fa\u011f\u0131 itmek i\u00e7in flex-grow kullan\u0131ld\u0131 *\/\n    .efes-content {\n        flex-grow: 1; \n        display: flex;\n        flex-direction: column;\n        justify-content: center;\n    }\n    .efes-card h4 {\n        color: #1a2a44;\n        font-size: 1.4rem;\n        margin: 0 0 10px 0;\n        font-weight: 600;\n    }\n    .efes-card p {\n        color: #222222; \/* SEO ve Eri\u015filebilirlik Kontrast\u0131 *\/\n        font-size: 1rem;\n        margin: 0 0 25px 0;\n        line-height: 1.5;\n    }\n    .efes-btn {\n        color: #c5a059;\n        font-weight: 700;\n        font-size: 0.9rem;\n        letter-spacing: 1.2px;\n        text-transform: uppercase;\n        margin-top: auto; \/* Her zaman en alta sabitler *\/\n    }\n<\/style>\n\n<div class=\"efes-wrapper\">\n    <h2 class=\"efes-title\">Our Other Team Members<\/h2>\n    <div class=\"efes-grid\">\n        \n        <a href=\"https:\/\/efeshukuk.com\/en\/ekibimiz\/dilek-yavuz-uysal\/\" class=\"efes-card\">\n            <div class=\"efes-img-box\">\n                <img decoding=\"async\" src=\"https:\/\/efeshukuk.com\/wp-content\/uploads\/2021\/10\/5-1.png\" alt=\"Avukat Dilek Yavuz Uysal\">\n            <\/div>\n            <div class=\"efes-content\">\n                <h4>Dilek Yavuz Uysal<\/h4>\n                <p>Attorney, Mediator, Conciliator<\/p>\n            <\/div>\n            <span class=\"efes-btn\">VIEW PROFILE \u2192<\/span>\n        <\/a>\n\n        <a href=\"https:\/\/efeshukuk.com\/en\/ekibimiz\/mustafa-yolcu\/\" class=\"efes-card\">\n            <div class=\"efes-img-box\">\n                <img decoding=\"async\" src=\"https:\/\/efeshukuk.com\/wp-content\/uploads\/2021\/10\/10-1.png\" alt=\"Avukat Mustafa Yolcu\">\n            <\/div>\n            <div class=\"efes-content\">\n                <h4>Mustafa Yolcu<\/h4>\n                <p>Lawyer, Mediator, CIPP\/E, ISO 27001 Lead Auditor<\/p>\n            <\/div>\n            <span class=\"efes-btn\">VIEW PROFILE \u2192<\/span>\n        <\/a>\n\n    <\/div>\n<\/div>","protected":false},"excerpt":{"rendered":"<p>Akademik Uzmanl\u0131k ve \u00d6zel Hukuk Birikimi Lisans e\u011fitimini\u00a0Dokuz Eyl\u00fcl \u00dcniversitesi Hukuk Fak\u00fcltesi\u2019nde\u00a0ba\u015far\u0131yla tamamlayan Gamze G\u00fcl Girge\u00e7\u00a0, akademik yetkinli\u011fini ayn\u0131 \u00fcniversitenin\u00a0\u00d6zel Hukuk\u00a0ana bilim dal\u0131nda yapt\u0131\u011f\u0131\u00a0Y\u00fcksek Lisans&hellip;<\/p>","protected":false},"author":1,"featured_media":9094,"parent":7389,"menu_order":0,"comment_status":"closed","ping_status":"closed","template":"","meta":{"footnotes":""},"class_list":["post-9088","page","type-page","status-publish","has-post-thumbnail","hentry"],"yoast_head":"<!-- This site is optimized with the Yoast SEO Premium plugin v27.0 (Yoast SEO v27.3) - https:\/\/yoast.com\/product\/yoast-seo-premium-wordpress\/ -->\n<title>Av. Gamze G\u00fcl Girge\u00e7, LLM. - Efes Hukuk B\u00fcrosu<\/title>\n<meta name=\"description\" content=\"\u0130zmir Kar\u015f\u0131yaka avukat\u0131 Av. Gamze G\u00fcl Girge\u00e7; sigorta tahkim, i\u015f kazas\u0131 ve t\u00fcketici davalar\u0131nda LL.M. derecesiyle uzman dan\u0131\u015fmanl\u0131k sa\u011flar.\" \/>\n<meta name=\"robots\" content=\"index, follow, max-snippet:-1, max-image-preview:large, max-video-preview:-1\" \/>\n<link rel=\"canonical\" href=\"https:\/\/efeshukuk.com\/en\/ekibimiz\/gamze-gul-girgec\/\" \/>\n<meta property=\"og:locale\" content=\"en_US\" \/>\n<meta property=\"og:type\" content=\"article\" \/>\n<meta property=\"og:title\" content=\"Av. Gamze G\u00fcl Girge\u00e7, LLM.\" \/>\n<meta property=\"og:description\" content=\"Akademik Uzmanl\u0131k ve \u00d6zel Hukuk Birikimi Lisans e\u011fitimini\u00a0Dokuz Eyl\u00fcl \u00dcniversitesi Hukuk Fak\u00fcltesi\u2019nde\u00a0ba\u015far\u0131yla tamamlayan Gamze G\u00fcl Girge\u00e7\u00a0, akademik\" \/>\n<meta property=\"og:url\" content=\"https:\/\/efeshukuk.com\/en\/ekibimiz\/gamze-gul-girgec\/\" \/>\n<meta property=\"og:site_name\" content=\"Efes Hukuk B\u00fcrosu\" \/>\n<meta property=\"article:publisher\" content=\"https:\/\/www.facebook.com\/efeshukukburosu\" \/>\n<meta property=\"article:modified_time\" content=\"2026-03-29T17:22:30+00:00\" \/>\n<meta property=\"og:image\" content=\"https:\/\/efeshukuk.com\/wp-content\/uploads\/2024\/08\/Ekibimiz-8.webp\" \/>\n\t<meta property=\"og:image:width\" content=\"370\" \/>\n\t<meta property=\"og:image:height\" content=\"462\" \/>\n\t<meta property=\"og:image:type\" content=\"image\/webp\" \/>\n<meta name=\"twitter:card\" content=\"summary_large_image\" \/>\n<meta name=\"twitter:label1\" content=\"Est. reading time\" \/>\n\t<meta name=\"twitter:data1\" content=\"3 minutes\" \/>\n<script type=\"application\/ld+json\" class=\"yoast-schema-graph\">{\"@context\":\"https:\\\/\\\/schema.org\",\"@graph\":[{\"@type\":\"WebPage\",\"@id\":\"https:\\\/\\\/efeshukuk.com\\\/ekibimiz\\\/gamze-gul-girgec\\\/\",\"url\":\"https:\\\/\\\/efeshukuk.com\\\/ekibimiz\\\/gamze-gul-girgec\\\/\",\"name\":\"Av. Gamze G\u00fcl Girge\u00e7, LLM. - Efes Hukuk B\u00fcrosu\",\"isPartOf\":{\"@id\":\"https:\\\/\\\/efeshukuk.com\\\/#website\"},\"primaryImageOfPage\":{\"@id\":\"https:\\\/\\\/efeshukuk.com\\\/ekibimiz\\\/gamze-gul-girgec\\\/#primaryimage\"},\"image\":{\"@id\":\"https:\\\/\\\/efeshukuk.com\\\/ekibimiz\\\/gamze-gul-girgec\\\/#primaryimage\"},\"thumbnailUrl\":\"https:\\\/\\\/efeshukuk.com\\\/wp-content\\\/uploads\\\/2024\\\/08\\\/Ekibimiz-8.webp\",\"datePublished\":\"2024-08-19T08:32:57+00:00\",\"dateModified\":\"2026-03-29T17:22:30+00:00\",\"description\":\"\u0130zmir Kar\u015f\u0131yaka avukat\u0131 Av. Gamze G\u00fcl Girge\u00e7; sigorta tahkim, i\u015f kazas\u0131 ve t\u00fcketici davalar\u0131nda LL.M. derecesiyle uzman dan\u0131\u015fmanl\u0131k sa\u011flar.\",\"breadcrumb\":{\"@id\":\"https:\\\/\\\/efeshukuk.com\\\/ekibimiz\\\/gamze-gul-girgec\\\/#breadcrumb\"},\"inLanguage\":\"en-US\",\"potentialAction\":[{\"@type\":\"ReadAction\",\"target\":[\"https:\\\/\\\/efeshukuk.com\\\/ekibimiz\\\/gamze-gul-girgec\\\/\"]}]},{\"@type\":\"ImageObject\",\"inLanguage\":\"en-US\",\"@id\":\"https:\\\/\\\/efeshukuk.com\\\/ekibimiz\\\/gamze-gul-girgec\\\/#primaryimage\",\"url\":\"https:\\\/\\\/efeshukuk.com\\\/wp-content\\\/uploads\\\/2024\\\/08\\\/Ekibimiz-8.webp\",\"contentUrl\":\"https:\\\/\\\/efeshukuk.com\\\/wp-content\\\/uploads\\\/2024\\\/08\\\/Ekibimiz-8.webp\",\"width\":370,\"height\":462,\"caption\":\"Gamze G\u00fcl Girge\u00e7\"},{\"@type\":\"BreadcrumbList\",\"@id\":\"https:\\\/\\\/efeshukuk.com\\\/ekibimiz\\\/gamze-gul-girgec\\\/#breadcrumb\",\"itemListElement\":[{\"@type\":\"ListItem\",\"position\":1,\"name\":\"Ana sayfa\",\"item\":\"https:\\\/\\\/efeshukuk.com\\\/\"},{\"@type\":\"ListItem\",\"position\":2,\"name\":\"Ekibimiz\",\"item\":\"https:\\\/\\\/efeshukuk.com\\\/ekibimiz\\\/\"},{\"@type\":\"ListItem\",\"position\":3,\"name\":\"Av. Gamze G\u00fcl Girge\u00e7, LLM.\"}]},{\"@type\":\"WebSite\",\"@id\":\"https:\\\/\\\/efeshukuk.com\\\/#website\",\"url\":\"https:\\\/\\\/efeshukuk.com\\\/\",\"name\":\"Efes Hukuk B\u00fcrosu\",\"description\":\"\u0130zmir&#039;deki Avukat\u0131n\u0131z\",\"publisher\":{\"@id\":\"https:\\\/\\\/efeshukuk.com\\\/#organization\"},\"potentialAction\":[{\"@type\":\"SearchAction\",\"target\":{\"@type\":\"EntryPoint\",\"urlTemplate\":\"https:\\\/\\\/efeshukuk.com\\\/?s={search_term_string}\"},\"query-input\":{\"@type\":\"PropertyValueSpecification\",\"valueRequired\":true,\"valueName\":\"search_term_string\"}}],\"inLanguage\":\"en-US\"},{\"@type\":[\"Organization\",\"Place\",\"LegalService\"],\"@id\":\"https:\\\/\\\/efeshukuk.com\\\/#organization\",\"name\":\"Efes Hukuk B\u00fcrosu\",\"url\":\"https:\\\/\\\/efeshukuk.com\\\/\",\"logo\":{\"@id\":\"https:\\\/\\\/efeshukuk.com\\\/ekibimiz\\\/gamze-gul-girgec\\\/#local-main-organization-logo\"},\"image\":{\"@id\":\"https:\\\/\\\/efeshukuk.com\\\/ekibimiz\\\/gamze-gul-girgec\\\/#local-main-organization-logo\"},\"sameAs\":[\"https:\\\/\\\/www.facebook.com\\\/efeshukukburosu\",\"https:\\\/\\\/www.instagram.com\\\/efeshukukburosu\\\/\",\"https:\\\/\\\/www.linkedin.com\\\/company\\\/efes-law\\\/\"],\"description\":\"Efes Hukuk B\u00fcrosu, farkl\u0131 hukuk alanlar\u0131nda uzmanla\u015fm\u0131\u015f avukat kadrosuyla bireysel ve kurumsal m\u00fcvekkillerine etkili ve \u00e7\u00f6z\u00fcm odakl\u0131 hukuki dan\u0131\u015fmanl\u0131k hizmeti sunmaktad\u0131r. Ticaret hukuku, t\u00fcketici hukuku, aile hukuku, icra ve iflas hukuku gibi bir\u00e7ok alanda derin bilgiye sahip avukatlar\u0131m\u0131zla; m\u00fcvekkillerimizin haklar\u0131n\u0131 en iyi \u015fekilde korumay\u0131 ama\u00e7l\u0131yoruz. D\u00fcnyadaki hukuki de\u011fi\u015fimleri yak\u0131ndan takip ediyor, her yeni sorunu titizlikle analiz ediyoruz. M\u00fcvekkillerimizle g\u00fcvene dayal\u0131, \u015feffaf ve yak\u0131n bir ileti\u015fim kurarak, do\u011fru kararlar almalar\u0131na destek oluyoruz. Akademik d\u00fczeyde \u00e7al\u0131\u015fan \u00e7\u00f6z\u00fcm ortaklar\u0131m\u0131z ve alan\u0131nda uzman avukatlar\u0131m\u0131zla; hukuka, meslek eti\u011fine ve Atat\u00fcrk ilke ve ink\u0131laplar\u0131na ba\u011fl\u0131 bir \u015fekilde \u00e7al\u0131\u015fmay\u0131 ilke ediniyoruz.\",\"legalName\":\"Efes Hukuk B\u00fcrosu\",\"numberOfEmployees\":{\"@type\":\"QuantitativeValue\",\"minValue\":\"1\",\"maxValue\":\"10\"},\"address\":{\"@id\":\"https:\\\/\\\/efeshukuk.com\\\/ekibimiz\\\/gamze-gul-girgec\\\/#local-main-place-address\"},\"geo\":{\"@type\":\"GeoCoordinates\",\"latitude\":\"38.467687\",\"longitude\":\"27.109998\"},\"telephone\":[\"+905344155256\"],\"contactPoint\":{\"@type\":\"ContactPoint\",\"telephone\":\"+905344155256\",\"email\":\"info@efeshukuk.com\"},\"openingHoursSpecification\":[{\"@type\":\"OpeningHoursSpecification\",\"dayOfWeek\":[\"Monday\",\"Tuesday\",\"Wednesday\",\"Thursday\",\"Friday\"],\"opens\":\"09:00\",\"closes\":\"18:00\"},{\"@type\":\"OpeningHoursSpecification\",\"dayOfWeek\":[\"Saturday\",\"Sunday\"],\"opens\":\"00:00\",\"closes\":\"00:00\"}],\"email\":\"info@efeshukuk.com\"},{\"@type\":\"PostalAddress\",\"@id\":\"https:\\\/\\\/efeshukuk.com\\\/ekibimiz\\\/gamze-gul-girgec\\\/#local-main-place-address\",\"streetAddress\":\"Nergiz Mahallesi Girne Blv No:83, Kat 2 D 2, 35600 Kar\u015f\u0131yaka\",\"addressLocality\":\"\u0130zmir\",\"postalCode\":\"35600\",\"addressCountry\":\"TR\"},{\"@type\":\"ImageObject\",\"inLanguage\":\"en-US\",\"@id\":\"https:\\\/\\\/efeshukuk.com\\\/ekibimiz\\\/gamze-gul-girgec\\\/#local-main-organization-logo\",\"url\":\"https:\\\/\\\/efeshukuk.com\\\/wp-content\\\/uploads\\\/2020\\\/11\\\/5.png\",\"contentUrl\":\"https:\\\/\\\/efeshukuk.com\\\/wp-content\\\/uploads\\\/2020\\\/11\\\/5.png\",\"width\":500,\"height\":500,\"caption\":\"Efes Hukuk B\u00fcrosu\"}]}<\/script>\n<meta name=\"geo.placename\" content=\"\u0130zmir\" \/>\n<meta name=\"geo.position\" content=\"38.467687;27.109998\" \/>\n<meta name=\"geo.region\" content=\"Turkey\" \/>\n<!-- \/ Yoast SEO Premium plugin. -->","yoast_head_json":{"title":"Av. Gamze G\u00fcl Girge\u00e7, LLM. - Efes Hukuk B\u00fcrosu","description":"\u0130zmir Kar\u015f\u0131yaka avukat\u0131 Av. Gamze G\u00fcl Girge\u00e7; sigorta tahkim, i\u015f kazas\u0131 ve t\u00fcketici davalar\u0131nda LL.M. derecesiyle uzman dan\u0131\u015fmanl\u0131k sa\u011flar.","robots":{"index":"index","follow":"follow","max-snippet":"max-snippet:-1","max-image-preview":"max-image-preview:large","max-video-preview":"max-video-preview:-1"},"canonical":"https:\/\/efeshukuk.com\/en\/ekibimiz\/gamze-gul-girgec\/","og_locale":"en_US","og_type":"article","og_title":"Av. Gamze G\u00fcl Girge\u00e7, LLM.","og_description":"Akademik Uzmanl\u0131k ve \u00d6zel Hukuk Birikimi Lisans e\u011fitimini\u00a0Dokuz Eyl\u00fcl \u00dcniversitesi Hukuk Fak\u00fcltesi\u2019nde\u00a0ba\u015far\u0131yla tamamlayan Gamze G\u00fcl Girge\u00e7\u00a0, akademik","og_url":"https:\/\/efeshukuk.com\/en\/ekibimiz\/gamze-gul-girgec\/","og_site_name":"Efes Hukuk B\u00fcrosu","article_publisher":"https:\/\/www.facebook.com\/efeshukukburosu","article_modified_time":"2026-03-29T17:22:30+00:00","og_image":[{"width":370,"height":462,"url":"https:\/\/efeshukuk.com\/wp-content\/uploads\/2024\/08\/Ekibimiz-8.webp","type":"image\/webp"}],"twitter_card":"summary_large_image","twitter_misc":{"Est. reading time":"3 minutes"},"schema":{"@context":"https:\/\/schema.org","@graph":[{"@type":"WebPage","@id":"https:\/\/efeshukuk.com\/ekibimiz\/gamze-gul-girgec\/","url":"https:\/\/efeshukuk.com\/ekibimiz\/gamze-gul-girgec\/","name":"Av. Gamze G\u00fcl Girge\u00e7, LLM. - Efes Hukuk B\u00fcrosu","isPartOf":{"@id":"https:\/\/efeshukuk.com\/#website"},"primaryImageOfPage":{"@id":"https:\/\/efeshukuk.com\/ekibimiz\/gamze-gul-girgec\/#primaryimage"},"image":{"@id":"https:\/\/efeshukuk.com\/ekibimiz\/gamze-gul-girgec\/#primaryimage"},"thumbnailUrl":"https:\/\/efeshukuk.com\/wp-content\/uploads\/2024\/08\/Ekibimiz-8.webp","datePublished":"2024-08-19T08:32:57+00:00","dateModified":"2026-03-29T17:22:30+00:00","description":"\u0130zmir Kar\u015f\u0131yaka avukat\u0131 Av. Gamze G\u00fcl Girge\u00e7; sigorta tahkim, i\u015f kazas\u0131 ve t\u00fcketici davalar\u0131nda LL.M. derecesiyle uzman dan\u0131\u015fmanl\u0131k sa\u011flar.","breadcrumb":{"@id":"https:\/\/efeshukuk.com\/ekibimiz\/gamze-gul-girgec\/#breadcrumb"},"inLanguage":"en-US","potentialAction":[{"@type":"ReadAction","target":["https:\/\/efeshukuk.com\/ekibimiz\/gamze-gul-girgec\/"]}]},{"@type":"ImageObject","inLanguage":"en-US","@id":"https:\/\/efeshukuk.com\/ekibimiz\/gamze-gul-girgec\/#primaryimage","url":"https:\/\/efeshukuk.com\/wp-content\/uploads\/2024\/08\/Ekibimiz-8.webp","contentUrl":"https:\/\/efeshukuk.com\/wp-content\/uploads\/2024\/08\/Ekibimiz-8.webp","width":370,"height":462,"caption":"Gamze G\u00fcl Girge\u00e7"},{"@type":"BreadcrumbList","@id":"https:\/\/efeshukuk.com\/ekibimiz\/gamze-gul-girgec\/#breadcrumb","itemListElement":[{"@type":"ListItem","position":1,"name":"Ana sayfa","item":"https:\/\/efeshukuk.com\/"},{"@type":"ListItem","position":2,"name":"Ekibimiz","item":"https:\/\/efeshukuk.com\/ekibimiz\/"},{"@type":"ListItem","position":3,"name":"Av. Gamze G\u00fcl Girge\u00e7, LLM."}]},{"@type":"WebSite","@id":"https:\/\/efeshukuk.com\/#website","url":"https:\/\/efeshukuk.com\/","name":"Ephesus Law Firm","description":"Your Lawyer in Izmir","publisher":{"@id":"https:\/\/efeshukuk.com\/#organization"},"potentialAction":[{"@type":"SearchAction","target":{"@type":"EntryPoint","urlTemplate":"https:\/\/efeshukuk.com\/?s={search_term_string}"},"query-input":{"@type":"PropertyValueSpecification","valueRequired":true,"valueName":"search_term_string"}}],"inLanguage":"en-US"},{"@type":["Organization","Place","LegalService"],"@id":"https:\/\/efeshukuk.com\/#organization","name":"Ephesus Law Firm","url":"https:\/\/efeshukuk.com\/","logo":{"@id":"https:\/\/efeshukuk.com\/ekibimiz\/gamze-gul-girgec\/#local-main-organization-logo"},"image":{"@id":"https:\/\/efeshukuk.com\/ekibimiz\/gamze-gul-girgec\/#local-main-organization-logo"},"sameAs":["https:\/\/www.facebook.com\/efeshukukburosu","https:\/\/www.instagram.com\/efeshukukburosu\/","https:\/\/www.linkedin.com\/company\/efes-law\/"],"description":"Efes Hukuk B\u00fcrosu, farkl\u0131 hukuk alanlar\u0131nda uzmanla\u015fm\u0131\u015f avukat kadrosuyla bireysel ve kurumsal m\u00fcvekkillerine etkili ve \u00e7\u00f6z\u00fcm odakl\u0131 hukuki dan\u0131\u015fmanl\u0131k hizmeti sunmaktad\u0131r. Ticaret hukuku, t\u00fcketici hukuku, aile hukuku, icra ve iflas hukuku gibi bir\u00e7ok alanda derin bilgiye sahip avukatlar\u0131m\u0131zla; m\u00fcvekkillerimizin haklar\u0131n\u0131 en iyi \u015fekilde korumay\u0131 ama\u00e7l\u0131yoruz. D\u00fcnyadaki hukuki de\u011fi\u015fimleri yak\u0131ndan takip ediyor, her yeni sorunu titizlikle analiz ediyoruz. M\u00fcvekkillerimizle g\u00fcvene dayal\u0131, \u015feffaf ve yak\u0131n bir ileti\u015fim kurarak, do\u011fru kararlar almalar\u0131na destek oluyoruz. Akademik d\u00fczeyde \u00e7al\u0131\u015fan \u00e7\u00f6z\u00fcm ortaklar\u0131m\u0131z ve alan\u0131nda uzman avukatlar\u0131m\u0131zla; hukuka, meslek eti\u011fine ve Atat\u00fcrk ilke ve ink\u0131laplar\u0131na ba\u011fl\u0131 bir \u015fekilde \u00e7al\u0131\u015fmay\u0131 ilke ediniyoruz.","legalName":"Efes Hukuk B\u00fcrosu","numberOfEmployees":{"@type":"QuantitativeValue","minValue":"1","maxValue":"10"},"address":{"@id":"https:\/\/efeshukuk.com\/ekibimiz\/gamze-gul-girgec\/#local-main-place-address"},"geo":{"@type":"GeoCoordinates","latitude":"38.467687","longitude":"27.109998"},"telephone":["+905344155256"],"contactPoint":{"@type":"ContactPoint","telephone":"+905344155256","email":"info@efeshukuk.com"},"openingHoursSpecification":[{"@type":"OpeningHoursSpecification","dayOfWeek":["Monday","Tuesday","Wednesday","Thursday","Friday"],"opens":"09:00","closes":"18:00"},{"@type":"OpeningHoursSpecification","dayOfWeek":["Saturday","Sunday"],"opens":"00:00","closes":"00:00"}],"email":"info@efeshukuk.com"},{"@type":"PostalAddress","@id":"https:\/\/efeshukuk.com\/ekibimiz\/gamze-gul-girgec\/#local-main-place-address","streetAddress":"Nergiz Mahallesi Girne Blv No:83, Kat 2 D 2, 35600 Kar\u015f\u0131yaka","addressLocality":"\u0130zmir","postalCode":"35600","addressCountry":"TR"},{"@type":"ImageObject","inLanguage":"en-US","@id":"https:\/\/efeshukuk.com\/ekibimiz\/gamze-gul-girgec\/#local-main-organization-logo","url":"https:\/\/efeshukuk.com\/wp-content\/uploads\/2020\/11\/5.png","contentUrl":"https:\/\/efeshukuk.com\/wp-content\/uploads\/2020\/11\/5.png","width":500,"height":500,"caption":"Efes Hukuk B\u00fcrosu"}]},"geo.placename":"\u0130zmir","geo.position":{"lat":"38.467687","long":"27.109998"},"geo.region":"Turkey"},"_links":{"self":[{"href":"https:\/\/efeshukuk.com\/en\/wp-json\/wp\/v2\/pages\/9088","targetHints":{"allow":["GET"]}}],"collection":[{"href":"https:\/\/efeshukuk.com\/en\/wp-json\/wp\/v2\/pages"}],"about":[{"href":"https:\/\/efeshukuk.com\/en\/wp-json\/wp\/v2\/types\/page"}],"author":[{"embeddable":true,"href":"https:\/\/efeshukuk.com\/en\/wp-json\/wp\/v2\/users\/1"}],"replies":[{"embeddable":true,"href":"https:\/\/efeshukuk.com\/en\/wp-json\/wp\/v2\/comments?post=9088"}],"version-history":[{"count":0,"href":"https:\/\/efeshukuk.com\/en\/wp-json\/wp\/v2\/pages\/9088\/revisions"}],"up":[{"embeddable":true,"href":"https:\/\/efeshukuk.com\/en\/wp-json\/wp\/v2\/pages\/7389"}],"wp:featuredmedia":[{"embeddable":true,"href":"https:\/\/efeshukuk.com\/en\/wp-json\/wp\/v2\/media\/9094"}],"wp:attachment":[{"href":"https:\/\/efeshukuk.com\/en\/wp-json\/wp\/v2\/media?parent=9088"}],"curies":[{"name":"wp","href":"https:\/\/api.w.org\/{rel}","templated":true}]}}