{"id":84,"date":"2018-07-16T10:19:36","date_gmt":"2018-07-16T07:19:36","guid":{"rendered":"http:\/\/demo.acmethemes.com\/lawyer-zone\/?page_id=53"},"modified":"2026-04-28T11:19:56","modified_gmt":"2026-04-28T08:19:56","slug":"dilek-yavuz-uysal","status":"publish","type":"page","link":"https:\/\/efeshukuk.com\/en\/ekibimiz\/dilek-yavuz-uysal\/","title":{"rendered":"Dilek Yavuz Uysal"},"content":{"rendered":"<h2 class=\"wp-block-heading\" id=\"av-dilek-yavuz-uysal\">Dilek Yavuz Uysal<\/h2>\n\n\n\n<hr class=\"wp-block-separator has-css-opacity\"\/>\n\n\n\n<p class=\"has-text-align-justify has-black-color has-text-color\">Attorney Dilek Yavuz Uysal practices law as a founding partner at Efes Law Firm in Kar\u015f\u0131yaka, Izmir. She views the practice of law not merely as a profession, but as a critical area of responsibility for the sustainability of social order; in line with this philosophy, she provides her clients with solution-oriented, meticulous, and strategic legal services.<\/p>\n\n\n\n<p>Attorney Dilek Yavuz Uysal, who specializes in rental disputes, Labor Law, and Family Law, stands out for her extensive experience in resolving disputes related to rental law. In disputes arising from leased properties, she provides effective advisory and representation services\u2014both in litigation and through alternative dispute resolution\u2014on matters such as determining rent amounts, eviction proceedings, drafting lease agreements, and resolving disputes. Through the training she has conducted and her practical work in this field, she possesses expert-level knowledge and expertise.<\/p>\n\n\n\n<p>Av. Dilek Yavuz Uysal,  2018 y\u0131l\u0131nda sicile kaydolarak uzla\u015ft\u0131rmac\u0131 olarak g\u00f6rev yapm\u0131\u015f olup, 2023 y\u0131l\u0131 itibar\u0131yla arabuluculuk faaliyetlerini y\u00fcr\u00fctmeye hak kazanm\u0131\u015ft\u0131r. Arabuluculuk faaliyetleri ile taraflar aras\u0131ndaki ihtilaflar\u0131n h\u0131zl\u0131, etkin ve s\u00fcrd\u00fcr\u00fclebilir \u015fekilde \u00e7\u00f6z\u00fcmlenmesine odaklanmaktad\u0131r. Arabuluculuk s\u00fcre\u00e7lerinde, taraflar\u0131n menfaat dengesini g\u00f6zeten, uyu\u015fmazl\u0131klar\u0131 yarg\u0131ya ta\u015f\u0131madan \u00e7\u00f6zmeyi hedefleyen ve kal\u0131c\u0131 sonu\u00e7lar \u00fcretmeye y\u00f6nelik bir yakla\u015f\u0131m benimsemektedir. Ticaret hukuku, in\u015faat hukuku, sigorta hukuku , i\u015f hukuku, t\u00fcketici hukuku alanlar\u0131nda uzman arabulucu belgesi bulunmakta olup;  aktif \u015fekilde g\u00f6rev almakta, pratik ve sonu\u00e7 odakl\u0131 \u00e7\u00f6z\u00fcmler \u00fcretmektedir.<\/p>\n\n\n\n<p>Attorney Dilek Yavuz Uysal, who has authored an academic study on \u201cMobbing\u201d in the field of Labor Law, provides effective legal counsel and representation to both individuals and companies in labor-management disputes. She continuously enhances her professional expertise through certifications in various legal disciplines and closely monitors current legislation and judicial decisions. Additionally, she has authored legal opinion pieces for Haber Ekspres, a local newspaper in Izmir.<\/p>\n\n\n\n<p class=\"has-text-align-justify has-black-color has-text-color\"><\/p>\n\n\n\n<hr class=\"wp-block-separator has-css-opacity\"\/>\n\n\n\n<h5 class=\"wp-block-heading\" id=\"adres\">ADDRESS<\/h5>\n\n\n\n<p class=\"has-black-color has-text-color\">Nergis Neighborhood, Girne Boulevard No: 83, Floor 2, Apartment 2, Kar\u015f\u0131yaka, \u0130zmir<\/p>\n\n\n\n<h5 class=\"wp-block-heading\" id=\"e-posta\">E-MAIL<\/h5>\n\n\n\n<p><a href=\"mailto:dilekyavuzuysal@efeshukuk.com\">dilekyavuzuysal@efeshukuk.com<\/a><\/p>\n\n\n\n<h5 class=\"wp-block-heading\" id=\"telefon\">PHONE<\/h5>\n\n\n\n<p class=\"has-black-color has-text-color\">+90 534 415 52 56<\/p>\n\n\n\n<div class=\"wp-block-media-text alignwide is-stacked-on-mobile\" style=\"grid-template-columns:30% auto\"><figure class=\"wp-block-media-text__media\"><img loading=\"lazy\" decoding=\"async\" width=\"720\" height=\"720\" src=\"https:\/\/www.efeshukuk.com\/wp-content\/uploads\/2021\/01\/Ephesus-Law-Firm-3.jpg\" alt=\"Logo\" class=\"wp-image-1057 size-full\" srcset=\"\" sizes=\"auto, (max-width: 720px) 100vw, 720px\" data-srcset=\"\" \/><\/figure><div class=\"wp-block-media-text__content\">\n<p class=\"has-black-color has-text-color translation-block\"><strong>Address:<\/strong> Nergis Neighborhood, Girne Boulevard No: 83, Floor 2, Apartment 2, Kar\u015f\u0131yaka, \u0130zmir<\/p>\n\n\n\n<p class=\"has-black-color has-text-color\"><strong>E-mail<\/strong>: <a href=\"mailto:info@efeshukuk.com\"><span class=\"has-inline-color has-vivid-cyan-blue-color\">info@efeshukuk.com<\/span><\/a><\/p>\n\n\n\n<p class=\"has-black-color has-text-color\"><strong>Phone<\/strong>: +90 534 415 52 56<\/p>\n\n\n\n<p><\/p>\n<\/div><\/div>\n\n\n\n<div style=\"width: 100%\">\n  <iframe loading=\"lazy\" width=\"100%\" height=\"600\" frameborder=\"0\" scrolling=\"no\" marginheight=\"0\" marginwidth=\"0\"\n    src=\"https:\/\/maps.google.com\/maps?width=100%25&amp;height=600&amp;hl=tr&amp;q=Nergis%20Mahallesi%20Girne%20Bulvar%C4%B1%20No%3A%2083%20K%3A2%20D%3A2%20Kar%C5%9F%C4%B1yaka%20%C4%B0zmir+(Efes%20Hukuk%20B%C3%BCrosu)&amp;t=&amp;z=16&amp;ie=UTF8&amp;iwloc=B&amp;output=embed\">\n  <\/iframe>\n<\/div>\n\n\n\n<style>\n    .efes-team-footer {\n        max-width: 1100px;\n        margin: 50px auto;\n        font-family: 'Segoe UI', Roboto, sans-serif;\n    }\n    .efes-team-title {\n        color: #1a2a44;\n        font-size: 1.6rem;\n        margin-bottom: 35px;\n        border-left: 5px solid #c5a059;\n        padding-left: 15px;\n        font-weight: 600;\n        letter-spacing: 0.5px;\n    }\n    .efes-team-row {\n        display: flex;\n        gap: 30px;\n        justify-content: center;\n        flex-wrap: wrap;\n    }\n    .efes-team-card {\n        flex: 1;\n        min-width: 300px;\n        max-width: 450px;\n        text-align: center;\n        background: #ffffff;\n        padding: 30px;\n        border-radius: 12px;\n        box-shadow: 0 5px 25px rgba(0,0,0,0.07);\n        transition: all 0.3s ease;\n        text-decoration: none !important;\n        border: 1px solid #f0f0f0;\n    }\n    .efes-team-card:hover {\n        transform: translateY(-8px);\n        box-shadow: 0 10px 30px rgba(0,0,0,0.12);\n    }\n    .efes-team-card img {\n        width: 200px;\n        height: 200px;\n        border-radius: 50%;\n        object-fit: cover;\n        margin-bottom: 25px;\n        border: 5px solid #ffffff;\n        background-color: #ffffff;\n        box-shadow: 0 4px 10px rgba(0,0,0,0.05);\n    }\n    .efes-team-card h4 {\n        color: #1a2a44;\n        font-size: 1.4rem;\n        margin-bottom: 12px;\n        font-weight: 600;\n    }\n    .efes-team-card p {\n        color: #222222; \n        font-size: 1rem;\n        margin: 0;\n        line-height: 1.5;\n    }\n    .efes-profile-link {\n        display: inline-block;\n        margin-top: 20px;\n        color: #c5a059;\n        font-weight: 700;\n        font-size: 1rem;\n        text-transform: uppercase;\n        letter-spacing: 1.2px;\n    }\n<\/style>\n\n<div class=\"efes-team-footer\">\n    <h2 class=\"efes-team-title\">Our Other Team Members<\/h2>\n    <div class=\"efes-team-row\">\n        <a href=\"https:\/\/efeshukuk.com\/en\/ekibimiz\/mustafa-yolcu\/\" class=\"efes-team-card\">\n            <img decoding=\"async\" src=\"https:\/\/efeshukuk.com\/wp-content\/uploads\/2021\/10\/10-1.png\" alt=\"Avukat Mustafa Yolcu - \u0130zmir Kar\u015f\u0131yaka Avukat KVKK Uzman\u0131\">\n            <h4>Mustafa Yolcu<\/h4>\n            <p>Lawyer, Mediator, CIPP\/E, ISO 27001 Lead Auditor<\/p>\n            <span class=\"efes-profile-link\">VIEW PROFILE \u2192<\/span>\n        <\/a>\n        <a href=\"https:\/\/efeshukuk.com\/en\/ekibimiz\/gamze-gul-girgec\/\" class=\"efes-team-card\">\n            <img decoding=\"async\" src=\"https:\/\/efeshukuk.com\/wp-content\/uploads\/2024\/08\/Ekibimiz-8.webp\" alt=\"Avukat Gamze G\u00fcl Girge\u00e7 - \u0130zmir Kar\u015f\u0131yaka Avukat Bilirki\u015fi\">\n            <h4>Gamze G\u00fcl Girge\u00e7<\/h4>\n            <p>Attorney, Mediator, Certified Expert<\/p>\n            <span class=\"efes-profile-link\">VIEW PROFILE \u2192<\/span>\n        <\/a>\n    <\/div>\n<\/div>","protected":false},"excerpt":{"rendered":"<p>Attorney, Mediator, Conciliator<\/p>","protected":false},"author":2,"featured_media":6671,"parent":7389,"menu_order":0,"comment_status":"closed","ping_status":"closed","template":"","meta":{"footnotes":""},"class_list":["post-84","page","type-page","status-publish","has-post-thumbnail","hentry"],"yoast_head":"<!-- This site is optimized with the Yoast SEO Premium plugin v27.0 (Yoast SEO v27.5) - https:\/\/yoast.com\/product\/yoast-seo-premium-wordpress\/ -->\n<title>Av. Dilek Yavuz Uysal - Efes Hukuk B\u00fcrosu B\u00fcrosu | Ekibimiz<\/title>\n<meta name=\"description\" content=\"Av. Dilek Yavuz Uysal&#039;\u0131n ba\u015fl\u0131ca uzmanl\u0131k alanlar\u0131 kira uyu\u015fmazl\u0131klar\u0131, \u0130\u015f Hukuku ve Aile Hukuku&#039;dur. S\u0131kl\u0131kla bu alanlarda \u00e7al\u0131\u015fmalar\u0131n\u0131 s\u00fcrd\u00fcrmektedir.\" \/>\n<meta name=\"robots\" content=\"index, nofollow, max-snippet:-1, max-image-preview:large, max-video-preview:-1\" \/>\n<link rel=\"canonical\" href=\"https:\/\/efeshukuk.com\/en\/ekibimiz\/dilek-yavuz-uysal\/\" \/>\n<meta property=\"og:locale\" content=\"en_US\" \/>\n<meta property=\"og:type\" content=\"article\" \/>\n<meta property=\"og:title\" content=\"Dilek Yavuz Uysal\" \/>\n<meta property=\"og:description\" content=\"Avukat, Arabulucu, Uzla\u015ft\u0131rmac\u0131\" \/>\n<meta property=\"og:url\" content=\"https:\/\/efeshukuk.com\/en\/ekibimiz\/dilek-yavuz-uysal\/\" \/>\n<meta property=\"og:site_name\" content=\"Efes Hukuk B\u00fcrosu\" \/>\n<meta property=\"article:publisher\" content=\"https:\/\/www.facebook.com\/efeshukukburosu\" \/>\n<meta property=\"article:modified_time\" content=\"2026-04-28T08:19:56+00:00\" \/>\n<meta property=\"og:image\" content=\"https:\/\/efeshukuk.com\/wp-content\/uploads\/2021\/10\/5-1.png\" \/>\n\t<meta property=\"og:image:width\" content=\"370\" \/>\n\t<meta property=\"og:image:height\" content=\"462\" \/>\n\t<meta property=\"og:image:type\" content=\"image\/png\" \/>\n<meta name=\"twitter:card\" content=\"summary_large_image\" \/>\n<meta name=\"twitter:label1\" content=\"Est. reading time\" \/>\n\t<meta name=\"twitter:data1\" content=\"3 minutes\" \/>\n<script type=\"application\/ld+json\" class=\"yoast-schema-graph\">{\"@context\":\"https:\\\/\\\/schema.org\",\"@graph\":[{\"@type\":\"WebPage\",\"@id\":\"https:\\\/\\\/efeshukuk.com\\\/ekibimiz\\\/dilek-yavuz-uysal\\\/\",\"url\":\"https:\\\/\\\/efeshukuk.com\\\/ekibimiz\\\/dilek-yavuz-uysal\\\/\",\"name\":\"Av. Dilek Yavuz Uysal - Efes Hukuk B\u00fcrosu B\u00fcrosu | Ekibimiz\",\"isPartOf\":{\"@id\":\"https:\\\/\\\/efeshukuk.com\\\/#website\"},\"primaryImageOfPage\":{\"@id\":\"https:\\\/\\\/efeshukuk.com\\\/ekibimiz\\\/dilek-yavuz-uysal\\\/#primaryimage\"},\"image\":{\"@id\":\"https:\\\/\\\/efeshukuk.com\\\/ekibimiz\\\/dilek-yavuz-uysal\\\/#primaryimage\"},\"thumbnailUrl\":\"https:\\\/\\\/efeshukuk.com\\\/wp-content\\\/uploads\\\/2021\\\/10\\\/5-1.png\",\"datePublished\":\"2018-07-16T07:19:36+00:00\",\"dateModified\":\"2026-04-28T08:19:56+00:00\",\"description\":\"Av. Dilek Yavuz Uysal'\u0131n ba\u015fl\u0131ca uzmanl\u0131k alanlar\u0131 kira uyu\u015fmazl\u0131klar\u0131, \u0130\u015f Hukuku ve Aile Hukuku'dur. S\u0131kl\u0131kla bu alanlarda \u00e7al\u0131\u015fmalar\u0131n\u0131 s\u00fcrd\u00fcrmektedir.\",\"breadcrumb\":{\"@id\":\"https:\\\/\\\/efeshukuk.com\\\/ekibimiz\\\/dilek-yavuz-uysal\\\/#breadcrumb\"},\"inLanguage\":\"en-US\",\"potentialAction\":[{\"@type\":\"ReadAction\",\"target\":[\"https:\\\/\\\/efeshukuk.com\\\/ekibimiz\\\/dilek-yavuz-uysal\\\/\"]}]},{\"@type\":\"ImageObject\",\"inLanguage\":\"en-US\",\"@id\":\"https:\\\/\\\/efeshukuk.com\\\/ekibimiz\\\/dilek-yavuz-uysal\\\/#primaryimage\",\"url\":\"https:\\\/\\\/efeshukuk.com\\\/wp-content\\\/uploads\\\/2021\\\/10\\\/5-1.png\",\"contentUrl\":\"https:\\\/\\\/efeshukuk.com\\\/wp-content\\\/uploads\\\/2021\\\/10\\\/5-1.png\",\"width\":370,\"height\":462},{\"@type\":\"BreadcrumbList\",\"@id\":\"https:\\\/\\\/efeshukuk.com\\\/ekibimiz\\\/dilek-yavuz-uysal\\\/#breadcrumb\",\"itemListElement\":[{\"@type\":\"ListItem\",\"position\":1,\"name\":\"Ana sayfa\",\"item\":\"https:\\\/\\\/efeshukuk.com\\\/\"},{\"@type\":\"ListItem\",\"position\":2,\"name\":\"Ekibimiz\",\"item\":\"https:\\\/\\\/efeshukuk.com\\\/ekibimiz\\\/\"},{\"@type\":\"ListItem\",\"position\":3,\"name\":\"Dilek Yavuz Uysal\"}]},{\"@type\":\"WebSite\",\"@id\":\"https:\\\/\\\/efeshukuk.com\\\/#website\",\"url\":\"https:\\\/\\\/efeshukuk.com\\\/\",\"name\":\"Efes Hukuk B\u00fcrosu\",\"description\":\"\u0130zmir&#039;deki Avukat\u0131n\u0131z\",\"publisher\":{\"@id\":\"https:\\\/\\\/efeshukuk.com\\\/#organization\"},\"potentialAction\":[{\"@type\":\"SearchAction\",\"target\":{\"@type\":\"EntryPoint\",\"urlTemplate\":\"https:\\\/\\\/efeshukuk.com\\\/?s={search_term_string}\"},\"query-input\":{\"@type\":\"PropertyValueSpecification\",\"valueRequired\":true,\"valueName\":\"search_term_string\"}}],\"inLanguage\":\"en-US\"},{\"@type\":[\"Organization\",\"Place\",\"LegalService\"],\"@id\":\"https:\\\/\\\/efeshukuk.com\\\/#organization\",\"name\":\"Efes Hukuk B\u00fcrosu\",\"url\":\"https:\\\/\\\/efeshukuk.com\\\/\",\"logo\":{\"@id\":\"https:\\\/\\\/efeshukuk.com\\\/ekibimiz\\\/dilek-yavuz-uysal\\\/#local-main-organization-logo\"},\"image\":{\"@id\":\"https:\\\/\\\/efeshukuk.com\\\/ekibimiz\\\/dilek-yavuz-uysal\\\/#local-main-organization-logo\"},\"sameAs\":[\"https:\\\/\\\/www.facebook.com\\\/efeshukukburosu\",\"https:\\\/\\\/www.instagram.com\\\/efeshukukburosu\\\/\",\"https:\\\/\\\/www.linkedin.com\\\/company\\\/efes-law\\\/\"],\"description\":\"Efes Hukuk B\u00fcrosu, farkl\u0131 hukuk alanlar\u0131nda uzmanla\u015fm\u0131\u015f avukat kadrosuyla bireysel ve kurumsal m\u00fcvekkillerine etkili ve \u00e7\u00f6z\u00fcm odakl\u0131 hukuki dan\u0131\u015fmanl\u0131k hizmeti sunmaktad\u0131r. Ticaret hukuku, t\u00fcketici hukuku, aile hukuku, icra ve iflas hukuku gibi bir\u00e7ok alanda derin bilgiye sahip avukatlar\u0131m\u0131zla; m\u00fcvekkillerimizin haklar\u0131n\u0131 en iyi \u015fekilde korumay\u0131 ama\u00e7l\u0131yoruz. D\u00fcnyadaki hukuki de\u011fi\u015fimleri yak\u0131ndan takip ediyor, her yeni sorunu titizlikle analiz ediyoruz. M\u00fcvekkillerimizle g\u00fcvene dayal\u0131, \u015feffaf ve yak\u0131n bir ileti\u015fim kurarak, do\u011fru kararlar almalar\u0131na destek oluyoruz. Akademik d\u00fczeyde \u00e7al\u0131\u015fan \u00e7\u00f6z\u00fcm ortaklar\u0131m\u0131z ve alan\u0131nda uzman avukatlar\u0131m\u0131zla; hukuka, meslek eti\u011fine ve Atat\u00fcrk ilke ve ink\u0131laplar\u0131na ba\u011fl\u0131 bir \u015fekilde \u00e7al\u0131\u015fmay\u0131 ilke ediniyoruz.\",\"legalName\":\"Efes Hukuk B\u00fcrosu\",\"numberOfEmployees\":{\"@type\":\"QuantitativeValue\",\"minValue\":\"1\",\"maxValue\":\"10\"},\"address\":{\"@id\":\"https:\\\/\\\/efeshukuk.com\\\/ekibimiz\\\/dilek-yavuz-uysal\\\/#local-main-place-address\"},\"geo\":{\"@type\":\"GeoCoordinates\",\"latitude\":\"38.467687\",\"longitude\":\"27.109998\"},\"telephone\":[\"+905344155256\"],\"contactPoint\":{\"@type\":\"ContactPoint\",\"telephone\":\"+905344155256\",\"email\":\"info@efeshukuk.com\"},\"openingHoursSpecification\":[{\"@type\":\"OpeningHoursSpecification\",\"dayOfWeek\":[\"Monday\",\"Tuesday\",\"Wednesday\",\"Thursday\",\"Friday\"],\"opens\":\"09:00\",\"closes\":\"18:00\"},{\"@type\":\"OpeningHoursSpecification\",\"dayOfWeek\":[\"Saturday\",\"Sunday\"],\"opens\":\"00:00\",\"closes\":\"00:00\"}],\"email\":\"info@efeshukuk.com\"},{\"@type\":\"PostalAddress\",\"@id\":\"https:\\\/\\\/efeshukuk.com\\\/ekibimiz\\\/dilek-yavuz-uysal\\\/#local-main-place-address\",\"streetAddress\":\"Nergiz Mahallesi Girne Blv No:83, Kat 2 D 2, 35600 Kar\u015f\u0131yaka\",\"addressLocality\":\"\u0130zmir\",\"postalCode\":\"35600\",\"addressCountry\":\"TR\"},{\"@type\":\"ImageObject\",\"inLanguage\":\"en-US\",\"@id\":\"https:\\\/\\\/efeshukuk.com\\\/ekibimiz\\\/dilek-yavuz-uysal\\\/#local-main-organization-logo\",\"url\":\"https:\\\/\\\/efeshukuk.com\\\/wp-content\\\/uploads\\\/2020\\\/11\\\/5.png\",\"contentUrl\":\"https:\\\/\\\/efeshukuk.com\\\/wp-content\\\/uploads\\\/2020\\\/11\\\/5.png\",\"width\":500,\"height\":500,\"caption\":\"Efes Hukuk B\u00fcrosu\"}]}<\/script>\n<meta name=\"geo.placename\" content=\"\u0130zmir\" \/>\n<meta name=\"geo.position\" content=\"38.467687;27.109998\" \/>\n<meta name=\"geo.region\" content=\"Turkey\" \/>\n<!-- \/ Yoast SEO Premium plugin. -->","yoast_head_json":{"title":"Av. Dilek Yavuz Uysal - Efes Hukuk B\u00fcrosu B\u00fcrosu | Ekibimiz","description":"Av. Dilek Yavuz Uysal'\u0131n ba\u015fl\u0131ca uzmanl\u0131k alanlar\u0131 kira uyu\u015fmazl\u0131klar\u0131, \u0130\u015f Hukuku ve Aile Hukuku'dur. S\u0131kl\u0131kla bu alanlarda \u00e7al\u0131\u015fmalar\u0131n\u0131 s\u00fcrd\u00fcrmektedir.","robots":{"index":"index","follow":"nofollow","max-snippet":"max-snippet:-1","max-image-preview":"max-image-preview:large","max-video-preview":"max-video-preview:-1"},"canonical":"https:\/\/efeshukuk.com\/en\/ekibimiz\/dilek-yavuz-uysal\/","og_locale":"en_US","og_type":"article","og_title":"Dilek Yavuz Uysal","og_description":"Avukat, Arabulucu, Uzla\u015ft\u0131rmac\u0131","og_url":"https:\/\/efeshukuk.com\/en\/ekibimiz\/dilek-yavuz-uysal\/","og_site_name":"Efes Hukuk B\u00fcrosu","article_publisher":"https:\/\/www.facebook.com\/efeshukukburosu","article_modified_time":"2026-04-28T08:19:56+00:00","og_image":[{"width":370,"height":462,"url":"https:\/\/efeshukuk.com\/wp-content\/uploads\/2021\/10\/5-1.png","type":"image\/png"}],"twitter_card":"summary_large_image","twitter_misc":{"Est. reading time":"3 minutes"},"schema":{"@context":"https:\/\/schema.org","@graph":[{"@type":"WebPage","@id":"https:\/\/efeshukuk.com\/ekibimiz\/dilek-yavuz-uysal\/","url":"https:\/\/efeshukuk.com\/ekibimiz\/dilek-yavuz-uysal\/","name":"Av. Dilek Yavuz Uysal - Efes Hukuk B\u00fcrosu B\u00fcrosu | Ekibimiz","isPartOf":{"@id":"https:\/\/efeshukuk.com\/#website"},"primaryImageOfPage":{"@id":"https:\/\/efeshukuk.com\/ekibimiz\/dilek-yavuz-uysal\/#primaryimage"},"image":{"@id":"https:\/\/efeshukuk.com\/ekibimiz\/dilek-yavuz-uysal\/#primaryimage"},"thumbnailUrl":"https:\/\/efeshukuk.com\/wp-content\/uploads\/2021\/10\/5-1.png","datePublished":"2018-07-16T07:19:36+00:00","dateModified":"2026-04-28T08:19:56+00:00","description":"Av. Dilek Yavuz Uysal'\u0131n ba\u015fl\u0131ca uzmanl\u0131k alanlar\u0131 kira uyu\u015fmazl\u0131klar\u0131, \u0130\u015f Hukuku ve Aile Hukuku'dur. S\u0131kl\u0131kla bu alanlarda \u00e7al\u0131\u015fmalar\u0131n\u0131 s\u00fcrd\u00fcrmektedir.","breadcrumb":{"@id":"https:\/\/efeshukuk.com\/ekibimiz\/dilek-yavuz-uysal\/#breadcrumb"},"inLanguage":"en-US","potentialAction":[{"@type":"ReadAction","target":["https:\/\/efeshukuk.com\/ekibimiz\/dilek-yavuz-uysal\/"]}]},{"@type":"ImageObject","inLanguage":"en-US","@id":"https:\/\/efeshukuk.com\/ekibimiz\/dilek-yavuz-uysal\/#primaryimage","url":"https:\/\/efeshukuk.com\/wp-content\/uploads\/2021\/10\/5-1.png","contentUrl":"https:\/\/efeshukuk.com\/wp-content\/uploads\/2021\/10\/5-1.png","width":370,"height":462},{"@type":"BreadcrumbList","@id":"https:\/\/efeshukuk.com\/ekibimiz\/dilek-yavuz-uysal\/#breadcrumb","itemListElement":[{"@type":"ListItem","position":1,"name":"Ana sayfa","item":"https:\/\/efeshukuk.com\/"},{"@type":"ListItem","position":2,"name":"Ekibimiz","item":"https:\/\/efeshukuk.com\/ekibimiz\/"},{"@type":"ListItem","position":3,"name":"Dilek Yavuz Uysal"}]},{"@type":"WebSite","@id":"https:\/\/efeshukuk.com\/#website","url":"https:\/\/efeshukuk.com\/","name":"Ephesus Law Firm","description":"Your Lawyer in Izmir","publisher":{"@id":"https:\/\/efeshukuk.com\/#organization"},"potentialAction":[{"@type":"SearchAction","target":{"@type":"EntryPoint","urlTemplate":"https:\/\/efeshukuk.com\/?s={search_term_string}"},"query-input":{"@type":"PropertyValueSpecification","valueRequired":true,"valueName":"search_term_string"}}],"inLanguage":"en-US"},{"@type":["Organization","Place","LegalService"],"@id":"https:\/\/efeshukuk.com\/#organization","name":"Ephesus Law Firm","url":"https:\/\/efeshukuk.com\/","logo":{"@id":"https:\/\/efeshukuk.com\/ekibimiz\/dilek-yavuz-uysal\/#local-main-organization-logo"},"image":{"@id":"https:\/\/efeshukuk.com\/ekibimiz\/dilek-yavuz-uysal\/#local-main-organization-logo"},"sameAs":["https:\/\/www.facebook.com\/efeshukukburosu","https:\/\/www.instagram.com\/efeshukukburosu\/","https:\/\/www.linkedin.com\/company\/efes-law\/"],"description":"Efes Law Firm provides effective and solution-oriented legal consultancy services to individual and corporate clients with its team of lawyers specializing in various legal fields. With lawyers possessing in-depth knowledge in numerous areas such as commercial law, consumer law, family law, and enforcement and bankruptcy law, we aim to best protect our clients&#039; rights. We closely follow legal developments worldwide and meticulously analyze every new issue. We support our clients in making informed decisions by establishing trust-based, transparent, and close communication with them. With our academically qualified partners and expert lawyers, we are committed to working in accordance with the law, professional ethics, and the principles and reforms of Atat\u00fcrk.","legalName":"Efes Hukuk B\u00fcrosu","numberOfEmployees":{"@type":"QuantitativeValue","minValue":"1","maxValue":"10"},"address":{"@id":"https:\/\/efeshukuk.com\/ekibimiz\/dilek-yavuz-uysal\/#local-main-place-address"},"geo":{"@type":"GeoCoordinates","latitude":"38.467687","longitude":"27.109998"},"telephone":["+905344155256"],"contactPoint":{"@type":"ContactPoint","telephone":"+905344155256","email":"info@efeshukuk.com"},"openingHoursSpecification":[{"@type":"OpeningHoursSpecification","dayOfWeek":["Monday","Tuesday","Wednesday","Thursday","Friday"],"opens":"09:00","closes":"18:00"},{"@type":"OpeningHoursSpecification","dayOfWeek":["Saturday","Sunday"],"opens":"00:00","closes":"00:00"}],"email":"info@efeshukuk.com"},{"@type":"PostalAddress","@id":"https:\/\/efeshukuk.com\/ekibimiz\/dilek-yavuz-uysal\/#local-main-place-address","streetAddress":"Nergiz Mahallesi Girne Blv No:83, Kat 2 D 2, 35600 Kar\u015f\u0131yaka","addressLocality":"\u0130zmir","postalCode":"35600","addressCountry":"TR"},{"@type":"ImageObject","inLanguage":"en-US","@id":"https:\/\/efeshukuk.com\/ekibimiz\/dilek-yavuz-uysal\/#local-main-organization-logo","url":"https:\/\/efeshukuk.com\/wp-content\/uploads\/2020\/11\/5.png","contentUrl":"https:\/\/efeshukuk.com\/wp-content\/uploads\/2020\/11\/5.png","width":500,"height":500,"caption":"Efes Hukuk B\u00fcrosu"}]},"geo.placename":"\u0130zmir","geo.position":{"lat":"38.467687","long":"27.109998"},"geo.region":"Turkey"},"_links":{"self":[{"href":"https:\/\/efeshukuk.com\/en\/wp-json\/wp\/v2\/pages\/84","targetHints":{"allow":["GET"]}}],"collection":[{"href":"https:\/\/efeshukuk.com\/en\/wp-json\/wp\/v2\/pages"}],"about":[{"href":"https:\/\/efeshukuk.com\/en\/wp-json\/wp\/v2\/types\/page"}],"author":[{"embeddable":true,"href":"https:\/\/efeshukuk.com\/en\/wp-json\/wp\/v2\/users\/2"}],"replies":[{"embeddable":true,"href":"https:\/\/efeshukuk.com\/en\/wp-json\/wp\/v2\/comments?post=84"}],"version-history":[{"count":1,"href":"https:\/\/efeshukuk.com\/en\/wp-json\/wp\/v2\/pages\/84\/revisions"}],"predecessor-version":[{"id":9892,"href":"https:\/\/efeshukuk.com\/en\/wp-json\/wp\/v2\/pages\/84\/revisions\/9892"}],"up":[{"embeddable":true,"href":"https:\/\/efeshukuk.com\/en\/wp-json\/wp\/v2\/pages\/7389"}],"wp:featuredmedia":[{"embeddable":true,"href":"https:\/\/efeshukuk.com\/en\/wp-json\/wp\/v2\/media\/6671"}],"wp:attachment":[{"href":"https:\/\/efeshukuk.com\/en\/wp-json\/wp\/v2\/media?parent=84"}],"curies":[{"name":"wp","href":"https:\/\/api.w.org\/{rel}","templated":true}]}}