{"id":8274,"date":"2022-08-04T14:43:15","date_gmt":"2022-08-04T11:43:15","guid":{"rendered":"https:\/\/www.efeshukuk.com\/?page_id=8274"},"modified":"2026-03-18T11:46:42","modified_gmt":"2026-03-18T08:46:42","slug":"nermin-seyda-toprak","status":"publish","type":"page","link":"https:\/\/efeshukuk.com\/en\/ekibimiz\/nermin-seyda-toprak\/","title":{"rendered":"Nermin \u015eeyda Toprak"},"content":{"rendered":"<h2 class=\"wp-block-heading\" id=\"h-av-nermin-seyda-toprak\">Nermin \u015eeyda Toprak<\/h2>\n\n\n\n<hr class=\"wp-block-separator has-css-opacity\"\/>\n\n\n\n<p class=\"has-text-align-justify\">Avukat Nermin \u015eeyda Toprak, Antalya\u2019n\u0131n Manavgat il\u00e7esinde hukuk\u00e7u bir ailenin k\u0131z\u0131 olarak d\u00fcnyaya geldi. \u0130lk ve orta \u00f6\u011frenimini, \u00fclkenin pek \u00e7ok farkl\u0131 ilinde tamamlad\u0131. Akabinde \u0130stanbul Prof. Dr. M\u00fcmtaz Turhan Sosyal Bilimler Lisesi\u2019nde yat\u0131l\u0131 olarak, \u0130ngilizce ve Frans\u0131zca e\u011fitiminin yan\u0131nda sosyal bilimler alan\u0131nda se\u00e7kin bir e\u011fitim alma imkan\u0131 yakalad\u0131. Hukuk fak\u00fcltesi tercihini Sel\u00e7uk \u00dcniversitesi Hukuk Fak\u00fcltesi\u2019nden yana kullanarak Konya\u2019ya yerle\u015fti. Aktif bir e\u011fitim d\u00f6nemi ge\u00e7irerek Sel\u00e7uk \u00dcniversitesi Hukuk ve Kariyer Toplulu\u011fu ve ard\u0131ndan mesleki bir sivil toplum \u00f6rg\u00fct\u00fc olan \u0130konion Hukuk ve Kariyer Derne\u011fi\u2019nin kurucular\u0131ndan olma g\u00f6revini \u00fcstlendi. Halen derne\u011fin y\u00f6netim kurulu ba\u015fkan yard\u0131mc\u0131l\u0131\u011f\u0131 g\u00f6revini s\u00fcrd\u00fcrmektedir.<\/p>\n\n\n\n<h3 class=\"wp-block-heading\" id=\"h-adres\">Address<\/h3>\n\n\n\n<p>Akabe Mahallesi, Akg\u00f6l Sokak, Palab\u0131y\u0131klar Plaza, No:24\/A, Daire: 501, Karatay\/Konya<\/p>\n\n\n\n<h3 class=\"wp-block-heading\" id=\"h-e-posta\">E-Mail<\/h3>\n\n\n\n<p><a href=\"mailto:nerminseydatoprak@gmail.com\">nerminseydatoprak@gmail.com<\/a><\/p>\n\n\n\n<h3 class=\"wp-block-heading\" id=\"h-telefon\">Phone<\/h3>\n\n\n\n<p>+90 505 506 05 20<\/p>\n\n\n\n<h3 class=\"wp-block-heading\" id=\"h-internet-sitesi\">Web Site<\/h3>\n\n\n\n<p><a href=\"https:\/\/www.yolhukukburosu.com\">https:\/\/www.yolhukukburosu.com<\/a><\/p>","protected":false},"excerpt":{"rendered":"<p>Konya Barosu | Avukat<\/p>","protected":false},"author":1,"featured_media":8273,"parent":7389,"menu_order":0,"comment_status":"closed","ping_status":"closed","template":"","meta":{"footnotes":""},"class_list":["post-8274","page","type-page","status-publish","has-post-thumbnail","hentry"],"yoast_head":"<!-- This site is optimized with the Yoast SEO Premium plugin v27.0 (Yoast SEO v27.3) - https:\/\/yoast.com\/product\/yoast-seo-premium-wordpress\/ -->\n<title>Nermin \u015eeyda Toprak - Efes Hukuk B\u00fcrosu<\/title>\n<meta name=\"description\" content=\"Av. Nermin \u015eeyda Topral, Konya Barosuna ba\u011fl\u0131 olarak \u00e7al\u0131\u015fmaktad\u0131r. Efes Hukuk B\u00fcrosu&#039;nun \u00e7\u00f6z\u00fcm ortaklar\u0131 aras\u0131nda yer almaktad\u0131r.\" \/>\n<meta name=\"robots\" content=\"index, follow, max-snippet:-1, max-image-preview:large, max-video-preview:-1\" \/>\n<link rel=\"canonical\" href=\"https:\/\/efeshukuk.com\/en\/ekibimiz\/nermin-seyda-toprak\/\" \/>\n<meta property=\"og:locale\" content=\"en_US\" \/>\n<meta property=\"og:type\" content=\"article\" \/>\n<meta property=\"og:title\" content=\"Nermin \u015eeyda Toprak\" \/>\n<meta property=\"og:description\" content=\"Konya Barosu | Avukat\" \/>\n<meta property=\"og:url\" content=\"https:\/\/efeshukuk.com\/en\/ekibimiz\/nermin-seyda-toprak\/\" \/>\n<meta property=\"og:site_name\" content=\"Efes Hukuk B\u00fcrosu\" \/>\n<meta property=\"article:publisher\" content=\"https:\/\/www.facebook.com\/efeshukukburosu\" \/>\n<meta property=\"article:modified_time\" content=\"2026-03-18T08:46:42+00:00\" \/>\n<meta property=\"og:image\" content=\"https:\/\/efeshukuk.com\/wp-content\/uploads\/2022\/08\/Ekibimiz-Kopyasi-14.png\" \/>\n\t<meta property=\"og:image:width\" content=\"370\" \/>\n\t<meta property=\"og:image:height\" content=\"462\" \/>\n\t<meta property=\"og:image:type\" content=\"image\/png\" \/>\n<meta name=\"twitter:card\" content=\"summary_large_image\" \/>\n<meta name=\"twitter:label1\" content=\"Est. reading time\" \/>\n\t<meta name=\"twitter:data1\" content=\"1 minute\" \/>\n<script type=\"application\/ld+json\" class=\"yoast-schema-graph\">{\"@context\":\"https:\\\/\\\/schema.org\",\"@graph\":[{\"@type\":\"WebPage\",\"@id\":\"https:\\\/\\\/efeshukuk.com\\\/ekibimiz\\\/nermin-seyda-toprak\\\/\",\"url\":\"https:\\\/\\\/efeshukuk.com\\\/ekibimiz\\\/nermin-seyda-toprak\\\/\",\"name\":\"Nermin \u015eeyda Toprak - Efes Hukuk B\u00fcrosu\",\"isPartOf\":{\"@id\":\"https:\\\/\\\/efeshukuk.com\\\/#website\"},\"primaryImageOfPage\":{\"@id\":\"https:\\\/\\\/efeshukuk.com\\\/ekibimiz\\\/nermin-seyda-toprak\\\/#primaryimage\"},\"image\":{\"@id\":\"https:\\\/\\\/efeshukuk.com\\\/ekibimiz\\\/nermin-seyda-toprak\\\/#primaryimage\"},\"thumbnailUrl\":\"https:\\\/\\\/efeshukuk.com\\\/wp-content\\\/uploads\\\/2022\\\/08\\\/Ekibimiz-Kopyasi-14.png\",\"datePublished\":\"2022-08-04T11:43:15+00:00\",\"dateModified\":\"2026-03-18T08:46:42+00:00\",\"description\":\"Av. Nermin \u015eeyda Topral, Konya Barosuna ba\u011fl\u0131 olarak \u00e7al\u0131\u015fmaktad\u0131r. Efes Hukuk B\u00fcrosu'nun \u00e7\u00f6z\u00fcm ortaklar\u0131 aras\u0131nda yer almaktad\u0131r.\",\"breadcrumb\":{\"@id\":\"https:\\\/\\\/efeshukuk.com\\\/ekibimiz\\\/nermin-seyda-toprak\\\/#breadcrumb\"},\"inLanguage\":\"en-US\",\"potentialAction\":[{\"@type\":\"ReadAction\",\"target\":[\"https:\\\/\\\/efeshukuk.com\\\/ekibimiz\\\/nermin-seyda-toprak\\\/\"]}]},{\"@type\":\"ImageObject\",\"inLanguage\":\"en-US\",\"@id\":\"https:\\\/\\\/efeshukuk.com\\\/ekibimiz\\\/nermin-seyda-toprak\\\/#primaryimage\",\"url\":\"https:\\\/\\\/efeshukuk.com\\\/wp-content\\\/uploads\\\/2022\\\/08\\\/Ekibimiz-Kopyasi-14.png\",\"contentUrl\":\"https:\\\/\\\/efeshukuk.com\\\/wp-content\\\/uploads\\\/2022\\\/08\\\/Ekibimiz-Kopyasi-14.png\",\"width\":370,\"height\":462},{\"@type\":\"BreadcrumbList\",\"@id\":\"https:\\\/\\\/efeshukuk.com\\\/ekibimiz\\\/nermin-seyda-toprak\\\/#breadcrumb\",\"itemListElement\":[{\"@type\":\"ListItem\",\"position\":1,\"name\":\"Ana sayfa\",\"item\":\"https:\\\/\\\/efeshukuk.com\\\/\"},{\"@type\":\"ListItem\",\"position\":2,\"name\":\"Ekibimiz\",\"item\":\"https:\\\/\\\/efeshukuk.com\\\/ekibimiz\\\/\"},{\"@type\":\"ListItem\",\"position\":3,\"name\":\"Nermin \u015eeyda Toprak\"}]},{\"@type\":\"WebSite\",\"@id\":\"https:\\\/\\\/efeshukuk.com\\\/#website\",\"url\":\"https:\\\/\\\/efeshukuk.com\\\/\",\"name\":\"Efes Hukuk B\u00fcrosu\",\"description\":\"\u0130zmir&#039;deki Avukat\u0131n\u0131z\",\"publisher\":{\"@id\":\"https:\\\/\\\/efeshukuk.com\\\/#organization\"},\"potentialAction\":[{\"@type\":\"SearchAction\",\"target\":{\"@type\":\"EntryPoint\",\"urlTemplate\":\"https:\\\/\\\/efeshukuk.com\\\/?s={search_term_string}\"},\"query-input\":{\"@type\":\"PropertyValueSpecification\",\"valueRequired\":true,\"valueName\":\"search_term_string\"}}],\"inLanguage\":\"en-US\"},{\"@type\":[\"Organization\",\"Place\",\"LegalService\"],\"@id\":\"https:\\\/\\\/efeshukuk.com\\\/#organization\",\"name\":\"Efes Hukuk B\u00fcrosu\",\"url\":\"https:\\\/\\\/efeshukuk.com\\\/\",\"logo\":{\"@id\":\"https:\\\/\\\/efeshukuk.com\\\/ekibimiz\\\/nermin-seyda-toprak\\\/#local-main-organization-logo\"},\"image\":{\"@id\":\"https:\\\/\\\/efeshukuk.com\\\/ekibimiz\\\/nermin-seyda-toprak\\\/#local-main-organization-logo\"},\"sameAs\":[\"https:\\\/\\\/www.facebook.com\\\/efeshukukburosu\",\"https:\\\/\\\/www.instagram.com\\\/efeshukukburosu\\\/\",\"https:\\\/\\\/www.linkedin.com\\\/company\\\/efes-law\\\/\"],\"description\":\"Efes Hukuk B\u00fcrosu, farkl\u0131 hukuk alanlar\u0131nda uzmanla\u015fm\u0131\u015f avukat kadrosuyla bireysel ve kurumsal m\u00fcvekkillerine etkili ve \u00e7\u00f6z\u00fcm odakl\u0131 hukuki dan\u0131\u015fmanl\u0131k hizmeti sunmaktad\u0131r. Ticaret hukuku, t\u00fcketici hukuku, aile hukuku, icra ve iflas hukuku gibi bir\u00e7ok alanda derin bilgiye sahip avukatlar\u0131m\u0131zla; m\u00fcvekkillerimizin haklar\u0131n\u0131 en iyi \u015fekilde korumay\u0131 ama\u00e7l\u0131yoruz. D\u00fcnyadaki hukuki de\u011fi\u015fimleri yak\u0131ndan takip ediyor, her yeni sorunu titizlikle analiz ediyoruz. M\u00fcvekkillerimizle g\u00fcvene dayal\u0131, \u015feffaf ve yak\u0131n bir ileti\u015fim kurarak, do\u011fru kararlar almalar\u0131na destek oluyoruz. Akademik d\u00fczeyde \u00e7al\u0131\u015fan \u00e7\u00f6z\u00fcm ortaklar\u0131m\u0131z ve alan\u0131nda uzman avukatlar\u0131m\u0131zla; hukuka, meslek eti\u011fine ve Atat\u00fcrk ilke ve ink\u0131laplar\u0131na ba\u011fl\u0131 bir \u015fekilde \u00e7al\u0131\u015fmay\u0131 ilke ediniyoruz.\",\"legalName\":\"Efes Hukuk B\u00fcrosu\",\"numberOfEmployees\":{\"@type\":\"QuantitativeValue\",\"minValue\":\"1\",\"maxValue\":\"10\"},\"address\":{\"@id\":\"https:\\\/\\\/efeshukuk.com\\\/ekibimiz\\\/nermin-seyda-toprak\\\/#local-main-place-address\"},\"geo\":{\"@type\":\"GeoCoordinates\",\"latitude\":\"38.467687\",\"longitude\":\"27.109998\"},\"telephone\":[\"+905344155256\"],\"contactPoint\":{\"@type\":\"ContactPoint\",\"telephone\":\"+905344155256\",\"email\":\"info@efeshukuk.com\"},\"openingHoursSpecification\":[{\"@type\":\"OpeningHoursSpecification\",\"dayOfWeek\":[\"Monday\",\"Tuesday\",\"Wednesday\",\"Thursday\",\"Friday\"],\"opens\":\"09:00\",\"closes\":\"18:00\"},{\"@type\":\"OpeningHoursSpecification\",\"dayOfWeek\":[\"Saturday\",\"Sunday\"],\"opens\":\"00:00\",\"closes\":\"00:00\"}],\"email\":\"info@efeshukuk.com\"},{\"@type\":\"PostalAddress\",\"@id\":\"https:\\\/\\\/efeshukuk.com\\\/ekibimiz\\\/nermin-seyda-toprak\\\/#local-main-place-address\",\"streetAddress\":\"Nergiz Mahallesi Girne Blv No:83, Kat 2 D 2, 35600 Kar\u015f\u0131yaka\",\"addressLocality\":\"\u0130zmir\",\"postalCode\":\"35600\",\"addressCountry\":\"TR\"},{\"@type\":\"ImageObject\",\"inLanguage\":\"en-US\",\"@id\":\"https:\\\/\\\/efeshukuk.com\\\/ekibimiz\\\/nermin-seyda-toprak\\\/#local-main-organization-logo\",\"url\":\"https:\\\/\\\/efeshukuk.com\\\/wp-content\\\/uploads\\\/2020\\\/11\\\/5.png\",\"contentUrl\":\"https:\\\/\\\/efeshukuk.com\\\/wp-content\\\/uploads\\\/2020\\\/11\\\/5.png\",\"width\":500,\"height\":500,\"caption\":\"Efes Hukuk B\u00fcrosu\"}]}<\/script>\n<meta name=\"geo.placename\" content=\"\u0130zmir\" \/>\n<meta name=\"geo.position\" content=\"38.467687;27.109998\" \/>\n<meta name=\"geo.region\" content=\"Turkey\" \/>\n<!-- \/ Yoast SEO Premium plugin. -->","yoast_head_json":{"title":"Nermin \u015eeyda Toprak - Efes Hukuk B\u00fcrosu","description":"Av. Nermin \u015eeyda Topral, Konya Barosuna ba\u011fl\u0131 olarak \u00e7al\u0131\u015fmaktad\u0131r. Efes Hukuk B\u00fcrosu'nun \u00e7\u00f6z\u00fcm ortaklar\u0131 aras\u0131nda yer almaktad\u0131r.","robots":{"index":"index","follow":"follow","max-snippet":"max-snippet:-1","max-image-preview":"max-image-preview:large","max-video-preview":"max-video-preview:-1"},"canonical":"https:\/\/efeshukuk.com\/en\/ekibimiz\/nermin-seyda-toprak\/","og_locale":"en_US","og_type":"article","og_title":"Nermin \u015eeyda Toprak","og_description":"Konya Barosu | Avukat","og_url":"https:\/\/efeshukuk.com\/en\/ekibimiz\/nermin-seyda-toprak\/","og_site_name":"Efes Hukuk B\u00fcrosu","article_publisher":"https:\/\/www.facebook.com\/efeshukukburosu","article_modified_time":"2026-03-18T08:46:42+00:00","og_image":[{"width":370,"height":462,"url":"https:\/\/efeshukuk.com\/wp-content\/uploads\/2022\/08\/Ekibimiz-Kopyasi-14.png","type":"image\/png"}],"twitter_card":"summary_large_image","twitter_misc":{"Est. reading time":"1 minute"},"schema":{"@context":"https:\/\/schema.org","@graph":[{"@type":"WebPage","@id":"https:\/\/efeshukuk.com\/ekibimiz\/nermin-seyda-toprak\/","url":"https:\/\/efeshukuk.com\/ekibimiz\/nermin-seyda-toprak\/","name":"Nermin \u015eeyda Toprak - Efes Hukuk B\u00fcrosu","isPartOf":{"@id":"https:\/\/efeshukuk.com\/#website"},"primaryImageOfPage":{"@id":"https:\/\/efeshukuk.com\/ekibimiz\/nermin-seyda-toprak\/#primaryimage"},"image":{"@id":"https:\/\/efeshukuk.com\/ekibimiz\/nermin-seyda-toprak\/#primaryimage"},"thumbnailUrl":"https:\/\/efeshukuk.com\/wp-content\/uploads\/2022\/08\/Ekibimiz-Kopyasi-14.png","datePublished":"2022-08-04T11:43:15+00:00","dateModified":"2026-03-18T08:46:42+00:00","description":"Av. Nermin \u015eeyda Topral, Konya Barosuna ba\u011fl\u0131 olarak \u00e7al\u0131\u015fmaktad\u0131r. Efes Hukuk B\u00fcrosu'nun \u00e7\u00f6z\u00fcm ortaklar\u0131 aras\u0131nda yer almaktad\u0131r.","breadcrumb":{"@id":"https:\/\/efeshukuk.com\/ekibimiz\/nermin-seyda-toprak\/#breadcrumb"},"inLanguage":"en-US","potentialAction":[{"@type":"ReadAction","target":["https:\/\/efeshukuk.com\/ekibimiz\/nermin-seyda-toprak\/"]}]},{"@type":"ImageObject","inLanguage":"en-US","@id":"https:\/\/efeshukuk.com\/ekibimiz\/nermin-seyda-toprak\/#primaryimage","url":"https:\/\/efeshukuk.com\/wp-content\/uploads\/2022\/08\/Ekibimiz-Kopyasi-14.png","contentUrl":"https:\/\/efeshukuk.com\/wp-content\/uploads\/2022\/08\/Ekibimiz-Kopyasi-14.png","width":370,"height":462},{"@type":"BreadcrumbList","@id":"https:\/\/efeshukuk.com\/ekibimiz\/nermin-seyda-toprak\/#breadcrumb","itemListElement":[{"@type":"ListItem","position":1,"name":"Ana sayfa","item":"https:\/\/efeshukuk.com\/"},{"@type":"ListItem","position":2,"name":"Ekibimiz","item":"https:\/\/efeshukuk.com\/ekibimiz\/"},{"@type":"ListItem","position":3,"name":"Nermin \u015eeyda Toprak"}]},{"@type":"WebSite","@id":"https:\/\/efeshukuk.com\/#website","url":"https:\/\/efeshukuk.com\/","name":"Ephesus Law Firm","description":"Your Lawyer in Izmir","publisher":{"@id":"https:\/\/efeshukuk.com\/#organization"},"potentialAction":[{"@type":"SearchAction","target":{"@type":"EntryPoint","urlTemplate":"https:\/\/efeshukuk.com\/?s={search_term_string}"},"query-input":{"@type":"PropertyValueSpecification","valueRequired":true,"valueName":"search_term_string"}}],"inLanguage":"en-US"},{"@type":["Organization","Place","LegalService"],"@id":"https:\/\/efeshukuk.com\/#organization","name":"Ephesus Law Firm","url":"https:\/\/efeshukuk.com\/","logo":{"@id":"https:\/\/efeshukuk.com\/ekibimiz\/nermin-seyda-toprak\/#local-main-organization-logo"},"image":{"@id":"https:\/\/efeshukuk.com\/ekibimiz\/nermin-seyda-toprak\/#local-main-organization-logo"},"sameAs":["https:\/\/www.facebook.com\/efeshukukburosu","https:\/\/www.instagram.com\/efeshukukburosu\/","https:\/\/www.linkedin.com\/company\/efes-law\/"],"description":"Efes Hukuk B\u00fcrosu, farkl\u0131 hukuk alanlar\u0131nda uzmanla\u015fm\u0131\u015f avukat kadrosuyla bireysel ve kurumsal m\u00fcvekkillerine etkili ve \u00e7\u00f6z\u00fcm odakl\u0131 hukuki dan\u0131\u015fmanl\u0131k hizmeti sunmaktad\u0131r. Ticaret hukuku, t\u00fcketici hukuku, aile hukuku, icra ve iflas hukuku gibi bir\u00e7ok alanda derin bilgiye sahip avukatlar\u0131m\u0131zla; m\u00fcvekkillerimizin haklar\u0131n\u0131 en iyi \u015fekilde korumay\u0131 ama\u00e7l\u0131yoruz. D\u00fcnyadaki hukuki de\u011fi\u015fimleri yak\u0131ndan takip ediyor, her yeni sorunu titizlikle analiz ediyoruz. M\u00fcvekkillerimizle g\u00fcvene dayal\u0131, \u015feffaf ve yak\u0131n bir ileti\u015fim kurarak, do\u011fru kararlar almalar\u0131na destek oluyoruz. Akademik d\u00fczeyde \u00e7al\u0131\u015fan \u00e7\u00f6z\u00fcm ortaklar\u0131m\u0131z ve alan\u0131nda uzman avukatlar\u0131m\u0131zla; hukuka, meslek eti\u011fine ve Atat\u00fcrk ilke ve ink\u0131laplar\u0131na ba\u011fl\u0131 bir \u015fekilde \u00e7al\u0131\u015fmay\u0131 ilke ediniyoruz.","legalName":"Efes Hukuk B\u00fcrosu","numberOfEmployees":{"@type":"QuantitativeValue","minValue":"1","maxValue":"10"},"address":{"@id":"https:\/\/efeshukuk.com\/ekibimiz\/nermin-seyda-toprak\/#local-main-place-address"},"geo":{"@type":"GeoCoordinates","latitude":"38.467687","longitude":"27.109998"},"telephone":["+905344155256"],"contactPoint":{"@type":"ContactPoint","telephone":"+905344155256","email":"info@efeshukuk.com"},"openingHoursSpecification":[{"@type":"OpeningHoursSpecification","dayOfWeek":["Monday","Tuesday","Wednesday","Thursday","Friday"],"opens":"09:00","closes":"18:00"},{"@type":"OpeningHoursSpecification","dayOfWeek":["Saturday","Sunday"],"opens":"00:00","closes":"00:00"}],"email":"info@efeshukuk.com"},{"@type":"PostalAddress","@id":"https:\/\/efeshukuk.com\/ekibimiz\/nermin-seyda-toprak\/#local-main-place-address","streetAddress":"Nergiz Mahallesi Girne Blv No:83, Kat 2 D 2, 35600 Kar\u015f\u0131yaka","addressLocality":"\u0130zmir","postalCode":"35600","addressCountry":"TR"},{"@type":"ImageObject","inLanguage":"en-US","@id":"https:\/\/efeshukuk.com\/ekibimiz\/nermin-seyda-toprak\/#local-main-organization-logo","url":"https:\/\/efeshukuk.com\/wp-content\/uploads\/2020\/11\/5.png","contentUrl":"https:\/\/efeshukuk.com\/wp-content\/uploads\/2020\/11\/5.png","width":500,"height":500,"caption":"Efes Hukuk B\u00fcrosu"}]},"geo.placename":"\u0130zmir","geo.position":{"lat":"38.467687","long":"27.109998"},"geo.region":"Turkey"},"_links":{"self":[{"href":"https:\/\/efeshukuk.com\/en\/wp-json\/wp\/v2\/pages\/8274","targetHints":{"allow":["GET"]}}],"collection":[{"href":"https:\/\/efeshukuk.com\/en\/wp-json\/wp\/v2\/pages"}],"about":[{"href":"https:\/\/efeshukuk.com\/en\/wp-json\/wp\/v2\/types\/page"}],"author":[{"embeddable":true,"href":"https:\/\/efeshukuk.com\/en\/wp-json\/wp\/v2\/users\/1"}],"replies":[{"embeddable":true,"href":"https:\/\/efeshukuk.com\/en\/wp-json\/wp\/v2\/comments?post=8274"}],"version-history":[{"count":0,"href":"https:\/\/efeshukuk.com\/en\/wp-json\/wp\/v2\/pages\/8274\/revisions"}],"up":[{"embeddable":true,"href":"https:\/\/efeshukuk.com\/en\/wp-json\/wp\/v2\/pages\/7389"}],"wp:featuredmedia":[{"embeddable":true,"href":"https:\/\/efeshukuk.com\/en\/wp-json\/wp\/v2\/media\/8273"}],"wp:attachment":[{"href":"https:\/\/efeshukuk.com\/en\/wp-json\/wp\/v2\/media?parent=8274"}],"curies":[{"name":"wp","href":"https:\/\/api.w.org\/{rel}","templated":true}]}}