{"id":7568,"date":"2022-02-05T20:59:13","date_gmt":"2022-02-05T17:59:13","guid":{"rendered":"https:\/\/www.efeshukuk.com\/?page_id=7568"},"modified":"2026-03-31T13:47:38","modified_gmt":"2026-03-31T10:47:38","slug":"sikca-sorulan-sorular","status":"publish","type":"page","link":"https:\/\/efeshukuk.com\/en\/sikca-sorulan-sorular\/","title":{"rendered":"Frequently Asked Questions"},"content":{"rendered":"<style>\n\/* --- Genel Konteyn\u0131r --- *\/\n.hukuk-sss-container {\n    max-width: 1000px;\n    margin: 40px auto;\n    padding: 0 20px;\n    font-family: 'Segoe UI', Roboto, Helvetica, Arial, sans-serif;\n    color: #000000;\n}\n\n.hukuk-sss-baslik {\n    text-align: center;\n    font-size: 2.5rem;\n    margin-bottom: 50px;\n    text-transform: uppercase;\n    letter-spacing: 1px;\n    border-bottom: 2px solid #c5a059;\n    display: inline-block;\n    width: 100%;\n    padding-bottom: 15px;\n}\n\n\/* --- SSS Liste Yap\u0131s\u0131 --- *\/\n.hukuk-sss-liste {\n    display: flex;\n    flex-direction: column;\n    gap: 25px;\n}\n\n\/* --- Soru Kart\u0131 Tasar\u0131m\u0131 --- *\/\n.sss-kart {\n    background: #ffffff;\n    border-radius: 12px;\n    padding: 30px;\n    border: 1px solid #f0f0f0;\n    box-shadow: 0 4px 6px rgba(0,0,0,0.02);\n    transition: all 0.3s ease;\n}\n\n.sss-kart:hover {\n    border-color: #c5a059;\n    box-shadow: 0 10px 25px rgba(0,0,0,0.05);\n}\n\n\/* --- \u0130kon ve Soru Ba\u015fl\u0131\u011f\u0131 --- *\/\n.sss-soru-ust {\n    display: flex;\n    align-items: center;\n    gap: 15px;\n    margin-bottom: 15px;\n}\n\n.sss-ikon {\n    flex-shrink: 0;\n    width: 35px;\n    height: 35px;\n    fill: none;\n    stroke: #003057;\n    stroke-width: 2;\n    stroke-linecap: round;\n    stroke-linejoin: round;\n}\n\n.sss-kart h3 {\n    margin: 0;\n    font-size: 1.25rem;\n    font-weight: 700;\n    color: #000000;\n}\n\n\/* --- Yan\u0131t Metni --- *\/\n.sss-yanit {\n    color: #444;\n    font-size: 1rem;\n    line-height: 1.6;\n    margin-bottom: 15px;\n}\n\n\/* --- \"Devam\u0131n\u0131 Oku\" Link Stili --- *\/\n.sss-link {\n    display: inline-flex;\n    align-items: center;\n    color: #003057;\n    text-decoration: none;\n    font-weight: 700;\n    font-size: 0.9rem;\n    transition: 0.2s;\n}\n\n.sss-link:hover {\n    color: #c5a059;\n    text-decoration: underline;\n}\n\n.sss-link svg {\n    margin-left: 5px;\n    width: 16px;\n    height: 16px;\n}\n\n\/* --- Mobil Uyumluluk --- *\/\n@media (max-width: 768px) {\n    .hukuk-sss-baslik { font-size: 1.8rem; }\n    .sss-kart { padding: 20px; }\n    .sss-soru-ust { flex-direction: row; }\n}\n<\/style>\n\n<div class=\"hukuk-sss-container\">\n    <h2 class=\"hukuk-sss-baslik\">Frequently Asked Questions<\/h2>\n\n    <div class=\"hukuk-sss-liste\">\n        \n        <div class=\"sss-kart\">\n            <div class=\"sss-soru-ust\">\n                <svg class=\"sss-ikon\" viewbox=\"0 0 24 24\"><path d=\"M14 2H6a2 2 0 0 0-2 2v16a2 2 0 0 0 2 2h12a2 2 0 0 0 2-2V8z\"><\/path><polyline points=\"14 2 14 8 20 8\"><\/polyline><line x1=\"16\" y1=\"13\" x2=\"8\" y2=\"13\"><\/line><line x1=\"16\" y1=\"17\" x2=\"8\" y2=\"17\"><\/line><\/svg>\n                <h3>How to Get a Power of Attorney?<\/h3>\n            <\/div>\n            <p class=\"sss-yanit\">In order to issue a power of attorney, you should go to any notary and explaining to the notary what the power of attorney is for, together with the identity card or passport. The name, surname, TR identity number, and full address of the person to whom the power of attorney will be given must be notified to the notary public.<\/p>\n            <a href=\"https:\/\/efeshukuk.com\/en\/vekaletname-nasil-cikartilir\/\" class=\"sss-link\">\n                To Read Further \n                <svg viewbox=\"0 0 24 24\" fill=\"none\" stroke=\"currentColor\" stroke-width=\"2\" stroke-linecap=\"round\" stroke-linejoin=\"round\"><line x1=\"5\" y1=\"12\" x2=\"19\" y2=\"12\"><\/line><polyline points=\"12 5 19 12 12 19\"><\/polyline><\/svg>\n            <\/a>\n        <\/div>\n\n        <div class=\"sss-kart\">\n            <div class=\"sss-soru-ust\">\n                <svg class=\"sss-ikon\" viewbox=\"0 0 24 24\"><circle cx=\"12\" cy=\"12\" r=\"10\"><\/circle><line x1=\"12\" y1=\"8\" x2=\"12\" y2=\"12\"><\/line><line x1=\"12\" y1=\"16\" x2=\"12.01\" y2=\"16\"><\/line><path d=\"M16 8l-4 4-4-4\"><\/path><\/svg>\n                <h3>How Are Attorney Fees Determined?<\/h3>\n            <\/div>\n            <p class=\"sss-yanit\">The lawyer profession is a self-employment activity. Attorney's fee refers to the amount or value corresponding to the legal aid of the lawyer. Lawyers offer their knowledge and experience in the field of law to the benefit of people. As in every profession, legal consultancy and other legal services are subject to a fee. Paying a lawyer is also a legal obligation, and it is prohibited to make a wage contract below the amounts specified in the attorney's minimum wage tariff.<\/p>\n            <a href=\"https:\/\/efeshukuk.com\/en\/avukatlik-ucreti-nasil\/\" class=\"sss-link\">\n                To Read Further \n                <svg viewbox=\"0 0 24 24\" fill=\"none\" stroke=\"currentColor\" stroke-width=\"2\" stroke-linecap=\"round\" stroke-linejoin=\"round\"><line x1=\"5\" y1=\"12\" x2=\"19\" y2=\"12\"><\/line><polyline points=\"12 5 19 12 12 19\"><\/polyline><\/svg>\n            <\/a>\n        <\/div>\n\n        <div class=\"sss-kart\">\n            <div class=\"sss-soru-ust\">\n                <svg class=\"sss-ikon\" viewbox=\"0 0 24 24\"><circle cx=\"11\" cy=\"11\" r=\"8\"><\/circle><line x1=\"21\" y1=\"21\" x2=\"16.65\" y2=\"16.65\"><\/line><\/svg>\n                <h3>How can I find out the status of my case?<\/h3>\n            <\/div>\n            <p class=\"sss-yanit\">You can view the cases registered under your name by searching for \u201cMinistry of Justice\u201d on the e-Government portal and clicking the \u201cCase File Inquiry\u201d button. For a detailed review of documents and to track the progress of your case beyond basic information, you can log in via the \u201cCitizen UYAP\u201d system to review all documents in the case file.<\/p>\n            <a href=\"https:\/\/efeshukuk.com\/en\/davamin-durumunu-nasil-ogrenebilirim\/\" class=\"sss-link\">\n                To Read Further \n                <svg viewbox=\"0 0 24 24\" fill=\"none\" stroke=\"currentColor\" stroke-width=\"2\" stroke-linecap=\"round\" stroke-linejoin=\"round\"><line x1=\"5\" y1=\"12\" x2=\"19\" y2=\"12\"><\/line><polyline points=\"12 5 19 12 12 19\"><\/polyline><\/svg>\n            <\/a>\n        <\/div>\n\n        <div class=\"sss-kart\">\n            <div class=\"sss-soru-ust\">\n                <svg class=\"sss-ikon\" viewbox=\"0 0 24 24\"><path d=\"M12 2L2 7l10 5 10-5-10-5z\"><\/path><path d=\"M2 17l10 5 10-5\"><\/path><path d=\"M2 12l10 5 10-5\"><\/path><\/svg>\n                <h3>Will I Be Able to Recoup the Expenses I Incurred?<\/h3>\n            <\/div>\n            <p class=\"sss-yanit\">If you win the case, the court will order the losing party to reimburse you for the litigation costs. However, it is important to note that this reimbursement covers only court fees and expenses. Items such as personal preparation costs, transportation expenses, and the retainer fee you paid to your attorney are generally not recoverable from the opposing party.<\/p>\n            <a href=\"https:\/\/efeshukuk.com\/en\/dava-masraflari\/\" class=\"sss-link\">\n                To Read Further \n                <svg viewbox=\"0 0 24 24\" fill=\"none\" stroke=\"currentColor\" stroke-width=\"2\" stroke-linecap=\"round\" stroke-linejoin=\"round\"><line x1=\"5\" y1=\"12\" x2=\"19\" y2=\"12\"><\/line><polyline points=\"12 5 19 12 12 19\"><\/polyline><\/svg>\n            <\/a>\n        <\/div>\n\n    <\/div>\n<\/div>","protected":false},"excerpt":{"rendered":"<p>S\u0131k\u00e7a Sorulan Sorular Vekaletname Nas\u0131l \u00c7\u0131kart\u0131l\u0131r? Vekaletname \u00e7\u0131kartmak i\u00e7in, n\u00fcfus c\u00fczdan\u0131 ya da pasaportla birlikte ki\u015finin bizzat kendisinin herhangi bir notere giderek, vekaletin hangi i\u015f&hellip;<\/p>","protected":false},"author":1,"featured_media":0,"parent":0,"menu_order":0,"comment_status":"closed","ping_status":"closed","template":"","meta":{"footnotes":""},"class_list":["post-7568","page","type-page","status-publish","hentry"],"yoast_head":"<!-- This site is optimized with the Yoast SEO Premium plugin v27.0 (Yoast SEO v27.3) - https:\/\/yoast.com\/product\/yoast-seo-premium-wordpress\/ -->\n<title>S\u0131k\u00e7a Sorulan Sorular - Efes Hukuk B\u00fcrosu<\/title>\n<meta name=\"robots\" content=\"index, follow, max-snippet:-1, max-image-preview:large, max-video-preview:-1\" \/>\n<link rel=\"canonical\" href=\"https:\/\/efeshukuk.com\/en\/sikca-sorulan-sorular\/\" \/>\n<meta property=\"og:locale\" content=\"en_US\" \/>\n<meta property=\"og:type\" content=\"article\" \/>\n<meta property=\"og:title\" content=\"S\u0131k\u00e7a Sorulan Sorular\" \/>\n<meta property=\"og:description\" content=\"S\u0131k\u00e7a Sorulan Sorular Vekaletname Nas\u0131l \u00c7\u0131kart\u0131l\u0131r? Vekaletname \u00e7\u0131kartmak i\u00e7in, n\u00fcfus c\u00fczdan\u0131 ya da pasaportla birlikte ki\u015finin bizzat kendisinin herhangi\" \/>\n<meta property=\"og:url\" content=\"https:\/\/efeshukuk.com\/en\/sikca-sorulan-sorular\/\" \/>\n<meta property=\"og:site_name\" content=\"Efes Hukuk B\u00fcrosu\" \/>\n<meta property=\"article:publisher\" content=\"https:\/\/www.facebook.com\/efeshukukburosu\" \/>\n<meta property=\"article:modified_time\" content=\"2026-03-31T10:47:38+00:00\" \/>\n<meta property=\"og:image\" content=\"https:\/\/efeshukuk.com\/wp-content\/uploads\/2020\/11\/2-2.jpg\" \/>\n\t<meta property=\"og:image:width\" content=\"1215\" \/>\n\t<meta property=\"og:image:height\" content=\"810\" \/>\n\t<meta property=\"og:image:type\" content=\"image\/jpeg\" \/>\n<meta name=\"twitter:card\" content=\"summary_large_image\" \/>\n<meta name=\"twitter:label1\" content=\"Est. reading time\" \/>\n\t<meta name=\"twitter:data1\" content=\"2 minutes\" \/>\n<script type=\"application\/ld+json\" class=\"yoast-schema-graph\">{\"@context\":\"https:\\\/\\\/schema.org\",\"@graph\":[{\"@type\":\"WebPage\",\"@id\":\"https:\\\/\\\/efeshukuk.com\\\/sikca-sorulan-sorular\\\/\",\"url\":\"https:\\\/\\\/efeshukuk.com\\\/sikca-sorulan-sorular\\\/\",\"name\":\"S\u0131k\u00e7a Sorulan Sorular - Efes Hukuk B\u00fcrosu\",\"isPartOf\":{\"@id\":\"https:\\\/\\\/efeshukuk.com\\\/#website\"},\"datePublished\":\"2022-02-05T17:59:13+00:00\",\"dateModified\":\"2026-03-31T10:47:38+00:00\",\"breadcrumb\":{\"@id\":\"https:\\\/\\\/efeshukuk.com\\\/sikca-sorulan-sorular\\\/#breadcrumb\"},\"inLanguage\":\"en-US\",\"potentialAction\":[{\"@type\":\"ReadAction\",\"target\":[\"https:\\\/\\\/efeshukuk.com\\\/sikca-sorulan-sorular\\\/\"]}]},{\"@type\":\"BreadcrumbList\",\"@id\":\"https:\\\/\\\/efeshukuk.com\\\/sikca-sorulan-sorular\\\/#breadcrumb\",\"itemListElement\":[{\"@type\":\"ListItem\",\"position\":1,\"name\":\"Ana sayfa\",\"item\":\"https:\\\/\\\/efeshukuk.com\\\/\"},{\"@type\":\"ListItem\",\"position\":2,\"name\":\"S\u0131k\u00e7a Sorulan Sorular\"}]},{\"@type\":\"WebSite\",\"@id\":\"https:\\\/\\\/efeshukuk.com\\\/#website\",\"url\":\"https:\\\/\\\/efeshukuk.com\\\/\",\"name\":\"Efes Hukuk B\u00fcrosu\",\"description\":\"\u0130zmir&#039;deki Avukat\u0131n\u0131z\",\"publisher\":{\"@id\":\"https:\\\/\\\/efeshukuk.com\\\/#organization\"},\"potentialAction\":[{\"@type\":\"SearchAction\",\"target\":{\"@type\":\"EntryPoint\",\"urlTemplate\":\"https:\\\/\\\/efeshukuk.com\\\/?s={search_term_string}\"},\"query-input\":{\"@type\":\"PropertyValueSpecification\",\"valueRequired\":true,\"valueName\":\"search_term_string\"}}],\"inLanguage\":\"en-US\"},{\"@type\":[\"Organization\",\"Place\",\"LegalService\"],\"@id\":\"https:\\\/\\\/efeshukuk.com\\\/#organization\",\"name\":\"Efes Hukuk B\u00fcrosu\",\"url\":\"https:\\\/\\\/efeshukuk.com\\\/\",\"logo\":{\"@id\":\"https:\\\/\\\/efeshukuk.com\\\/sikca-sorulan-sorular\\\/#local-main-organization-logo\"},\"image\":{\"@id\":\"https:\\\/\\\/efeshukuk.com\\\/sikca-sorulan-sorular\\\/#local-main-organization-logo\"},\"sameAs\":[\"https:\\\/\\\/www.facebook.com\\\/efeshukukburosu\",\"https:\\\/\\\/www.instagram.com\\\/efeshukukburosu\\\/\",\"https:\\\/\\\/www.linkedin.com\\\/company\\\/efes-law\\\/\"],\"description\":\"Efes Hukuk B\u00fcrosu, farkl\u0131 hukuk alanlar\u0131nda uzmanla\u015fm\u0131\u015f avukat kadrosuyla bireysel ve kurumsal m\u00fcvekkillerine etkili ve \u00e7\u00f6z\u00fcm odakl\u0131 hukuki dan\u0131\u015fmanl\u0131k hizmeti sunmaktad\u0131r. Ticaret hukuku, t\u00fcketici hukuku, aile hukuku, icra ve iflas hukuku gibi bir\u00e7ok alanda derin bilgiye sahip avukatlar\u0131m\u0131zla; m\u00fcvekkillerimizin haklar\u0131n\u0131 en iyi \u015fekilde korumay\u0131 ama\u00e7l\u0131yoruz. D\u00fcnyadaki hukuki de\u011fi\u015fimleri yak\u0131ndan takip ediyor, her yeni sorunu titizlikle analiz ediyoruz. M\u00fcvekkillerimizle g\u00fcvene dayal\u0131, \u015feffaf ve yak\u0131n bir ileti\u015fim kurarak, do\u011fru kararlar almalar\u0131na destek oluyoruz. Akademik d\u00fczeyde \u00e7al\u0131\u015fan \u00e7\u00f6z\u00fcm ortaklar\u0131m\u0131z ve alan\u0131nda uzman avukatlar\u0131m\u0131zla; hukuka, meslek eti\u011fine ve Atat\u00fcrk ilke ve ink\u0131laplar\u0131na ba\u011fl\u0131 bir \u015fekilde \u00e7al\u0131\u015fmay\u0131 ilke ediniyoruz.\",\"legalName\":\"Efes Hukuk B\u00fcrosu\",\"numberOfEmployees\":{\"@type\":\"QuantitativeValue\",\"minValue\":\"1\",\"maxValue\":\"10\"},\"address\":{\"@id\":\"https:\\\/\\\/efeshukuk.com\\\/sikca-sorulan-sorular\\\/#local-main-place-address\"},\"geo\":{\"@type\":\"GeoCoordinates\",\"latitude\":\"38.467687\",\"longitude\":\"27.109998\"},\"telephone\":[\"+905344155256\"],\"contactPoint\":{\"@type\":\"ContactPoint\",\"telephone\":\"+905344155256\",\"email\":\"info@efeshukuk.com\"},\"openingHoursSpecification\":[{\"@type\":\"OpeningHoursSpecification\",\"dayOfWeek\":[\"Monday\",\"Tuesday\",\"Wednesday\",\"Thursday\",\"Friday\"],\"opens\":\"09:00\",\"closes\":\"18:00\"},{\"@type\":\"OpeningHoursSpecification\",\"dayOfWeek\":[\"Saturday\",\"Sunday\"],\"opens\":\"00:00\",\"closes\":\"00:00\"}],\"email\":\"info@efeshukuk.com\"},{\"@type\":\"PostalAddress\",\"@id\":\"https:\\\/\\\/efeshukuk.com\\\/sikca-sorulan-sorular\\\/#local-main-place-address\",\"streetAddress\":\"Nergiz Mahallesi Girne Blv No:83, Kat 2 D 2, 35600 Kar\u015f\u0131yaka\",\"addressLocality\":\"\u0130zmir\",\"postalCode\":\"35600\",\"addressCountry\":\"TR\"},{\"@type\":\"ImageObject\",\"inLanguage\":\"en-US\",\"@id\":\"https:\\\/\\\/efeshukuk.com\\\/sikca-sorulan-sorular\\\/#local-main-organization-logo\",\"url\":\"https:\\\/\\\/efeshukuk.com\\\/wp-content\\\/uploads\\\/2020\\\/11\\\/5.png\",\"contentUrl\":\"https:\\\/\\\/efeshukuk.com\\\/wp-content\\\/uploads\\\/2020\\\/11\\\/5.png\",\"width\":500,\"height\":500,\"caption\":\"Efes Hukuk B\u00fcrosu\"}]}<\/script>\n<meta name=\"geo.placename\" content=\"\u0130zmir\" \/>\n<meta name=\"geo.position\" content=\"38.467687;27.109998\" \/>\n<meta name=\"geo.region\" content=\"Turkey\" \/>\n<!-- \/ Yoast SEO Premium plugin. -->","yoast_head_json":{"title":"S\u0131k\u00e7a Sorulan Sorular - Efes Hukuk B\u00fcrosu","robots":{"index":"index","follow":"follow","max-snippet":"max-snippet:-1","max-image-preview":"max-image-preview:large","max-video-preview":"max-video-preview:-1"},"canonical":"https:\/\/efeshukuk.com\/en\/sikca-sorulan-sorular\/","og_locale":"en_US","og_type":"article","og_title":"S\u0131k\u00e7a Sorulan Sorular","og_description":"S\u0131k\u00e7a Sorulan Sorular Vekaletname Nas\u0131l \u00c7\u0131kart\u0131l\u0131r? Vekaletname \u00e7\u0131kartmak i\u00e7in, n\u00fcfus c\u00fczdan\u0131 ya da pasaportla birlikte ki\u015finin bizzat kendisinin herhangi","og_url":"https:\/\/efeshukuk.com\/en\/sikca-sorulan-sorular\/","og_site_name":"Efes Hukuk B\u00fcrosu","article_publisher":"https:\/\/www.facebook.com\/efeshukukburosu","article_modified_time":"2026-03-31T10:47:38+00:00","og_image":[{"width":1215,"height":810,"url":"https:\/\/efeshukuk.com\/wp-content\/uploads\/2020\/11\/2-2.jpg","type":"image\/jpeg"}],"twitter_card":"summary_large_image","twitter_misc":{"Est. reading time":"2 minutes"},"schema":{"@context":"https:\/\/schema.org","@graph":[{"@type":"WebPage","@id":"https:\/\/efeshukuk.com\/sikca-sorulan-sorular\/","url":"https:\/\/efeshukuk.com\/sikca-sorulan-sorular\/","name":"S\u0131k\u00e7a Sorulan Sorular - Efes Hukuk B\u00fcrosu","isPartOf":{"@id":"https:\/\/efeshukuk.com\/#website"},"datePublished":"2022-02-05T17:59:13+00:00","dateModified":"2026-03-31T10:47:38+00:00","breadcrumb":{"@id":"https:\/\/efeshukuk.com\/sikca-sorulan-sorular\/#breadcrumb"},"inLanguage":"en-US","potentialAction":[{"@type":"ReadAction","target":["https:\/\/efeshukuk.com\/sikca-sorulan-sorular\/"]}]},{"@type":"BreadcrumbList","@id":"https:\/\/efeshukuk.com\/sikca-sorulan-sorular\/#breadcrumb","itemListElement":[{"@type":"ListItem","position":1,"name":"Ana sayfa","item":"https:\/\/efeshukuk.com\/"},{"@type":"ListItem","position":2,"name":"S\u0131k\u00e7a Sorulan Sorular"}]},{"@type":"WebSite","@id":"https:\/\/efeshukuk.com\/#website","url":"https:\/\/efeshukuk.com\/","name":"Ephesus Law Firm","description":"Your Lawyer in Izmir","publisher":{"@id":"https:\/\/efeshukuk.com\/#organization"},"potentialAction":[{"@type":"SearchAction","target":{"@type":"EntryPoint","urlTemplate":"https:\/\/efeshukuk.com\/?s={search_term_string}"},"query-input":{"@type":"PropertyValueSpecification","valueRequired":true,"valueName":"search_term_string"}}],"inLanguage":"en-US"},{"@type":["Organization","Place","LegalService"],"@id":"https:\/\/efeshukuk.com\/#organization","name":"Ephesus Law Firm","url":"https:\/\/efeshukuk.com\/","logo":{"@id":"https:\/\/efeshukuk.com\/sikca-sorulan-sorular\/#local-main-organization-logo"},"image":{"@id":"https:\/\/efeshukuk.com\/sikca-sorulan-sorular\/#local-main-organization-logo"},"sameAs":["https:\/\/www.facebook.com\/efeshukukburosu","https:\/\/www.instagram.com\/efeshukukburosu\/","https:\/\/www.linkedin.com\/company\/efes-law\/"],"description":"Efes Hukuk B\u00fcrosu, farkl\u0131 hukuk alanlar\u0131nda uzmanla\u015fm\u0131\u015f avukat kadrosuyla bireysel ve kurumsal m\u00fcvekkillerine etkili ve \u00e7\u00f6z\u00fcm odakl\u0131 hukuki dan\u0131\u015fmanl\u0131k hizmeti sunmaktad\u0131r. Ticaret hukuku, t\u00fcketici hukuku, aile hukuku, icra ve iflas hukuku gibi bir\u00e7ok alanda derin bilgiye sahip avukatlar\u0131m\u0131zla; m\u00fcvekkillerimizin haklar\u0131n\u0131 en iyi \u015fekilde korumay\u0131 ama\u00e7l\u0131yoruz. D\u00fcnyadaki hukuki de\u011fi\u015fimleri yak\u0131ndan takip ediyor, her yeni sorunu titizlikle analiz ediyoruz. M\u00fcvekkillerimizle g\u00fcvene dayal\u0131, \u015feffaf ve yak\u0131n bir ileti\u015fim kurarak, do\u011fru kararlar almalar\u0131na destek oluyoruz. Akademik d\u00fczeyde \u00e7al\u0131\u015fan \u00e7\u00f6z\u00fcm ortaklar\u0131m\u0131z ve alan\u0131nda uzman avukatlar\u0131m\u0131zla; hukuka, meslek eti\u011fine ve Atat\u00fcrk ilke ve ink\u0131laplar\u0131na ba\u011fl\u0131 bir \u015fekilde \u00e7al\u0131\u015fmay\u0131 ilke ediniyoruz.","legalName":"Efes Hukuk B\u00fcrosu","numberOfEmployees":{"@type":"QuantitativeValue","minValue":"1","maxValue":"10"},"address":{"@id":"https:\/\/efeshukuk.com\/sikca-sorulan-sorular\/#local-main-place-address"},"geo":{"@type":"GeoCoordinates","latitude":"38.467687","longitude":"27.109998"},"telephone":["+905344155256"],"contactPoint":{"@type":"ContactPoint","telephone":"+905344155256","email":"info@efeshukuk.com"},"openingHoursSpecification":[{"@type":"OpeningHoursSpecification","dayOfWeek":["Monday","Tuesday","Wednesday","Thursday","Friday"],"opens":"09:00","closes":"18:00"},{"@type":"OpeningHoursSpecification","dayOfWeek":["Saturday","Sunday"],"opens":"00:00","closes":"00:00"}],"email":"info@efeshukuk.com"},{"@type":"PostalAddress","@id":"https:\/\/efeshukuk.com\/sikca-sorulan-sorular\/#local-main-place-address","streetAddress":"Nergiz Mahallesi Girne Blv No:83, Kat 2 D 2, 35600 Kar\u015f\u0131yaka","addressLocality":"\u0130zmir","postalCode":"35600","addressCountry":"TR"},{"@type":"ImageObject","inLanguage":"en-US","@id":"https:\/\/efeshukuk.com\/sikca-sorulan-sorular\/#local-main-organization-logo","url":"https:\/\/efeshukuk.com\/wp-content\/uploads\/2020\/11\/5.png","contentUrl":"https:\/\/efeshukuk.com\/wp-content\/uploads\/2020\/11\/5.png","width":500,"height":500,"caption":"Efes Hukuk B\u00fcrosu"}]},"geo.placename":"\u0130zmir","geo.position":{"lat":"38.467687","long":"27.109998"},"geo.region":"Turkey"},"_links":{"self":[{"href":"https:\/\/efeshukuk.com\/en\/wp-json\/wp\/v2\/pages\/7568","targetHints":{"allow":["GET"]}}],"collection":[{"href":"https:\/\/efeshukuk.com\/en\/wp-json\/wp\/v2\/pages"}],"about":[{"href":"https:\/\/efeshukuk.com\/en\/wp-json\/wp\/v2\/types\/page"}],"author":[{"embeddable":true,"href":"https:\/\/efeshukuk.com\/en\/wp-json\/wp\/v2\/users\/1"}],"replies":[{"embeddable":true,"href":"https:\/\/efeshukuk.com\/en\/wp-json\/wp\/v2\/comments?post=7568"}],"version-history":[{"count":0,"href":"https:\/\/efeshukuk.com\/en\/wp-json\/wp\/v2\/pages\/7568\/revisions"}],"wp:attachment":[{"href":"https:\/\/efeshukuk.com\/en\/wp-json\/wp\/v2\/media?parent=7568"}],"curies":[{"name":"wp","href":"https:\/\/api.w.org\/{rel}","templated":true}]}}