{"id":7389,"date":"2022-02-05T14:48:08","date_gmt":"2022-02-05T11:48:08","guid":{"rendered":"https:\/\/www.efeshukuk.com\/?page_id=7389"},"modified":"2026-04-09T16:11:44","modified_gmt":"2026-04-09T13:11:44","slug":"ekibimiz","status":"publish","type":"page","link":"https:\/\/efeshukuk.com\/en\/ekibimiz\/","title":{"rendered":"Team"},"content":{"rendered":"<style>\n    \/* --- Genel Stil ve Konteyn\u0131r --- *\/\n    .hukuk-ekip-container {\n        max-width: 1200px;\n        margin: 40px auto;\n        padding: 0 20px;\n        font-family: 'Segoe UI', Roboto, Helvetica, Arial, sans-serif;\n    }\n\n    .hukuk-ekip-baslik {\n        text-align: center;\n        color: #000000;\n        font-size: 2rem;\n        margin: 50px 0 30px 0;\n        text-transform: uppercase;\n        letter-spacing: 1px;\n        border-bottom: 2px solid #c5a059;\n        display: inline-block;\n        width: 100%;\n        padding-bottom: 10px;\n    }\n\n    \/* --- Gruplar\u0131 Ortala ve Esnek Yap\u0131 --- *\/\n    .hukuk-ekip-grid {\n        display: flex;\n        flex-wrap: wrap;\n        justify-content: center;\n        gap: 20px;\n    }\n\n    \/* --- Personel Kart\u0131 Tasar\u0131m\u0131 --- *\/\n    .hukuk-personel-kart {\n        background: #fff;\n        border-radius: 8px;\n        overflow: hidden;\n        box-shadow: 0 2px 10px rgba(0,0,0,0.05);\n        transition: all 0.3s ease;\n        text-decoration: none;\n        display: flex;\n        flex-direction: column;\n        text-align: center;\n        width: 250px; \n    }\n\n    .hukuk-personel-kart:hover {\n        transform: translateY(-5px);\n        box-shadow: 0 5px 15px rgba(0,0,0,0.1);\n    }\n\n    \/* --- Foto\u011fraf Sabitleme --- *\/\n    .hukuk-personel-kart img {\n        width: 100%;\n        aspect-ratio: 370 \/ 462; \n        object-fit: cover;\n        display: block;\n    }\n\n    \/* --- \u0130sim ve \u00dcnvan Bilgileri --- *\/\n    .hukuk-personel-bilgi {\n        padding: 15px;\n        background: #fdfdfd;\n        flex-grow: 1;\n    }\n\n    .hukuk-personel-isim {\n        color: #000000;\n        font-size: 1rem;\n        font-weight: 700;\n        margin-bottom: 5px;\n        display: block;\n    }\n\n    .hukuk-personel-unvan {\n        color: #666;\n        font-size: 0.85rem;\n        line-height: 1.4;\n    }\n\n    \/* --- Mobil Uyumluluk --- *\/\n    @media (max-width: 1100px) {\n        .hukuk-personel-kart { width: 220px; }\n    }\n\n    @media (max-width: 768px) {\n        .hukuk-personel-kart { width: 45%; }\n    }\n\n    @media (max-width: 480px) {\n        .hukuk-personel-kart { \n            width: 100%;\n            max-width: 320px;\n        }\n        .hukuk-ekip-baslik { font-size: 1.5rem; }\n    }\n<\/style>\n\n<div class=\"hukuk-ekip-container\">\n    \n    <h2 class=\"hukuk-ekip-baslik\">Team<\/h2>\n    <div class=\"hukuk-ekip-grid\">\n        <a href=\"https:\/\/efeshukuk.com\/en\/ekibimiz\/dilek-yavuz-uysal\/\" class=\"hukuk-personel-kart\">\n            <img decoding=\"async\" src=\"https:\/\/efeshukuk.com\/wp-content\/uploads\/2026\/04\/Adsiz-tasarim-10.png\" alt=\"Av. Dilek Yavuz Uysal\">\n            <div class=\"hukuk-personel-bilgi\">\n                <span class=\"hukuk-personel-isim\">Dilek Yavuz Uysal<\/span>\n                <p class=\"hukuk-personel-unvan\">Attorney, Mediator, Conciliator<\/p>\n            <\/div>\n        <\/a>\n\n        <a href=\"https:\/\/efeshukuk.com\/en\/ekibimiz\/mustafa-yolcu\/\" class=\"hukuk-personel-kart\">\n            <img decoding=\"async\" src=\"https:\/\/efeshukuk.com\/wp-content\/uploads\/2026\/04\/Adsiz-tasarim-9.png\" alt=\"Av. Mustafa Yolcu\">\n            <div class=\"hukuk-personel-bilgi\">\n                <span class=\"hukuk-personel-isim\">Mustafa Yolcu<\/span>\n                <p class=\"hukuk-personel-unvan\">Lawyer, Mediator, CIPP\/E, ISO27001 LA<\/p>\n            <\/div>\n        <\/a>\n\n        <a href=\"https:\/\/efeshukuk.com\/en\/gamze-gul-girgec\/\" class=\"hukuk-personel-kart\">\n            <img decoding=\"async\" src=\"https:\/\/efeshukuk.com\/wp-content\/uploads\/2026\/04\/Adsiz-tasarim-6.png\" alt=\"Av. Gamze G\u00fcl Girge\u00e7\">\n            <div class=\"hukuk-personel-bilgi\">\n                <span class=\"hukuk-personel-isim\">Gamze G\u00fcl Girge\u00e7<\/span>\n                <p class=\"hukuk-personel-unvan\">Attorney, Mediator, Certified Expert<\/p>\n            <\/div>\n        <\/a>\n    <\/div>\n\n    <h2 class=\"hukuk-ekip-baslik\">Solution Partners<\/h2>\n    <div class=\"hukuk-ekip-grid\">\n        <a href=\"https:\/\/efeshukuk.com\/en\/ekibimiz\/emre-yoldas\/\" class=\"hukuk-personel-kart\">\n            <img decoding=\"async\" src=\"https:\/\/efeshukuk.com\/wp-content\/uploads\/2026\/03\/Ekibimiz-2.png\" alt=\"Av. Arb. Emre Yolda\u015f\">\n            <div class=\"hukuk-personel-bilgi\">\n                <span class=\"hukuk-personel-isim\">Emre Yolda\u015f<\/span>\n                <p class=\"hukuk-personel-unvan\">\u0130stanbul Bar Association<\/p>\n            <\/div>\n        <\/a>\n\n        <a href=\"https:\/\/efeshukuk.com\/en\/ekibimiz\/fatma-cavus\/\" class=\"hukuk-personel-kart\">\n            <img decoding=\"async\" src=\"https:\/\/www.efeshukuk.com\/wp-content\/uploads\/2021\/10\/7.png\" alt=\"Av. Fatma \u00c7avu\u015f\">\n            <div class=\"hukuk-personel-bilgi\">\n                <span class=\"hukuk-personel-isim\">Fatma \u00c7avu\u015f<\/span>\n                <p class=\"hukuk-personel-unvan\">Bursa Bar Association<\/p>\n            <\/div>\n        <\/a>\n\n        <a href=\"https:\/\/efeshukuk.com\/en\/ekibimiz\/nermin-seyda-toprak\/\" class=\"hukuk-personel-kart\">\n            <img decoding=\"async\" src=\"https:\/\/www.efeshukuk.com\/wp-content\/uploads\/2022\/08\/Ekibimiz-Kopyasi-14.png\" alt=\"Av. Nermin \u015eeyda Toprak\">\n            <div class=\"hukuk-personel-bilgi\">\n                <span class=\"hukuk-personel-isim\">Nermin \u015eeyda Toprak<\/span>\n                <p class=\"hukuk-personel-unvan\">Konya Bar Association<\/p>\n            <\/div>\n        <\/a>\n\n        <a href=\"https:\/\/efeshukuk.com\/en\/ekibimiz\/talat-duymus\/\" class=\"hukuk-personel-kart\">\n            <img decoding=\"async\" src=\"https:\/\/www.efeshukuk.com\/wp-content\/uploads\/2021\/10\/6.png\" alt=\"Av. Arb. Erkam Talat Duymu\u015f\">\n            <div class=\"hukuk-personel-bilgi\">\n                <span class=\"hukuk-personel-isim\">Erkam Talat Duymu\u015f<\/span>\n                <p class=\"hukuk-personel-unvan\">U\u015fak Bar Association<\/p>\n            <\/div>\n        <\/a>\n    <\/div>\n<\/div>","protected":false},"excerpt":{"rendered":"<p>Ekibimiz Av. Dilek Yavuz Uysal Avukat, Arabulucu, Uzla\u015ft\u0131rmac\u0131 Av. Mustafa Yolcu Avukat, Arabulucu, CIPP\/E, ISO27001 LA Av. Gamze G\u00fcl Girge\u00e7, LLM. Avukat, Arabulucu, Bilirki\u015fi \u00c7\u00f6z\u00fcm&hellip;<\/p>","protected":false},"author":1,"featured_media":0,"parent":0,"menu_order":0,"comment_status":"closed","ping_status":"closed","template":"","meta":{"footnotes":""},"class_list":["post-7389","page","type-page","status-publish","hentry"],"yoast_head":"<!-- This site is optimized with the Yoast SEO Premium plugin v27.0 (Yoast SEO v27.3) - https:\/\/yoast.com\/product\/yoast-seo-premium-wordpress\/ -->\n<title>Ekibimiz - Efes Hukuk B\u00fcrosu<\/title>\n<meta name=\"robots\" content=\"noindex, follow\" \/>\n<meta property=\"og:locale\" content=\"en_US\" \/>\n<meta property=\"og:type\" content=\"article\" \/>\n<meta property=\"og:title\" content=\"Ekibimiz\" \/>\n<meta property=\"og:description\" content=\"Ekibimiz Av. Dilek Yavuz Uysal Avukat, Arabulucu, Uzla\u015ft\u0131rmac\u0131 Av. Mustafa Yolcu Avukat, Arabulucu, CIPP\/E, ISO27001 LA Av. Gamze G\u00fcl Girge\u00e7, LLM. Avukat,\" \/>\n<meta property=\"og:url\" content=\"https:\/\/efeshukuk.com\/en\/ekibimiz\/\" \/>\n<meta property=\"og:site_name\" content=\"Efes Hukuk B\u00fcrosu\" \/>\n<meta property=\"article:publisher\" content=\"https:\/\/www.facebook.com\/efeshukukburosu\" \/>\n<meta property=\"article:modified_time\" content=\"2026-04-09T13:11:44+00:00\" \/>\n<meta property=\"og:image\" content=\"https:\/\/efeshukuk.com\/wp-content\/uploads\/2026\/04\/Adsiz-tasarim-10.png\" \/>\n<meta name=\"twitter:card\" content=\"summary_large_image\" \/>\n<meta name=\"twitter:label1\" content=\"Est. reading time\" \/>\n\t<meta name=\"twitter:data1\" content=\"2 minutes\" \/>\n<script type=\"application\/ld+json\" class=\"yoast-schema-graph\">{\"@context\":\"https:\\\/\\\/schema.org\",\"@graph\":[{\"@type\":\"WebPage\",\"@id\":\"https:\\\/\\\/efeshukuk.com\\\/ekibimiz\\\/\",\"url\":\"https:\\\/\\\/efeshukuk.com\\\/ekibimiz\\\/\",\"name\":\"Ekibimiz - Efes Hukuk B\u00fcrosu\",\"isPartOf\":{\"@id\":\"https:\\\/\\\/efeshukuk.com\\\/#website\"},\"primaryImageOfPage\":{\"@id\":\"https:\\\/\\\/efeshukuk.com\\\/ekibimiz\\\/#primaryimage\"},\"image\":{\"@id\":\"https:\\\/\\\/efeshukuk.com\\\/ekibimiz\\\/#primaryimage\"},\"thumbnailUrl\":\"https:\\\/\\\/efeshukuk.com\\\/wp-content\\\/uploads\\\/2026\\\/04\\\/Adsiz-tasarim-10.png\",\"datePublished\":\"2022-02-05T11:48:08+00:00\",\"dateModified\":\"2026-04-09T13:11:44+00:00\",\"breadcrumb\":{\"@id\":\"https:\\\/\\\/efeshukuk.com\\\/ekibimiz\\\/#breadcrumb\"},\"inLanguage\":\"en-US\",\"potentialAction\":[{\"@type\":\"ReadAction\",\"target\":[\"https:\\\/\\\/efeshukuk.com\\\/ekibimiz\\\/\"]}]},{\"@type\":\"ImageObject\",\"inLanguage\":\"en-US\",\"@id\":\"https:\\\/\\\/efeshukuk.com\\\/ekibimiz\\\/#primaryimage\",\"url\":\"https:\\\/\\\/efeshukuk.com\\\/wp-content\\\/uploads\\\/2026\\\/04\\\/Adsiz-tasarim-10.png\",\"contentUrl\":\"https:\\\/\\\/efeshukuk.com\\\/wp-content\\\/uploads\\\/2026\\\/04\\\/Adsiz-tasarim-10.png\"},{\"@type\":\"BreadcrumbList\",\"@id\":\"https:\\\/\\\/efeshukuk.com\\\/ekibimiz\\\/#breadcrumb\",\"itemListElement\":[{\"@type\":\"ListItem\",\"position\":1,\"name\":\"Ana sayfa\",\"item\":\"https:\\\/\\\/efeshukuk.com\\\/\"},{\"@type\":\"ListItem\",\"position\":2,\"name\":\"Ekibimiz\"}]},{\"@type\":\"WebSite\",\"@id\":\"https:\\\/\\\/efeshukuk.com\\\/#website\",\"url\":\"https:\\\/\\\/efeshukuk.com\\\/\",\"name\":\"Efes Hukuk B\u00fcrosu\",\"description\":\"\u0130zmir&#039;deki Avukat\u0131n\u0131z\",\"publisher\":{\"@id\":\"https:\\\/\\\/efeshukuk.com\\\/#organization\"},\"potentialAction\":[{\"@type\":\"SearchAction\",\"target\":{\"@type\":\"EntryPoint\",\"urlTemplate\":\"https:\\\/\\\/efeshukuk.com\\\/?s={search_term_string}\"},\"query-input\":{\"@type\":\"PropertyValueSpecification\",\"valueRequired\":true,\"valueName\":\"search_term_string\"}}],\"inLanguage\":\"en-US\"},{\"@type\":[\"Organization\",\"Place\",\"LegalService\"],\"@id\":\"https:\\\/\\\/efeshukuk.com\\\/#organization\",\"name\":\"Efes Hukuk B\u00fcrosu\",\"url\":\"https:\\\/\\\/efeshukuk.com\\\/\",\"logo\":{\"@id\":\"https:\\\/\\\/efeshukuk.com\\\/ekibimiz\\\/#local-main-organization-logo\"},\"image\":{\"@id\":\"https:\\\/\\\/efeshukuk.com\\\/ekibimiz\\\/#local-main-organization-logo\"},\"sameAs\":[\"https:\\\/\\\/www.facebook.com\\\/efeshukukburosu\",\"https:\\\/\\\/www.instagram.com\\\/efeshukukburosu\\\/\",\"https:\\\/\\\/www.linkedin.com\\\/company\\\/efes-law\\\/\"],\"description\":\"Efes Hukuk B\u00fcrosu, farkl\u0131 hukuk alanlar\u0131nda uzmanla\u015fm\u0131\u015f avukat kadrosuyla bireysel ve kurumsal m\u00fcvekkillerine etkili ve \u00e7\u00f6z\u00fcm odakl\u0131 hukuki dan\u0131\u015fmanl\u0131k hizmeti sunmaktad\u0131r. Ticaret hukuku, t\u00fcketici hukuku, aile hukuku, icra ve iflas hukuku gibi bir\u00e7ok alanda derin bilgiye sahip avukatlar\u0131m\u0131zla; m\u00fcvekkillerimizin haklar\u0131n\u0131 en iyi \u015fekilde korumay\u0131 ama\u00e7l\u0131yoruz. D\u00fcnyadaki hukuki de\u011fi\u015fimleri yak\u0131ndan takip ediyor, her yeni sorunu titizlikle analiz ediyoruz. M\u00fcvekkillerimizle g\u00fcvene dayal\u0131, \u015feffaf ve yak\u0131n bir ileti\u015fim kurarak, do\u011fru kararlar almalar\u0131na destek oluyoruz. Akademik d\u00fczeyde \u00e7al\u0131\u015fan \u00e7\u00f6z\u00fcm ortaklar\u0131m\u0131z ve alan\u0131nda uzman avukatlar\u0131m\u0131zla; hukuka, meslek eti\u011fine ve Atat\u00fcrk ilke ve ink\u0131laplar\u0131na ba\u011fl\u0131 bir \u015fekilde \u00e7al\u0131\u015fmay\u0131 ilke ediniyoruz.\",\"legalName\":\"Efes Hukuk B\u00fcrosu\",\"numberOfEmployees\":{\"@type\":\"QuantitativeValue\",\"minValue\":\"1\",\"maxValue\":\"10\"},\"address\":{\"@id\":\"https:\\\/\\\/efeshukuk.com\\\/ekibimiz\\\/#local-main-place-address\"},\"geo\":{\"@type\":\"GeoCoordinates\",\"latitude\":\"38.467687\",\"longitude\":\"27.109998\"},\"telephone\":[\"+905344155256\"],\"contactPoint\":{\"@type\":\"ContactPoint\",\"telephone\":\"+905344155256\",\"email\":\"info@efeshukuk.com\"},\"openingHoursSpecification\":[{\"@type\":\"OpeningHoursSpecification\",\"dayOfWeek\":[\"Monday\",\"Tuesday\",\"Wednesday\",\"Thursday\",\"Friday\"],\"opens\":\"09:00\",\"closes\":\"18:00\"},{\"@type\":\"OpeningHoursSpecification\",\"dayOfWeek\":[\"Saturday\",\"Sunday\"],\"opens\":\"00:00\",\"closes\":\"00:00\"}],\"email\":\"info@efeshukuk.com\"},{\"@type\":\"PostalAddress\",\"@id\":\"https:\\\/\\\/efeshukuk.com\\\/ekibimiz\\\/#local-main-place-address\",\"streetAddress\":\"Nergiz Mahallesi Girne Blv No:83, Kat 2 D 2, 35600 Kar\u015f\u0131yaka\",\"addressLocality\":\"\u0130zmir\",\"postalCode\":\"35600\",\"addressCountry\":\"TR\"},{\"@type\":\"ImageObject\",\"inLanguage\":\"en-US\",\"@id\":\"https:\\\/\\\/efeshukuk.com\\\/ekibimiz\\\/#local-main-organization-logo\",\"url\":\"https:\\\/\\\/efeshukuk.com\\\/wp-content\\\/uploads\\\/2020\\\/11\\\/5.png\",\"contentUrl\":\"https:\\\/\\\/efeshukuk.com\\\/wp-content\\\/uploads\\\/2020\\\/11\\\/5.png\",\"width\":500,\"height\":500,\"caption\":\"Efes Hukuk B\u00fcrosu\"}]}<\/script>\n<meta name=\"geo.placename\" content=\"\u0130zmir\" \/>\n<meta name=\"geo.position\" content=\"38.467687;27.109998\" \/>\n<meta name=\"geo.region\" content=\"Turkey\" \/>\n<!-- \/ Yoast SEO Premium plugin. -->","yoast_head_json":{"title":"Ekibimiz - Efes Hukuk B\u00fcrosu","robots":{"index":"noindex","follow":"follow"},"og_locale":"en_US","og_type":"article","og_title":"Ekibimiz","og_description":"Ekibimiz Av. Dilek Yavuz Uysal Avukat, Arabulucu, Uzla\u015ft\u0131rmac\u0131 Av. Mustafa Yolcu Avukat, Arabulucu, CIPP\/E, ISO27001 LA Av. Gamze G\u00fcl Girge\u00e7, LLM. Avukat,","og_url":"https:\/\/efeshukuk.com\/en\/ekibimiz\/","og_site_name":"Efes Hukuk B\u00fcrosu","article_publisher":"https:\/\/www.facebook.com\/efeshukukburosu","article_modified_time":"2026-04-09T13:11:44+00:00","og_image":[{"url":"https:\/\/efeshukuk.com\/wp-content\/uploads\/2026\/04\/Adsiz-tasarim-10.png","type":"","width":"","height":""}],"twitter_card":"summary_large_image","twitter_misc":{"Est. reading time":"2 minutes"},"schema":{"@context":"https:\/\/schema.org","@graph":[{"@type":"WebPage","@id":"https:\/\/efeshukuk.com\/ekibimiz\/","url":"https:\/\/efeshukuk.com\/ekibimiz\/","name":"Ekibimiz - Efes Hukuk B\u00fcrosu","isPartOf":{"@id":"https:\/\/efeshukuk.com\/#website"},"primaryImageOfPage":{"@id":"https:\/\/efeshukuk.com\/ekibimiz\/#primaryimage"},"image":{"@id":"https:\/\/efeshukuk.com\/ekibimiz\/#primaryimage"},"thumbnailUrl":"https:\/\/efeshukuk.com\/wp-content\/uploads\/2026\/04\/Adsiz-tasarim-10.png","datePublished":"2022-02-05T11:48:08+00:00","dateModified":"2026-04-09T13:11:44+00:00","breadcrumb":{"@id":"https:\/\/efeshukuk.com\/ekibimiz\/#breadcrumb"},"inLanguage":"en-US","potentialAction":[{"@type":"ReadAction","target":["https:\/\/efeshukuk.com\/ekibimiz\/"]}]},{"@type":"ImageObject","inLanguage":"en-US","@id":"https:\/\/efeshukuk.com\/ekibimiz\/#primaryimage","url":"https:\/\/efeshukuk.com\/wp-content\/uploads\/2026\/04\/Adsiz-tasarim-10.png","contentUrl":"https:\/\/efeshukuk.com\/wp-content\/uploads\/2026\/04\/Adsiz-tasarim-10.png"},{"@type":"BreadcrumbList","@id":"https:\/\/efeshukuk.com\/ekibimiz\/#breadcrumb","itemListElement":[{"@type":"ListItem","position":1,"name":"Ana sayfa","item":"https:\/\/efeshukuk.com\/"},{"@type":"ListItem","position":2,"name":"Ekibimiz"}]},{"@type":"WebSite","@id":"https:\/\/efeshukuk.com\/#website","url":"https:\/\/efeshukuk.com\/","name":"Ephesus Law Firm","description":"Your Lawyer in Izmir","publisher":{"@id":"https:\/\/efeshukuk.com\/#organization"},"potentialAction":[{"@type":"SearchAction","target":{"@type":"EntryPoint","urlTemplate":"https:\/\/efeshukuk.com\/?s={search_term_string}"},"query-input":{"@type":"PropertyValueSpecification","valueRequired":true,"valueName":"search_term_string"}}],"inLanguage":"en-US"},{"@type":["Organization","Place","LegalService"],"@id":"https:\/\/efeshukuk.com\/#organization","name":"Ephesus Law Firm","url":"https:\/\/efeshukuk.com\/","logo":{"@id":"https:\/\/efeshukuk.com\/ekibimiz\/#local-main-organization-logo"},"image":{"@id":"https:\/\/efeshukuk.com\/ekibimiz\/#local-main-organization-logo"},"sameAs":["https:\/\/www.facebook.com\/efeshukukburosu","https:\/\/www.instagram.com\/efeshukukburosu\/","https:\/\/www.linkedin.com\/company\/efes-law\/"],"description":"Efes Hukuk B\u00fcrosu, farkl\u0131 hukuk alanlar\u0131nda uzmanla\u015fm\u0131\u015f avukat kadrosuyla bireysel ve kurumsal m\u00fcvekkillerine etkili ve \u00e7\u00f6z\u00fcm odakl\u0131 hukuki dan\u0131\u015fmanl\u0131k hizmeti sunmaktad\u0131r. Ticaret hukuku, t\u00fcketici hukuku, aile hukuku, icra ve iflas hukuku gibi bir\u00e7ok alanda derin bilgiye sahip avukatlar\u0131m\u0131zla; m\u00fcvekkillerimizin haklar\u0131n\u0131 en iyi \u015fekilde korumay\u0131 ama\u00e7l\u0131yoruz. D\u00fcnyadaki hukuki de\u011fi\u015fimleri yak\u0131ndan takip ediyor, her yeni sorunu titizlikle analiz ediyoruz. M\u00fcvekkillerimizle g\u00fcvene dayal\u0131, \u015feffaf ve yak\u0131n bir ileti\u015fim kurarak, do\u011fru kararlar almalar\u0131na destek oluyoruz. Akademik d\u00fczeyde \u00e7al\u0131\u015fan \u00e7\u00f6z\u00fcm ortaklar\u0131m\u0131z ve alan\u0131nda uzman avukatlar\u0131m\u0131zla; hukuka, meslek eti\u011fine ve Atat\u00fcrk ilke ve ink\u0131laplar\u0131na ba\u011fl\u0131 bir \u015fekilde \u00e7al\u0131\u015fmay\u0131 ilke ediniyoruz.","legalName":"Efes Hukuk B\u00fcrosu","numberOfEmployees":{"@type":"QuantitativeValue","minValue":"1","maxValue":"10"},"address":{"@id":"https:\/\/efeshukuk.com\/ekibimiz\/#local-main-place-address"},"geo":{"@type":"GeoCoordinates","latitude":"38.467687","longitude":"27.109998"},"telephone":["+905344155256"],"contactPoint":{"@type":"ContactPoint","telephone":"+905344155256","email":"info@efeshukuk.com"},"openingHoursSpecification":[{"@type":"OpeningHoursSpecification","dayOfWeek":["Monday","Tuesday","Wednesday","Thursday","Friday"],"opens":"09:00","closes":"18:00"},{"@type":"OpeningHoursSpecification","dayOfWeek":["Saturday","Sunday"],"opens":"00:00","closes":"00:00"}],"email":"info@efeshukuk.com"},{"@type":"PostalAddress","@id":"https:\/\/efeshukuk.com\/ekibimiz\/#local-main-place-address","streetAddress":"Nergiz Mahallesi Girne Blv No:83, Kat 2 D 2, 35600 Kar\u015f\u0131yaka","addressLocality":"\u0130zmir","postalCode":"35600","addressCountry":"TR"},{"@type":"ImageObject","inLanguage":"en-US","@id":"https:\/\/efeshukuk.com\/ekibimiz\/#local-main-organization-logo","url":"https:\/\/efeshukuk.com\/wp-content\/uploads\/2020\/11\/5.png","contentUrl":"https:\/\/efeshukuk.com\/wp-content\/uploads\/2020\/11\/5.png","width":500,"height":500,"caption":"Efes Hukuk B\u00fcrosu"}]},"geo.placename":"\u0130zmir","geo.position":{"lat":"38.467687","long":"27.109998"},"geo.region":"Turkey"},"_links":{"self":[{"href":"https:\/\/efeshukuk.com\/en\/wp-json\/wp\/v2\/pages\/7389","targetHints":{"allow":["GET"]}}],"collection":[{"href":"https:\/\/efeshukuk.com\/en\/wp-json\/wp\/v2\/pages"}],"about":[{"href":"https:\/\/efeshukuk.com\/en\/wp-json\/wp\/v2\/types\/page"}],"author":[{"embeddable":true,"href":"https:\/\/efeshukuk.com\/en\/wp-json\/wp\/v2\/users\/1"}],"replies":[{"embeddable":true,"href":"https:\/\/efeshukuk.com\/en\/wp-json\/wp\/v2\/comments?post=7389"}],"version-history":[{"count":10,"href":"https:\/\/efeshukuk.com\/en\/wp-json\/wp\/v2\/pages\/7389\/revisions"}],"predecessor-version":[{"id":9846,"href":"https:\/\/efeshukuk.com\/en\/wp-json\/wp\/v2\/pages\/7389\/revisions\/9846"}],"wp:attachment":[{"href":"https:\/\/efeshukuk.com\/en\/wp-json\/wp\/v2\/media?parent=7389"}],"curies":[{"name":"wp","href":"https:\/\/api.w.org\/{rel}","templated":true}]}}