{"id":64,"date":"2018-07-16T10:31:02","date_gmt":"2018-07-16T10:31:02","guid":{"rendered":"http:\/\/demo.acmethemes.com\/lawyer-zone\/?page_id=82"},"modified":"2022-02-05T21:10:53","modified_gmt":"2022-02-05T18:10:53","slug":"dava-masraflari","status":"publish","type":"page","link":"https:\/\/efeshukuk.com\/en\/dava-masraflari\/","title":{"rendered":"Will I be able to get my expenses back?"},"content":{"rendered":"<div class=\"wp-block-image\"><figure class=\"aligncenter size-large\"><img loading=\"lazy\" decoding=\"async\" width=\"1024\" height=\"538\" src=\"https:\/\/www.efeshukuk.com\/wp-content\/uploads\/2021\/06\/Gorsel-2-5-1-1024x538.jpg\" alt=\"Dava masraflar\u0131\" class=\"wp-image-5928\" srcset=\"https:\/\/efeshukuk.com\/wp-content\/uploads\/2021\/06\/Gorsel-2-5-1-1024x538.jpg 1024w, https:\/\/efeshukuk.com\/wp-content\/uploads\/2021\/06\/Gorsel-2-5-1-300x158.jpg 300w, https:\/\/efeshukuk.com\/wp-content\/uploads\/2021\/06\/Gorsel-2-5-1-768x403.jpg 768w, https:\/\/efeshukuk.com\/wp-content\/uploads\/2021\/06\/Gorsel-2-5-1-16x8.jpg 16w, https:\/\/efeshukuk.com\/wp-content\/uploads\/2021\/06\/Gorsel-2-5-1.jpg 1200w\" sizes=\"auto, (max-width: 1024px) 100vw, 1024px\" \/><\/figure><\/div>\n\n\n\n<p class=\"has-black-color has-text-color\"><strong>Court costs | <strong><a href=\"https:\/\/efeshukuk.com\/en\/\" target=\"_blank\" rel=\"noreferrer noopener\">Ephesus Law Firm<\/a><\/strong><\/strong><\/p>\n\n\n\n<p class=\"has-text-align-justify has-black-color has-text-color\">When you win the case, the Court orders that the costs are taken from your opponent and paid to you. Except for the cases written in the law, it is decided to collect the trial expenses from the party against whom the verdict was given. However, do not forget that the costs payable to you are just court costs. Some expenses such as the expenses you incurred for the preparation of the case, the transportation costs, the attorney's fee you paid to your lawyer will be returned to you [\u2026]<\/p>\n\n\n\n<p class=\"has-black-color has-text-color\"><a href=\"https:\/\/www.resmigazete.gov.tr\/eskiler\/2011\/02\/20110204-2.htm\" target=\"_blank\" rel=\"noreferrer noopener\">Code of Civil Procedure<\/a> Within this scope, the judgment given by the Local Court legally stipulates that the court costs and the unspent advance payments received from the parties must be recovered.<br>The refund of the portion must also include any legal remedies and their time limits, if any. The litigation costs (court expenses to be refunded) listed under the law are as follows:<\/p>\n\n\n\n<ul class=\"has-black-color has-text-color wp-block-list\"><li>Application, decision, and judgment fees.<\/li><li>Expenses for service of process and postage related to the lawsuit.<\/li><li>File and other document expenses.<\/li><li>Expenses related to provisional legal protection measures and the preparation of protests, notifications, warnings, and power of attorney documents.<\/li><li>Exploration expenses.<\/li><li>Fees and expenses paid to witnesses and expert witnesses.<\/li><li>Fees, taxes, charges, and other expenses paid for documents obtained from official institutions.<\/li><li>In cases not represented by legal counsel, the amount to be determined by the judge to cover the daily travel and accommodation expenses of the parties for the days they are present; and for a party who is summoned by the court to be heard in person, interrogated, or sworn in, despite having legal counsel, the daily allowance, travel, and accommodation expenses to be determined.<\/li><li>Attorney&#039;s fees to be determined in accordance with the law in cases pursued by attorney.<\/li><li>Other expenses incurred during the trial.<\/li><\/ul>\n\n\n\n<p class=\"has-black-color has-text-color\">You can calculate the minimum fees and charges required to file a lawsuit via the link below.<\/p>\n\n\n\n<div class=\"wp-block-buttons is-horizontal is-content-justification-center is-layout-flex wp-container-core-buttons-is-layout-499968f5 wp-block-buttons-is-layout-flex\">\n<div class=\"wp-block-button\"><a class=\"wp-block-button__link\" href=\"https:\/\/efeshukuk.com\/en\/yargilama-masrafi-hesaplama\/\" target=\"_blank\" rel=\"noreferrer noopener\">Court Fee Calculation<\/a><\/div>\n<\/div>\n\n\n\n<div class=\"wp-block-media-text alignwide is-stacked-on-mobile\" style=\"grid-template-columns:30% auto\"><figure class=\"wp-block-media-text__media\"><img loading=\"lazy\" decoding=\"async\" width=\"720\" height=\"720\" src=\"https:\/\/www.efeshukuk.com\/wp-content\/uploads\/2021\/01\/Ephesus-Law-Firm-3.jpg\" alt=\"Logo\" class=\"wp-image-1057 size-full\" srcset=\"\" sizes=\"auto, (max-width: 720px) 100vw, 720px\" data-srcset=\"\" \/><\/figure><div class=\"wp-block-media-text__content\">\n<p class=\"has-black-color has-text-color translation-block\"><strong>Address:<\/strong> Nergis Neighborhood, Girne Boulevard No: 83, Floor 2, Apartment 2, Kar\u015f\u0131yaka, \u0130zmir<\/p>\n\n\n\n<p class=\"has-black-color has-text-color\"><strong>E-mail<\/strong>: <a href=\"mailto:contact@example.com\"><span class=\"has-inline-color has-vivid-cyan-blue-color\">info@efeshukuk.com<\/span><\/a><\/p>\n\n\n\n<p class=\"has-black-color has-text-color\"><strong>Phone<\/strong>: +90 534 415 52 56<\/p>\n\n\n\n<style>\n\/* --- Sosyal ve \u0130leti\u015fim \u0130kon Kapsay\u0131c\u0131 --- *\/\n.efes-social-wrapper {\n    display: flex;\n    gap: 12px;\n    justify-content: flex-start; \/* Sola yaslar, kart i\u00e7inde kullanacaksan\u0131z center yapabilirsiniz *\/\n    padding: 20px 0;\n    background: #ffffff;\n    flex-wrap: wrap; \/* Mobilde ta\u015fma yapmamas\u0131 i\u00e7in *\/\n}\n\n\/* --- \u0130kon Buton Stili --- *\/\n.efes-social-btn {\n    width: 40px;\n    height: 40px;\n    display: flex;\n    align-items: center;\n    justify-content: center;\n    text-decoration: none;\n    border-radius: 6px;\n    transition: all 0.3s ease;\n    border: 1px solid #e0e0e0;\n    background: #ffffff;\n}\n\n\/* --- SVG \u0130kon Renkleri --- *\/\n.efes-social-btn svg {\n    width: 20px;\n    height: 20px;\n    fill: #000000;\n    transition: all 0.3s ease;\n}\n\n\/* --- Hover Efekti --- *\/\n.efes-social-btn:hover {\n    background-color: #000000;\n    border-color: #000000;\n    transform: translateY(-3px);\n}\n\n.efes-social-btn:hover svg {\n    fill: #ffffff;\n}\n\n\/* --- Mobil D\u00fczenleme --- *\/\n@media (max-width: 768px) {\n    .efes-social-btn { width: 38px; height: 38px; }\n}\n<\/style>\n\n<div class=\"efes-social-wrapper\">\n    <a href=\"https:\/\/facebook.com\/efeshukukburosu\" class=\"efes-social-btn\" target=\"_blank\" rel=\"noopener\" aria-label=\"Facebook\">\n        <svg viewbox=\"0 0 24 24\"><path d=\"M18 2h-3a5 5 0 0 0-5 5v3H7v4h3v8h4v-8h3l1-4h-4V7a1 1 0 0 1 1-1h3z\"><\/path><\/svg>\n    <\/a>\n\n    <a href=\"https:\/\/linkedin.com\/company\/efeshukuk\/\" class=\"efes-social-btn\" target=\"_blank\" rel=\"noopener\" aria-label=\"LinkedIn\">\n        <svg viewbox=\"0 0 24 24\"><path d=\"M16 8a6 6 0 0 1 6 6v7h-4v-7a2 2 0 0 0-2-2 2 2 0 0 0-2 2v7h-4v-7a6 6 0 0 1 6-6z\"><\/path><rect x=\"2\" y=\"9\" width=\"4\" height=\"12\"><\/rect><circle cx=\"4\" cy=\"4\" r=\"2\"><\/circle><\/svg>\n    <\/a>\n\n    <a href=\"https:\/\/instagram.com\/efeshukukburosu\" class=\"efes-social-btn\" target=\"_blank\" rel=\"noopener\" aria-label=\"Instagram\">\n        <svg viewbox=\"0 0 24 24\"><path d=\"M12 2.163c3.204 0 3.584.012 4.85.07 3.252.148 4.771 1.691 4.919 4.919.058 1.265.069 1.645.069 4.849 0 3.205-.012 3.584-.069 4.849-.149 3.225-1.664 4.771-4.919 4.919-1.266.058-1.644.07-4.85.07-3.204 0-3.584-.012-4.849-.07-3.26-.149-4.771-1.699-4.919-4.92-.058-1.265-.07-1.644-.07-4.849 0-3.204.013-3.583.07-4.849.149-3.227 1.664-4.771 4.919-4.919 1.266-.057 1.645-.069 4.849-.069zm0-2.163c-3.259 0-3.667.014-4.947.072-4.358.2-6.78 2.618-6.98 6.98-.059 1.281-.073 1.689-.073 4.948 0 3.259.014 3.668.072 4.948.2 4.358 2.618 6.78 6.98 6.98 1.281.058 1.689.072 4.948.072 3.259 0 3.668-.014 4.948-.072 4.354-.2 6.782-2.618 6.979-6.98.059-1.28.073-1.689.073-4.948 0-3.259-.014-3.667-.072-4.947-.196-4.354-2.617-6.78-6.979-6.98-1.281-.059-1.69-.073-4.949-.073zm0 5.838c-3.403 0-6.162 2.759-6.162 6.162s2.759 6.163 6.162 6.163 6.162-2.759 6.162-6.163-2.759-6.162-6.162-6.162zm0 10.162c-2.209 0-4-1.79-4-4 0-2.209 1.791-4 4-4s4 1.791 4 4c0 2.21-1.791 4-4 4zm6.406-11.845c-.796 0-1.441.645-1.441 1.44s.645 1.44 1.441 1.44c.795 0 1.439-.645 1.439-1.44s-.644-1.44-1.439-1.44z\"\/><\/svg>\n    <\/a>\n\n    <a href=\"mailto:info@efeshukuk.com\" class=\"efes-social-btn\" aria-label=\"Send Email\">\n        <svg viewbox=\"0 0 24 24\"><path d=\"M0 3v18h24v-18h-24zm6.623 7.929l-4.623 5.712v-9.458l4.623 3.746zm-4.141-5.929h19.035l-9.517 7.713-9.518-7.713zm5.694 7.188l3.824 3.099l3.83-3.104 5.612 8.138h-18.745l5.479-8.133zm8.171-1.259l4.653-3.771v9.487l-4.653-5.716z\"\/><\/svg>\n    <\/a>\n\n    <a href=\"https:\/\/www.google.com\/maps\/place\/Efes+Hukuk+B%C3%BCrosu+-+Kar%C5%9F%C4%B1yaka+Avukat\/@38.458734,27.107183,17z\/data=!3m1!4b1!4m6!3m5!1s0x14bbd9b483567e9d:0xdad9b9deb6d6c709!8m2!3d38.458734!4d27.107183!16s%2Fg%2F11r9ctjdcx?entry=ttu&#038;g_ep=EgoyMDI2MDMyNC4wIKXMDSoASAFQAw%3D%3D\" class=\"efes-social-btn\" target=\"_blank\" rel=\"noopener\" aria-label=\"View on Map\">\n        <svg viewbox=\"0 0 24 24\"><path d=\"M12 2C8.13 2 5 5.13 5 9c0 5.25 7 13 7 13s7-7.75 7-13c0-3.87-3.13-7-7-7zm0 9.5a2.5 2.5 0 0 1 0-5 2.5 2.5 0 0 1 0 5z\"\/><\/svg>\n    <\/a>\n\n    <a href=\"tel:+905344155256\" class=\"efes-social-btn\" aria-label=\"Call by phone\">\n        <svg viewbox=\"0 0 24 24\"><path d=\"M6.62 10.79a15.05 15.05 0 0 0 6.59 6.59l2.2-2.2c.27-.27.67-.36 1.02-.24 1.12.37 2.33.57 3.57.57.55 0 1 .45 1 1V20c0 .55-.45 1-1 1-9.39 0-17-7.61-17-17 0-.55.45-1 1-1h3.5c.55 0 1 .45 1 1 0 1.25.2 2.45.57 3.57.11.35.03.74-.25 1.02l-2.2 2.2z\"\/><\/svg>\n    <\/a>\n<\/div>\n<\/div><\/div>","protected":false},"excerpt":{"rendered":"<p>When you win the case, the Court orders that the costs are taken from your opponent and paid to you. Except for the cases written in the law, it is decided to collect the trial expenses from the party against whom the verdict was given. However, do not forget that the costs payable to you are just court costs. Some expenses such as the expenses you incurred for the preparation of the case, the transportation costs, the attorney's fee you paid to your lawyer will be returned to you [\u2026]<\/p>","protected":false},"author":1,"featured_media":0,"parent":0,"menu_order":0,"comment_status":"closed","ping_status":"closed","template":"","meta":{"footnotes":""},"class_list":["post-64","page","type-page","status-publish","hentry"],"yoast_head":"<!-- This site is optimized with the Yoast SEO Premium plugin v27.0 (Yoast SEO v27.3) - https:\/\/yoast.com\/product\/yoast-seo-premium-wordpress\/ -->\n<title>Yapt\u0131\u011f\u0131m Dava Masraflar\u0131 Geri \u00d6denecek Mi? - Efes Hukuk B\u00fcrosu<\/title>\n<meta name=\"description\" content=\"Dava Masraflar\u0131 | Davay\u0131 kazand\u0131\u011f\u0131n\u0131z zaman Mahkeme masraflar\u0131n kar\u015f\u0131 taraftan al\u0131narak size \u00f6denmesini emreder. Kanunda yaz\u0131l\u0131 h\u00e2ller...\" \/>\n<meta name=\"robots\" content=\"index, follow, max-snippet:-1, max-image-preview:large, max-video-preview:-1\" \/>\n<link rel=\"canonical\" href=\"https:\/\/efeshukuk.com\/en\/dava-masraflari\/\" \/>\n<meta property=\"og:locale\" content=\"en_US\" \/>\n<meta property=\"og:type\" content=\"article\" \/>\n<meta property=\"og:title\" content=\"Yapt\u0131\u011f\u0131m masraflar\u0131 geri alabilecek miyim?\" \/>\n<meta property=\"og:description\" content=\"Davay\u0131 kazand\u0131\u011f\u0131n\u0131z zaman Mahkeme masraflar\u0131n kar\u015f\u0131 taraftan al\u0131narak size \u00f6denmesini emreder. Kanunda yaz\u0131l\u0131 h\u00e2ller d\u0131\u015f\u0131nda, yarg\u0131lama giderlerinin, aleyhine h\u00fck\u00fcm verilen taraftan al\u0131nmas\u0131na karar verilir. Ancak size \u00f6denecek masraflar\u0131n sadece yarg\u0131lama masraflar\u0131 oldu\u011funu unutmay\u0131n\u0131z. Davaya haz\u0131rl\u0131k i\u00e7in yapt\u0131\u011f\u0131n\u0131z masraflar, ula\u015f\u0131m giderleri, avukat\u0131n\u0131za \u00f6dedi\u011finiz vek\u00e2let \u00fccreti gibi baz\u0131 masraflar size geri \u00f6denmeyecektir.\" \/>\n<meta property=\"og:url\" content=\"https:\/\/efeshukuk.com\/en\/dava-masraflari\/\" \/>\n<meta property=\"og:site_name\" content=\"Efes Hukuk B\u00fcrosu\" \/>\n<meta property=\"article:publisher\" content=\"https:\/\/www.facebook.com\/efeshukukburosu\" \/>\n<meta property=\"article:modified_time\" content=\"2022-02-05T18:10:53+00:00\" \/>\n<meta property=\"og:image\" content=\"https:\/\/www.efeshukuk.com\/wp-content\/uploads\/2021\/06\/Gorsel-2-5-1-1024x538.jpg\" \/>\n<meta name=\"twitter:card\" content=\"summary_large_image\" \/>\n<meta name=\"twitter:label1\" content=\"Est. reading time\" \/>\n\t<meta name=\"twitter:data1\" content=\"2 minutes\" \/>\n<script type=\"application\/ld+json\" class=\"yoast-schema-graph\">{\"@context\":\"https:\\\/\\\/schema.org\",\"@graph\":[{\"@type\":\"WebPage\",\"@id\":\"https:\\\/\\\/efeshukuk.com\\\/dava-masraflari\\\/\",\"url\":\"https:\\\/\\\/efeshukuk.com\\\/dava-masraflari\\\/\",\"name\":\"Yapt\u0131\u011f\u0131m Dava Masraflar\u0131 Geri \u00d6denecek Mi? - Efes Hukuk B\u00fcrosu\",\"isPartOf\":{\"@id\":\"https:\\\/\\\/efeshukuk.com\\\/#website\"},\"primaryImageOfPage\":{\"@id\":\"https:\\\/\\\/efeshukuk.com\\\/dava-masraflari\\\/#primaryimage\"},\"image\":{\"@id\":\"https:\\\/\\\/efeshukuk.com\\\/dava-masraflari\\\/#primaryimage\"},\"thumbnailUrl\":\"https:\\\/\\\/www.efeshukuk.com\\\/wp-content\\\/uploads\\\/2021\\\/06\\\/Gorsel-2-5-1-1024x538.jpg\",\"datePublished\":\"2018-07-16T10:31:02+00:00\",\"dateModified\":\"2022-02-05T18:10:53+00:00\",\"description\":\"Dava Masraflar\u0131 | Davay\u0131 kazand\u0131\u011f\u0131n\u0131z zaman Mahkeme masraflar\u0131n kar\u015f\u0131 taraftan al\u0131narak size \u00f6denmesini emreder. Kanunda yaz\u0131l\u0131 h\u00e2ller...\",\"breadcrumb\":{\"@id\":\"https:\\\/\\\/efeshukuk.com\\\/dava-masraflari\\\/#breadcrumb\"},\"inLanguage\":\"en-US\",\"potentialAction\":[{\"@type\":\"ReadAction\",\"target\":[\"https:\\\/\\\/efeshukuk.com\\\/dava-masraflari\\\/\"]}]},{\"@type\":\"ImageObject\",\"inLanguage\":\"en-US\",\"@id\":\"https:\\\/\\\/efeshukuk.com\\\/dava-masraflari\\\/#primaryimage\",\"url\":\"https:\\\/\\\/www.efeshukuk.com\\\/wp-content\\\/uploads\\\/2021\\\/06\\\/Gorsel-2-5-1-1024x538.jpg\",\"contentUrl\":\"https:\\\/\\\/www.efeshukuk.com\\\/wp-content\\\/uploads\\\/2021\\\/06\\\/Gorsel-2-5-1-1024x538.jpg\"},{\"@type\":\"BreadcrumbList\",\"@id\":\"https:\\\/\\\/efeshukuk.com\\\/dava-masraflari\\\/#breadcrumb\",\"itemListElement\":[{\"@type\":\"ListItem\",\"position\":1,\"name\":\"Ana sayfa\",\"item\":\"https:\\\/\\\/efeshukuk.com\\\/\"},{\"@type\":\"ListItem\",\"position\":2,\"name\":\"Yapt\u0131\u011f\u0131m masraflar\u0131 geri alabilecek miyim?\"}]},{\"@type\":\"WebSite\",\"@id\":\"https:\\\/\\\/efeshukuk.com\\\/#website\",\"url\":\"https:\\\/\\\/efeshukuk.com\\\/\",\"name\":\"Efes Hukuk B\u00fcrosu\",\"description\":\"\u0130zmir&#039;deki Avukat\u0131n\u0131z\",\"publisher\":{\"@id\":\"https:\\\/\\\/efeshukuk.com\\\/#organization\"},\"potentialAction\":[{\"@type\":\"SearchAction\",\"target\":{\"@type\":\"EntryPoint\",\"urlTemplate\":\"https:\\\/\\\/efeshukuk.com\\\/?s={search_term_string}\"},\"query-input\":{\"@type\":\"PropertyValueSpecification\",\"valueRequired\":true,\"valueName\":\"search_term_string\"}}],\"inLanguage\":\"en-US\"},{\"@type\":[\"Organization\",\"Place\",\"LegalService\"],\"@id\":\"https:\\\/\\\/efeshukuk.com\\\/#organization\",\"name\":\"Efes Hukuk B\u00fcrosu\",\"url\":\"https:\\\/\\\/efeshukuk.com\\\/\",\"logo\":{\"@id\":\"https:\\\/\\\/efeshukuk.com\\\/dava-masraflari\\\/#local-main-organization-logo\"},\"image\":{\"@id\":\"https:\\\/\\\/efeshukuk.com\\\/dava-masraflari\\\/#local-main-organization-logo\"},\"sameAs\":[\"https:\\\/\\\/www.facebook.com\\\/efeshukukburosu\",\"https:\\\/\\\/www.instagram.com\\\/efeshukukburosu\\\/\",\"https:\\\/\\\/www.linkedin.com\\\/company\\\/efes-law\\\/\"],\"description\":\"Efes Hukuk B\u00fcrosu, farkl\u0131 hukuk alanlar\u0131nda uzmanla\u015fm\u0131\u015f avukat kadrosuyla bireysel ve kurumsal m\u00fcvekkillerine etkili ve \u00e7\u00f6z\u00fcm odakl\u0131 hukuki dan\u0131\u015fmanl\u0131k hizmeti sunmaktad\u0131r. Ticaret hukuku, t\u00fcketici hukuku, aile hukuku, icra ve iflas hukuku gibi bir\u00e7ok alanda derin bilgiye sahip avukatlar\u0131m\u0131zla; m\u00fcvekkillerimizin haklar\u0131n\u0131 en iyi \u015fekilde korumay\u0131 ama\u00e7l\u0131yoruz. D\u00fcnyadaki hukuki de\u011fi\u015fimleri yak\u0131ndan takip ediyor, her yeni sorunu titizlikle analiz ediyoruz. M\u00fcvekkillerimizle g\u00fcvene dayal\u0131, \u015feffaf ve yak\u0131n bir ileti\u015fim kurarak, do\u011fru kararlar almalar\u0131na destek oluyoruz. Akademik d\u00fczeyde \u00e7al\u0131\u015fan \u00e7\u00f6z\u00fcm ortaklar\u0131m\u0131z ve alan\u0131nda uzman avukatlar\u0131m\u0131zla; hukuka, meslek eti\u011fine ve Atat\u00fcrk ilke ve ink\u0131laplar\u0131na ba\u011fl\u0131 bir \u015fekilde \u00e7al\u0131\u015fmay\u0131 ilke ediniyoruz.\",\"legalName\":\"Efes Hukuk B\u00fcrosu\",\"numberOfEmployees\":{\"@type\":\"QuantitativeValue\",\"minValue\":\"1\",\"maxValue\":\"10\"},\"address\":{\"@id\":\"https:\\\/\\\/efeshukuk.com\\\/dava-masraflari\\\/#local-main-place-address\"},\"geo\":{\"@type\":\"GeoCoordinates\",\"latitude\":\"38.467687\",\"longitude\":\"27.109998\"},\"telephone\":[\"+905344155256\"],\"contactPoint\":{\"@type\":\"ContactPoint\",\"telephone\":\"+905344155256\",\"email\":\"info@efeshukuk.com\"},\"openingHoursSpecification\":[{\"@type\":\"OpeningHoursSpecification\",\"dayOfWeek\":[\"Monday\",\"Tuesday\",\"Wednesday\",\"Thursday\",\"Friday\"],\"opens\":\"09:00\",\"closes\":\"18:00\"},{\"@type\":\"OpeningHoursSpecification\",\"dayOfWeek\":[\"Saturday\",\"Sunday\"],\"opens\":\"00:00\",\"closes\":\"00:00\"}],\"email\":\"info@efeshukuk.com\"},{\"@type\":\"PostalAddress\",\"@id\":\"https:\\\/\\\/efeshukuk.com\\\/dava-masraflari\\\/#local-main-place-address\",\"streetAddress\":\"Nergiz Mahallesi Girne Blv No:83, Kat 2 D 2, 35600 Kar\u015f\u0131yaka\",\"addressLocality\":\"\u0130zmir\",\"postalCode\":\"35600\",\"addressCountry\":\"TR\"},{\"@type\":\"ImageObject\",\"inLanguage\":\"en-US\",\"@id\":\"https:\\\/\\\/efeshukuk.com\\\/dava-masraflari\\\/#local-main-organization-logo\",\"url\":\"https:\\\/\\\/efeshukuk.com\\\/wp-content\\\/uploads\\\/2020\\\/11\\\/5.png\",\"contentUrl\":\"https:\\\/\\\/efeshukuk.com\\\/wp-content\\\/uploads\\\/2020\\\/11\\\/5.png\",\"width\":500,\"height\":500,\"caption\":\"Efes Hukuk B\u00fcrosu\"}]}<\/script>\n<meta name=\"geo.placename\" content=\"\u0130zmir\" \/>\n<meta name=\"geo.position\" content=\"38.467687;27.109998\" \/>\n<meta name=\"geo.region\" content=\"Turkey\" \/>\n<!-- \/ Yoast SEO Premium plugin. -->","yoast_head_json":{"title":"Yapt\u0131\u011f\u0131m Dava Masraflar\u0131 Geri \u00d6denecek Mi? - Efes Hukuk B\u00fcrosu","description":"Dava Masraflar\u0131 | Davay\u0131 kazand\u0131\u011f\u0131n\u0131z zaman Mahkeme masraflar\u0131n kar\u015f\u0131 taraftan al\u0131narak size \u00f6denmesini emreder. Kanunda yaz\u0131l\u0131 h\u00e2ller...","robots":{"index":"index","follow":"follow","max-snippet":"max-snippet:-1","max-image-preview":"max-image-preview:large","max-video-preview":"max-video-preview:-1"},"canonical":"https:\/\/efeshukuk.com\/en\/dava-masraflari\/","og_locale":"en_US","og_type":"article","og_title":"Yapt\u0131\u011f\u0131m masraflar\u0131 geri alabilecek miyim?","og_description":"Davay\u0131 kazand\u0131\u011f\u0131n\u0131z zaman Mahkeme masraflar\u0131n kar\u015f\u0131 taraftan al\u0131narak size \u00f6denmesini emreder. Kanunda yaz\u0131l\u0131 h\u00e2ller d\u0131\u015f\u0131nda, yarg\u0131lama giderlerinin, aleyhine h\u00fck\u00fcm verilen taraftan al\u0131nmas\u0131na karar verilir. Ancak size \u00f6denecek masraflar\u0131n sadece yarg\u0131lama masraflar\u0131 oldu\u011funu unutmay\u0131n\u0131z. Davaya haz\u0131rl\u0131k i\u00e7in yapt\u0131\u011f\u0131n\u0131z masraflar, ula\u015f\u0131m giderleri, avukat\u0131n\u0131za \u00f6dedi\u011finiz vek\u00e2let \u00fccreti gibi baz\u0131 masraflar size geri \u00f6denmeyecektir.","og_url":"https:\/\/efeshukuk.com\/en\/dava-masraflari\/","og_site_name":"Efes Hukuk B\u00fcrosu","article_publisher":"https:\/\/www.facebook.com\/efeshukukburosu","article_modified_time":"2022-02-05T18:10:53+00:00","og_image":[{"url":"https:\/\/www.efeshukuk.com\/wp-content\/uploads\/2021\/06\/Gorsel-2-5-1-1024x538.jpg","type":"","width":"","height":""}],"twitter_card":"summary_large_image","twitter_misc":{"Est. reading time":"2 minutes"},"schema":{"@context":"https:\/\/schema.org","@graph":[{"@type":"WebPage","@id":"https:\/\/efeshukuk.com\/dava-masraflari\/","url":"https:\/\/efeshukuk.com\/dava-masraflari\/","name":"Yapt\u0131\u011f\u0131m Dava Masraflar\u0131 Geri \u00d6denecek Mi? - Efes Hukuk B\u00fcrosu","isPartOf":{"@id":"https:\/\/efeshukuk.com\/#website"},"primaryImageOfPage":{"@id":"https:\/\/efeshukuk.com\/dava-masraflari\/#primaryimage"},"image":{"@id":"https:\/\/efeshukuk.com\/dava-masraflari\/#primaryimage"},"thumbnailUrl":"https:\/\/www.efeshukuk.com\/wp-content\/uploads\/2021\/06\/Gorsel-2-5-1-1024x538.jpg","datePublished":"2018-07-16T10:31:02+00:00","dateModified":"2022-02-05T18:10:53+00:00","description":"Dava Masraflar\u0131 | Davay\u0131 kazand\u0131\u011f\u0131n\u0131z zaman Mahkeme masraflar\u0131n kar\u015f\u0131 taraftan al\u0131narak size \u00f6denmesini emreder. Kanunda yaz\u0131l\u0131 h\u00e2ller...","breadcrumb":{"@id":"https:\/\/efeshukuk.com\/dava-masraflari\/#breadcrumb"},"inLanguage":"en-US","potentialAction":[{"@type":"ReadAction","target":["https:\/\/efeshukuk.com\/dava-masraflari\/"]}]},{"@type":"ImageObject","inLanguage":"en-US","@id":"https:\/\/efeshukuk.com\/dava-masraflari\/#primaryimage","url":"https:\/\/www.efeshukuk.com\/wp-content\/uploads\/2021\/06\/Gorsel-2-5-1-1024x538.jpg","contentUrl":"https:\/\/www.efeshukuk.com\/wp-content\/uploads\/2021\/06\/Gorsel-2-5-1-1024x538.jpg"},{"@type":"BreadcrumbList","@id":"https:\/\/efeshukuk.com\/dava-masraflari\/#breadcrumb","itemListElement":[{"@type":"ListItem","position":1,"name":"Ana sayfa","item":"https:\/\/efeshukuk.com\/"},{"@type":"ListItem","position":2,"name":"Yapt\u0131\u011f\u0131m masraflar\u0131 geri alabilecek miyim?"}]},{"@type":"WebSite","@id":"https:\/\/efeshukuk.com\/#website","url":"https:\/\/efeshukuk.com\/","name":"Ephesus Law Firm","description":"Your Lawyer in Izmir","publisher":{"@id":"https:\/\/efeshukuk.com\/#organization"},"potentialAction":[{"@type":"SearchAction","target":{"@type":"EntryPoint","urlTemplate":"https:\/\/efeshukuk.com\/?s={search_term_string}"},"query-input":{"@type":"PropertyValueSpecification","valueRequired":true,"valueName":"search_term_string"}}],"inLanguage":"en-US"},{"@type":["Organization","Place","LegalService"],"@id":"https:\/\/efeshukuk.com\/#organization","name":"Ephesus Law Firm","url":"https:\/\/efeshukuk.com\/","logo":{"@id":"https:\/\/efeshukuk.com\/dava-masraflari\/#local-main-organization-logo"},"image":{"@id":"https:\/\/efeshukuk.com\/dava-masraflari\/#local-main-organization-logo"},"sameAs":["https:\/\/www.facebook.com\/efeshukukburosu","https:\/\/www.instagram.com\/efeshukukburosu\/","https:\/\/www.linkedin.com\/company\/efes-law\/"],"description":"Efes Hukuk B\u00fcrosu, farkl\u0131 hukuk alanlar\u0131nda uzmanla\u015fm\u0131\u015f avukat kadrosuyla bireysel ve kurumsal m\u00fcvekkillerine etkili ve \u00e7\u00f6z\u00fcm odakl\u0131 hukuki dan\u0131\u015fmanl\u0131k hizmeti sunmaktad\u0131r. Ticaret hukuku, t\u00fcketici hukuku, aile hukuku, icra ve iflas hukuku gibi bir\u00e7ok alanda derin bilgiye sahip avukatlar\u0131m\u0131zla; m\u00fcvekkillerimizin haklar\u0131n\u0131 en iyi \u015fekilde korumay\u0131 ama\u00e7l\u0131yoruz. D\u00fcnyadaki hukuki de\u011fi\u015fimleri yak\u0131ndan takip ediyor, her yeni sorunu titizlikle analiz ediyoruz. M\u00fcvekkillerimizle g\u00fcvene dayal\u0131, \u015feffaf ve yak\u0131n bir ileti\u015fim kurarak, do\u011fru kararlar almalar\u0131na destek oluyoruz. Akademik d\u00fczeyde \u00e7al\u0131\u015fan \u00e7\u00f6z\u00fcm ortaklar\u0131m\u0131z ve alan\u0131nda uzman avukatlar\u0131m\u0131zla; hukuka, meslek eti\u011fine ve Atat\u00fcrk ilke ve ink\u0131laplar\u0131na ba\u011fl\u0131 bir \u015fekilde \u00e7al\u0131\u015fmay\u0131 ilke ediniyoruz.","legalName":"Efes Hukuk B\u00fcrosu","numberOfEmployees":{"@type":"QuantitativeValue","minValue":"1","maxValue":"10"},"address":{"@id":"https:\/\/efeshukuk.com\/dava-masraflari\/#local-main-place-address"},"geo":{"@type":"GeoCoordinates","latitude":"38.467687","longitude":"27.109998"},"telephone":["+905344155256"],"contactPoint":{"@type":"ContactPoint","telephone":"+905344155256","email":"info@efeshukuk.com"},"openingHoursSpecification":[{"@type":"OpeningHoursSpecification","dayOfWeek":["Monday","Tuesday","Wednesday","Thursday","Friday"],"opens":"09:00","closes":"18:00"},{"@type":"OpeningHoursSpecification","dayOfWeek":["Saturday","Sunday"],"opens":"00:00","closes":"00:00"}],"email":"info@efeshukuk.com"},{"@type":"PostalAddress","@id":"https:\/\/efeshukuk.com\/dava-masraflari\/#local-main-place-address","streetAddress":"Nergiz Mahallesi Girne Blv No:83, Kat 2 D 2, 35600 Kar\u015f\u0131yaka","addressLocality":"\u0130zmir","postalCode":"35600","addressCountry":"TR"},{"@type":"ImageObject","inLanguage":"en-US","@id":"https:\/\/efeshukuk.com\/dava-masraflari\/#local-main-organization-logo","url":"https:\/\/efeshukuk.com\/wp-content\/uploads\/2020\/11\/5.png","contentUrl":"https:\/\/efeshukuk.com\/wp-content\/uploads\/2020\/11\/5.png","width":500,"height":500,"caption":"Efes Hukuk B\u00fcrosu"}]},"geo.placename":"\u0130zmir","geo.position":{"lat":"38.467687","long":"27.109998"},"geo.region":"Turkey"},"_links":{"self":[{"href":"https:\/\/efeshukuk.com\/en\/wp-json\/wp\/v2\/pages\/64","targetHints":{"allow":["GET"]}}],"collection":[{"href":"https:\/\/efeshukuk.com\/en\/wp-json\/wp\/v2\/pages"}],"about":[{"href":"https:\/\/efeshukuk.com\/en\/wp-json\/wp\/v2\/types\/page"}],"author":[{"embeddable":true,"href":"https:\/\/efeshukuk.com\/en\/wp-json\/wp\/v2\/users\/1"}],"replies":[{"embeddable":true,"href":"https:\/\/efeshukuk.com\/en\/wp-json\/wp\/v2\/comments?post=64"}],"version-history":[{"count":0,"href":"https:\/\/efeshukuk.com\/en\/wp-json\/wp\/v2\/pages\/64\/revisions"}],"wp:attachment":[{"href":"https:\/\/efeshukuk.com\/en\/wp-json\/wp\/v2\/media?parent=64"}],"curies":[{"name":"wp","href":"https:\/\/api.w.org\/{rel}","templated":true}]}}