{"id":444,"date":"2020-11-02T13:54:15","date_gmt":"2020-11-02T10:54:15","guid":{"rendered":"http:\/\/www.efeshukuk.com\/?page_id=444"},"modified":"2026-03-18T11:44:41","modified_gmt":"2026-03-18T08:44:41","slug":"talat-duymus","status":"publish","type":"page","link":"https:\/\/efeshukuk.com\/en\/ekibimiz\/talat-duymus\/","title":{"rendered":"Erkam Talat Duymu\u015f"},"content":{"rendered":"<h2 class=\"wp-block-heading\" id=\"av-erkam-talat-duymus\">Erkam Talat Duymu\u015f, Att.<\/h2>\n\n\n\n<p class=\"has-text-align-justify has-black-color has-text-color\">After graduating from Kadir Has University Faculty of Law with a 100% scholarship, Erkam studied law at Salzburg University for a while and graduated in 2017. In the same year, he registered at the Istanbul Bar Association and worked as a trainee lawyer and lawyer in the leading offices of Istanbul. In 2019, he registered with the U\u015fak Bar Association and opened his own firm in U\u015fak and still continues to serve his clients. He speaks English. <a href=\"https:\/\/efeshukuk.com\/en\/\" target=\"_blank\" rel=\"noreferrer noopener\">Ephesus Law Firm<\/a> It continues to work closely with and cooperate with them.<\/p>\n\n\n<h5>Address<\/h5>\n<p>Fezvi \u00c7akmak Mah. 3. Ray Sk. No:5 D:31 Demireren Plaza, 64200 Merkez\/U\u015fak<\/p>\n<h5>E-Mail<\/h5>\n<p><a href=\"mailto:t.duymus@gmail.com\">t.duymus@gmail.com<\/a><\/p>\n<h5>Phone<\/h5>\n<p><a href=\"https:\/\/www.google.com.tr\/search?source=hp&amp;ei=SOOfX42QFoKelwSlgLrACg&amp;q=av.%20talat%20u%C5%9Fak&amp;oq=av.+talat+u%C5%9Fak&amp;gs_lcp=CgZwc3ktYWIQAzoFCAAQyQM6CAguEMcBEKMCOgIIADoCCC46CAguEMkDEJMCOggILhDHARCvAToGCAAQFhAeOgkIABDJAxAWEB46BQghEKABUNgCWOggYLMiaABwAHgAgAHTAYgBqROSAQYwLjEzLjGYAQCgAQGqAQdnd3Mtd2l6&amp;sclient=psy-ab&amp;ved=2ahUKEwiAje-Q1-PsAhUmmIsKHURhAK0QvS4wAHoECAsQKg&amp;uact=5&amp;npsic=0&amp;rflfq=1&amp;rlha=0&amp;rllag=38676096,29410638,757&amp;tbm=lcl&amp;rldimm=2822778869459238656&amp;lqi=Cg9hdi4gdGFsYXQgdcWfYWtaGgoIYXYgdGFsYXQiDmF2IHRhbGF0IHXFn2Fr&amp;rldoc=1&amp;tbs=lrf:!1m4!1u3!2m2!3m1!1e1!1m4!1u2!2m2!2m1!1e1!2m1!1e2!2m1!1e3!3sIAE,lf:1,lf_ui:2&amp;rlst=f#\" data-dtype=\"d3ifr\" data-local-attribute=\"d3ph\" data-ved=\"2ahUKEwi4_PCS1-PsAhXL-ioKHb4_B_wQkAgoADAGegQICxAW\"><span role=\"link\" aria-label=\"Call phone number 0505 315 16 26\">0505 315 16 26<\/span><\/a><\/p>","protected":false},"excerpt":{"rendered":"<p>U\u015fak Bar Association | Lawyer<\/p>","protected":false},"author":1,"featured_media":6682,"parent":7389,"menu_order":0,"comment_status":"closed","ping_status":"closed","template":"","meta":{"footnotes":""},"class_list":["post-444","page","type-page","status-publish","has-post-thumbnail","hentry"],"yoast_head":"<!-- This site is optimized with the Yoast SEO Premium plugin v27.0 (Yoast SEO v27.3) - https:\/\/yoast.com\/product\/yoast-seo-premium-wordpress\/ -->\n<title>Erkam Talat Duymu\u015f - Efes Hukuk B\u00fcrosu<\/title>\n<meta name=\"description\" content=\"Av. Erkam Talat Duymu\u015f, U\u015fak Barosuna ba\u011fl\u0131 olarak \u00e7al\u0131\u015fmaktad\u0131r. Efes Hukuk B\u00fcrosu&#039;nun \u00e7\u00f6z\u00fcm ortaklar\u0131 aras\u0131nda yer almaktad\u0131r.\" \/>\n<meta name=\"robots\" content=\"index, nofollow, max-snippet:-1, max-image-preview:large, max-video-preview:-1\" \/>\n<link rel=\"canonical\" href=\"https:\/\/efeshukuk.com\/en\/ekibimiz\/talat-duymus\/\" \/>\n<meta property=\"og:locale\" content=\"en_US\" \/>\n<meta property=\"og:type\" content=\"article\" \/>\n<meta property=\"og:title\" content=\"Erkam Talat Duymu\u015f\" \/>\n<meta property=\"og:description\" content=\"U\u015fak Barosu | Avukat\" \/>\n<meta property=\"og:url\" content=\"https:\/\/efeshukuk.com\/en\/ekibimiz\/talat-duymus\/\" \/>\n<meta property=\"og:site_name\" content=\"Efes Hukuk B\u00fcrosu\" \/>\n<meta property=\"article:publisher\" content=\"https:\/\/www.facebook.com\/efeshukukburosu\" \/>\n<meta property=\"article:modified_time\" content=\"2026-03-18T08:44:41+00:00\" \/>\n<meta property=\"og:image\" content=\"https:\/\/efeshukuk.com\/wp-content\/uploads\/2021\/10\/6.png\" \/>\n\t<meta property=\"og:image:width\" content=\"370\" \/>\n\t<meta property=\"og:image:height\" content=\"462\" \/>\n\t<meta property=\"og:image:type\" content=\"image\/png\" \/>\n<meta name=\"twitter:card\" content=\"summary_large_image\" \/>\n<meta name=\"twitter:label1\" content=\"Est. reading time\" \/>\n\t<meta name=\"twitter:data1\" content=\"2 minutes\" \/>\n<script type=\"application\/ld+json\" class=\"yoast-schema-graph\">{\"@context\":\"https:\\\/\\\/schema.org\",\"@graph\":[{\"@type\":\"WebPage\",\"@id\":\"https:\\\/\\\/efeshukuk.com\\\/ekibimiz\\\/talat-duymus\\\/\",\"url\":\"https:\\\/\\\/efeshukuk.com\\\/ekibimiz\\\/talat-duymus\\\/\",\"name\":\"Erkam Talat Duymu\u015f - Efes Hukuk B\u00fcrosu\",\"isPartOf\":{\"@id\":\"https:\\\/\\\/efeshukuk.com\\\/#website\"},\"primaryImageOfPage\":{\"@id\":\"https:\\\/\\\/efeshukuk.com\\\/ekibimiz\\\/talat-duymus\\\/#primaryimage\"},\"image\":{\"@id\":\"https:\\\/\\\/efeshukuk.com\\\/ekibimiz\\\/talat-duymus\\\/#primaryimage\"},\"thumbnailUrl\":\"https:\\\/\\\/efeshukuk.com\\\/wp-content\\\/uploads\\\/2021\\\/10\\\/6.png\",\"datePublished\":\"2020-11-02T10:54:15+00:00\",\"dateModified\":\"2026-03-18T08:44:41+00:00\",\"description\":\"Av. Erkam Talat Duymu\u015f, U\u015fak Barosuna ba\u011fl\u0131 olarak \u00e7al\u0131\u015fmaktad\u0131r. Efes Hukuk B\u00fcrosu'nun \u00e7\u00f6z\u00fcm ortaklar\u0131 aras\u0131nda yer almaktad\u0131r.\",\"breadcrumb\":{\"@id\":\"https:\\\/\\\/efeshukuk.com\\\/ekibimiz\\\/talat-duymus\\\/#breadcrumb\"},\"inLanguage\":\"en-US\",\"potentialAction\":[{\"@type\":\"ReadAction\",\"target\":[\"https:\\\/\\\/efeshukuk.com\\\/ekibimiz\\\/talat-duymus\\\/\"]}]},{\"@type\":\"ImageObject\",\"inLanguage\":\"en-US\",\"@id\":\"https:\\\/\\\/efeshukuk.com\\\/ekibimiz\\\/talat-duymus\\\/#primaryimage\",\"url\":\"https:\\\/\\\/efeshukuk.com\\\/wp-content\\\/uploads\\\/2021\\\/10\\\/6.png\",\"contentUrl\":\"https:\\\/\\\/efeshukuk.com\\\/wp-content\\\/uploads\\\/2021\\\/10\\\/6.png\",\"width\":370,\"height\":462},{\"@type\":\"BreadcrumbList\",\"@id\":\"https:\\\/\\\/efeshukuk.com\\\/ekibimiz\\\/talat-duymus\\\/#breadcrumb\",\"itemListElement\":[{\"@type\":\"ListItem\",\"position\":1,\"name\":\"Ana sayfa\",\"item\":\"https:\\\/\\\/efeshukuk.com\\\/\"},{\"@type\":\"ListItem\",\"position\":2,\"name\":\"Ekibimiz\",\"item\":\"https:\\\/\\\/efeshukuk.com\\\/ekibimiz\\\/\"},{\"@type\":\"ListItem\",\"position\":3,\"name\":\"Erkam Talat Duymu\u015f\"}]},{\"@type\":\"WebSite\",\"@id\":\"https:\\\/\\\/efeshukuk.com\\\/#website\",\"url\":\"https:\\\/\\\/efeshukuk.com\\\/\",\"name\":\"Efes Hukuk B\u00fcrosu\",\"description\":\"\u0130zmir&#039;deki Avukat\u0131n\u0131z\",\"publisher\":{\"@id\":\"https:\\\/\\\/efeshukuk.com\\\/#organization\"},\"potentialAction\":[{\"@type\":\"SearchAction\",\"target\":{\"@type\":\"EntryPoint\",\"urlTemplate\":\"https:\\\/\\\/efeshukuk.com\\\/?s={search_term_string}\"},\"query-input\":{\"@type\":\"PropertyValueSpecification\",\"valueRequired\":true,\"valueName\":\"search_term_string\"}}],\"inLanguage\":\"en-US\"},{\"@type\":[\"Organization\",\"Place\",\"LegalService\"],\"@id\":\"https:\\\/\\\/efeshukuk.com\\\/#organization\",\"name\":\"Efes Hukuk B\u00fcrosu\",\"url\":\"https:\\\/\\\/efeshukuk.com\\\/\",\"logo\":{\"@id\":\"https:\\\/\\\/efeshukuk.com\\\/ekibimiz\\\/talat-duymus\\\/#local-main-organization-logo\"},\"image\":{\"@id\":\"https:\\\/\\\/efeshukuk.com\\\/ekibimiz\\\/talat-duymus\\\/#local-main-organization-logo\"},\"sameAs\":[\"https:\\\/\\\/www.facebook.com\\\/efeshukukburosu\",\"https:\\\/\\\/www.instagram.com\\\/efeshukukburosu\\\/\",\"https:\\\/\\\/www.linkedin.com\\\/company\\\/efes-law\\\/\"],\"description\":\"Efes Hukuk B\u00fcrosu, farkl\u0131 hukuk alanlar\u0131nda uzmanla\u015fm\u0131\u015f avukat kadrosuyla bireysel ve kurumsal m\u00fcvekkillerine etkili ve \u00e7\u00f6z\u00fcm odakl\u0131 hukuki dan\u0131\u015fmanl\u0131k hizmeti sunmaktad\u0131r. Ticaret hukuku, t\u00fcketici hukuku, aile hukuku, icra ve iflas hukuku gibi bir\u00e7ok alanda derin bilgiye sahip avukatlar\u0131m\u0131zla; m\u00fcvekkillerimizin haklar\u0131n\u0131 en iyi \u015fekilde korumay\u0131 ama\u00e7l\u0131yoruz. D\u00fcnyadaki hukuki de\u011fi\u015fimleri yak\u0131ndan takip ediyor, her yeni sorunu titizlikle analiz ediyoruz. M\u00fcvekkillerimizle g\u00fcvene dayal\u0131, \u015feffaf ve yak\u0131n bir ileti\u015fim kurarak, do\u011fru kararlar almalar\u0131na destek oluyoruz. Akademik d\u00fczeyde \u00e7al\u0131\u015fan \u00e7\u00f6z\u00fcm ortaklar\u0131m\u0131z ve alan\u0131nda uzman avukatlar\u0131m\u0131zla; hukuka, meslek eti\u011fine ve Atat\u00fcrk ilke ve ink\u0131laplar\u0131na ba\u011fl\u0131 bir \u015fekilde \u00e7al\u0131\u015fmay\u0131 ilke ediniyoruz.\",\"legalName\":\"Efes Hukuk B\u00fcrosu\",\"numberOfEmployees\":{\"@type\":\"QuantitativeValue\",\"minValue\":\"1\",\"maxValue\":\"10\"},\"address\":{\"@id\":\"https:\\\/\\\/efeshukuk.com\\\/ekibimiz\\\/talat-duymus\\\/#local-main-place-address\"},\"geo\":{\"@type\":\"GeoCoordinates\",\"latitude\":\"38.467687\",\"longitude\":\"27.109998\"},\"telephone\":[\"+905344155256\"],\"contactPoint\":{\"@type\":\"ContactPoint\",\"telephone\":\"+905344155256\",\"email\":\"info@efeshukuk.com\"},\"openingHoursSpecification\":[{\"@type\":\"OpeningHoursSpecification\",\"dayOfWeek\":[\"Monday\",\"Tuesday\",\"Wednesday\",\"Thursday\",\"Friday\"],\"opens\":\"09:00\",\"closes\":\"18:00\"},{\"@type\":\"OpeningHoursSpecification\",\"dayOfWeek\":[\"Saturday\",\"Sunday\"],\"opens\":\"00:00\",\"closes\":\"00:00\"}],\"email\":\"info@efeshukuk.com\"},{\"@type\":\"PostalAddress\",\"@id\":\"https:\\\/\\\/efeshukuk.com\\\/ekibimiz\\\/talat-duymus\\\/#local-main-place-address\",\"streetAddress\":\"Nergiz Mahallesi Girne Blv No:83, Kat 2 D 2, 35600 Kar\u015f\u0131yaka\",\"addressLocality\":\"\u0130zmir\",\"postalCode\":\"35600\",\"addressCountry\":\"TR\"},{\"@type\":\"ImageObject\",\"inLanguage\":\"en-US\",\"@id\":\"https:\\\/\\\/efeshukuk.com\\\/ekibimiz\\\/talat-duymus\\\/#local-main-organization-logo\",\"url\":\"https:\\\/\\\/efeshukuk.com\\\/wp-content\\\/uploads\\\/2020\\\/11\\\/5.png\",\"contentUrl\":\"https:\\\/\\\/efeshukuk.com\\\/wp-content\\\/uploads\\\/2020\\\/11\\\/5.png\",\"width\":500,\"height\":500,\"caption\":\"Efes Hukuk B\u00fcrosu\"}]}<\/script>\n<meta name=\"geo.placename\" content=\"\u0130zmir\" \/>\n<meta name=\"geo.position\" content=\"38.467687;27.109998\" \/>\n<meta name=\"geo.region\" content=\"Turkey\" \/>\n<!-- \/ Yoast SEO Premium plugin. -->","yoast_head_json":{"title":"Erkam Talat Duymu\u015f - Efes Hukuk B\u00fcrosu","description":"Av. Erkam Talat Duymu\u015f, U\u015fak Barosuna ba\u011fl\u0131 olarak \u00e7al\u0131\u015fmaktad\u0131r. Efes Hukuk B\u00fcrosu'nun \u00e7\u00f6z\u00fcm ortaklar\u0131 aras\u0131nda yer almaktad\u0131r.","robots":{"index":"index","follow":"nofollow","max-snippet":"max-snippet:-1","max-image-preview":"max-image-preview:large","max-video-preview":"max-video-preview:-1"},"canonical":"https:\/\/efeshukuk.com\/en\/ekibimiz\/talat-duymus\/","og_locale":"en_US","og_type":"article","og_title":"Erkam Talat Duymu\u015f","og_description":"U\u015fak Barosu | Avukat","og_url":"https:\/\/efeshukuk.com\/en\/ekibimiz\/talat-duymus\/","og_site_name":"Efes Hukuk B\u00fcrosu","article_publisher":"https:\/\/www.facebook.com\/efeshukukburosu","article_modified_time":"2026-03-18T08:44:41+00:00","og_image":[{"width":370,"height":462,"url":"https:\/\/efeshukuk.com\/wp-content\/uploads\/2021\/10\/6.png","type":"image\/png"}],"twitter_card":"summary_large_image","twitter_misc":{"Est. reading time":"2 minutes"},"schema":{"@context":"https:\/\/schema.org","@graph":[{"@type":"WebPage","@id":"https:\/\/efeshukuk.com\/ekibimiz\/talat-duymus\/","url":"https:\/\/efeshukuk.com\/ekibimiz\/talat-duymus\/","name":"Erkam Talat Duymu\u015f - Efes Hukuk B\u00fcrosu","isPartOf":{"@id":"https:\/\/efeshukuk.com\/#website"},"primaryImageOfPage":{"@id":"https:\/\/efeshukuk.com\/ekibimiz\/talat-duymus\/#primaryimage"},"image":{"@id":"https:\/\/efeshukuk.com\/ekibimiz\/talat-duymus\/#primaryimage"},"thumbnailUrl":"https:\/\/efeshukuk.com\/wp-content\/uploads\/2021\/10\/6.png","datePublished":"2020-11-02T10:54:15+00:00","dateModified":"2026-03-18T08:44:41+00:00","description":"Av. Erkam Talat Duymu\u015f, U\u015fak Barosuna ba\u011fl\u0131 olarak \u00e7al\u0131\u015fmaktad\u0131r. Efes Hukuk B\u00fcrosu'nun \u00e7\u00f6z\u00fcm ortaklar\u0131 aras\u0131nda yer almaktad\u0131r.","breadcrumb":{"@id":"https:\/\/efeshukuk.com\/ekibimiz\/talat-duymus\/#breadcrumb"},"inLanguage":"en-US","potentialAction":[{"@type":"ReadAction","target":["https:\/\/efeshukuk.com\/ekibimiz\/talat-duymus\/"]}]},{"@type":"ImageObject","inLanguage":"en-US","@id":"https:\/\/efeshukuk.com\/ekibimiz\/talat-duymus\/#primaryimage","url":"https:\/\/efeshukuk.com\/wp-content\/uploads\/2021\/10\/6.png","contentUrl":"https:\/\/efeshukuk.com\/wp-content\/uploads\/2021\/10\/6.png","width":370,"height":462},{"@type":"BreadcrumbList","@id":"https:\/\/efeshukuk.com\/ekibimiz\/talat-duymus\/#breadcrumb","itemListElement":[{"@type":"ListItem","position":1,"name":"Ana sayfa","item":"https:\/\/efeshukuk.com\/"},{"@type":"ListItem","position":2,"name":"Ekibimiz","item":"https:\/\/efeshukuk.com\/ekibimiz\/"},{"@type":"ListItem","position":3,"name":"Erkam Talat Duymu\u015f"}]},{"@type":"WebSite","@id":"https:\/\/efeshukuk.com\/#website","url":"https:\/\/efeshukuk.com\/","name":"Ephesus Law Firm","description":"Your Lawyer in Izmir","publisher":{"@id":"https:\/\/efeshukuk.com\/#organization"},"potentialAction":[{"@type":"SearchAction","target":{"@type":"EntryPoint","urlTemplate":"https:\/\/efeshukuk.com\/?s={search_term_string}"},"query-input":{"@type":"PropertyValueSpecification","valueRequired":true,"valueName":"search_term_string"}}],"inLanguage":"en-US"},{"@type":["Organization","Place","LegalService"],"@id":"https:\/\/efeshukuk.com\/#organization","name":"Ephesus Law Firm","url":"https:\/\/efeshukuk.com\/","logo":{"@id":"https:\/\/efeshukuk.com\/ekibimiz\/talat-duymus\/#local-main-organization-logo"},"image":{"@id":"https:\/\/efeshukuk.com\/ekibimiz\/talat-duymus\/#local-main-organization-logo"},"sameAs":["https:\/\/www.facebook.com\/efeshukukburosu","https:\/\/www.instagram.com\/efeshukukburosu\/","https:\/\/www.linkedin.com\/company\/efes-law\/"],"description":"Efes Hukuk B\u00fcrosu, farkl\u0131 hukuk alanlar\u0131nda uzmanla\u015fm\u0131\u015f avukat kadrosuyla bireysel ve kurumsal m\u00fcvekkillerine etkili ve \u00e7\u00f6z\u00fcm odakl\u0131 hukuki dan\u0131\u015fmanl\u0131k hizmeti sunmaktad\u0131r. Ticaret hukuku, t\u00fcketici hukuku, aile hukuku, icra ve iflas hukuku gibi bir\u00e7ok alanda derin bilgiye sahip avukatlar\u0131m\u0131zla; m\u00fcvekkillerimizin haklar\u0131n\u0131 en iyi \u015fekilde korumay\u0131 ama\u00e7l\u0131yoruz. D\u00fcnyadaki hukuki de\u011fi\u015fimleri yak\u0131ndan takip ediyor, her yeni sorunu titizlikle analiz ediyoruz. M\u00fcvekkillerimizle g\u00fcvene dayal\u0131, \u015feffaf ve yak\u0131n bir ileti\u015fim kurarak, do\u011fru kararlar almalar\u0131na destek oluyoruz. Akademik d\u00fczeyde \u00e7al\u0131\u015fan \u00e7\u00f6z\u00fcm ortaklar\u0131m\u0131z ve alan\u0131nda uzman avukatlar\u0131m\u0131zla; hukuka, meslek eti\u011fine ve Atat\u00fcrk ilke ve ink\u0131laplar\u0131na ba\u011fl\u0131 bir \u015fekilde \u00e7al\u0131\u015fmay\u0131 ilke ediniyoruz.","legalName":"Efes Hukuk B\u00fcrosu","numberOfEmployees":{"@type":"QuantitativeValue","minValue":"1","maxValue":"10"},"address":{"@id":"https:\/\/efeshukuk.com\/ekibimiz\/talat-duymus\/#local-main-place-address"},"geo":{"@type":"GeoCoordinates","latitude":"38.467687","longitude":"27.109998"},"telephone":["+905344155256"],"contactPoint":{"@type":"ContactPoint","telephone":"+905344155256","email":"info@efeshukuk.com"},"openingHoursSpecification":[{"@type":"OpeningHoursSpecification","dayOfWeek":["Monday","Tuesday","Wednesday","Thursday","Friday"],"opens":"09:00","closes":"18:00"},{"@type":"OpeningHoursSpecification","dayOfWeek":["Saturday","Sunday"],"opens":"00:00","closes":"00:00"}],"email":"info@efeshukuk.com"},{"@type":"PostalAddress","@id":"https:\/\/efeshukuk.com\/ekibimiz\/talat-duymus\/#local-main-place-address","streetAddress":"Nergiz Mahallesi Girne Blv No:83, Kat 2 D 2, 35600 Kar\u015f\u0131yaka","addressLocality":"\u0130zmir","postalCode":"35600","addressCountry":"TR"},{"@type":"ImageObject","inLanguage":"en-US","@id":"https:\/\/efeshukuk.com\/ekibimiz\/talat-duymus\/#local-main-organization-logo","url":"https:\/\/efeshukuk.com\/wp-content\/uploads\/2020\/11\/5.png","contentUrl":"https:\/\/efeshukuk.com\/wp-content\/uploads\/2020\/11\/5.png","width":500,"height":500,"caption":"Efes Hukuk B\u00fcrosu"}]},"geo.placename":"\u0130zmir","geo.position":{"lat":"38.467687","long":"27.109998"},"geo.region":"Turkey"},"_links":{"self":[{"href":"https:\/\/efeshukuk.com\/en\/wp-json\/wp\/v2\/pages\/444","targetHints":{"allow":["GET"]}}],"collection":[{"href":"https:\/\/efeshukuk.com\/en\/wp-json\/wp\/v2\/pages"}],"about":[{"href":"https:\/\/efeshukuk.com\/en\/wp-json\/wp\/v2\/types\/page"}],"author":[{"embeddable":true,"href":"https:\/\/efeshukuk.com\/en\/wp-json\/wp\/v2\/users\/1"}],"replies":[{"embeddable":true,"href":"https:\/\/efeshukuk.com\/en\/wp-json\/wp\/v2\/comments?post=444"}],"version-history":[{"count":0,"href":"https:\/\/efeshukuk.com\/en\/wp-json\/wp\/v2\/pages\/444\/revisions"}],"up":[{"embeddable":true,"href":"https:\/\/efeshukuk.com\/en\/wp-json\/wp\/v2\/pages\/7389"}],"wp:featuredmedia":[{"embeddable":true,"href":"https:\/\/efeshukuk.com\/en\/wp-json\/wp\/v2\/media\/6682"}],"wp:attachment":[{"href":"https:\/\/efeshukuk.com\/en\/wp-json\/wp\/v2\/media?parent=444"}],"curies":[{"name":"wp","href":"https:\/\/api.w.org\/{rel}","templated":true}]}}