{"id":3,"date":"2020-10-29T13:33:15","date_gmt":"2020-10-29T10:33:15","guid":{"rendered":"http:\/\/www.efeshukuk.com\/?page_id=3"},"modified":"2021-01-03T00:44:55","modified_gmt":"2021-01-02T21:44:55","slug":"cerez-politikasi","status":"publish","type":"page","link":"https:\/\/efeshukuk.com\/en\/cerez-politikasi\/","title":{"rendered":"Cookie Policy"},"content":{"rendered":"<h2 class=\"wp-block-heading\">Cookie Policy<\/h2>\n\n\n\n<div class=\"wp-block-image\"><figure class=\"aligncenter size-large is-resized\"><img loading=\"lazy\" decoding=\"async\" src=\"https:\/\/www.efeshukuk.com\/wp-content\/uploads\/2021\/01\/PNGPIX-COM-Cookie-PNG-Image-1-1-1024x605.png\" alt=\"\u00c7erez Politikas\u0131\" class=\"wp-image-2103\" width=\"256\" height=\"151\" srcset=\"https:\/\/efeshukuk.com\/wp-content\/uploads\/2021\/01\/PNGPIX-COM-Cookie-PNG-Image-1-1-1024x605.png 1024w, https:\/\/efeshukuk.com\/wp-content\/uploads\/2021\/01\/PNGPIX-COM-Cookie-PNG-Image-1-1-300x177.png 300w, https:\/\/efeshukuk.com\/wp-content\/uploads\/2021\/01\/PNGPIX-COM-Cookie-PNG-Image-1-1-768x453.png 768w, https:\/\/efeshukuk.com\/wp-content\/uploads\/2021\/01\/PNGPIX-COM-Cookie-PNG-Image-1-1-1536x907.png 1536w, https:\/\/efeshukuk.com\/wp-content\/uploads\/2021\/01\/PNGPIX-COM-Cookie-PNG-Image-1-1-16x9.png 16w, https:\/\/efeshukuk.com\/wp-content\/uploads\/2021\/01\/PNGPIX-COM-Cookie-PNG-Image-1-1.png 1680w\" sizes=\"auto, (max-width: 256px) 100vw, 256px\" \/><\/figure><\/div>\n\n\n\n<p class=\"has-text-align-justify has-black-color has-text-color translation-block\">This Cookie Policy (hereinafter referred to as the Policy); relates to the website operated by; It contains explanations regarding the use of cookies by Efes Law Firm. By accepting the information regarding the cookie policy in the \"banner\" or \"pop-up\" that you encounter while using our site, you consent to the processing and use of cookies as specified in this Policy.<\/p>\n\n\n\n<h3 class=\"wp-block-heading\"><br><strong>Who Sends Cookies and How?<\/strong><strong><\/strong><\/h3>\n\n\n\n<p class=\"has-text-align-justify has-black-color has-text-color\">Cookies are sent by Efes Law Firm or, if it provides some content such as video or photos on the visited page, by third parties and through the communication established between the browser on your device (such as Google Chrome, Safari, etc.) and the servers of the above-mentioned organization.<\/p>\n\n\n\n<h3 class=\"wp-block-heading\"><br><strong>What Purpose Are Cookies Used For?<\/strong><\/h3>\n\n\n\n<p class=\"has-black-color has-text-color\">Cookies are used for many different purposes. For example, cookies are mostly used for the following purposes:<\/p>\n\n\n\n<ul class=\"wp-block-list\"><li>The proper functioning of the website (For example, the presence of content such as text, photos, links in the site in relevant places)<\/li><li>Providing a more personalized and interesting experience for visitors (for example, providing services tailored to your preferences)<\/li><li>Developing and optimizing the website (for example, making pages with errors or not preferred) and<\/li><li>Remembering visitors' preferences (For example, the information you enter when logging into our website, language and other preferences)&nbsp;<\/li><li>Keeping site browsing activities related to public safety.<\/li><\/ul>\n\n\n\n<h3 class=\"wp-block-heading\"><br><strong>What Kind of Cookies Do You Use?<\/strong><\/h3>\n\n\n\n<ul class=\"has-black-color has-text-color wp-block-list\"><li><em>Session Cookies&nbsp;&nbsp;<\/em>&nbsp;&nbsp;It refers to temporary cookies kept on your devices until you leave the website.<\/li><li><em>Persisten Cookies<\/em>&nbsp;&nbsp; &nbsp;Persistent cookies, on the other hand, are the types of cookies that remain on your device's hard disk for a long time, and their duration of use can vary from a few days to several years.<\/li><li><em>Necessary Cookies&nbsp;&nbsp; &nbsp;<\/em>It is mandatory for the website to function properly and for users to benefit from the services and navigation features offered on the site. For example, social media sharing cookies sent to your device by social media networks are mandatory cookies, although they are not sent by us, so that you can share news that interests you on our site or access our accounts on the relevant platform.<\/li><li><em>Functional and Analytical Cookies&nbsp;&nbsp;&nbsp;<\/em>&nbsp;It is used for purposes such as remembering your preferences, using the website effectively, optimizing the site to respond to user requests, and includes data about how visitors use the site. Due to their nature, these types of cookies may contain your personal information. For example, cookies that save your language preference on our site are functional cookies.<\/li><\/ul>\n\n\n\n<h3 class=\"wp-block-heading\">&nbsp;<br><strong>How is the information received from your device used?<\/strong><strong><\/strong><\/h3>\n\n\n\n<p class=\"has-text-align-justify has-black-color has-text-color\"><br>In addition, we use the contents of the articles, news and other tabs on our website for statistical purposes by anonymizing the usage data regarding the frequency of clicks and the pages visited during your visits. You do not have to accept cookies in order to use our website, but in this case, the quality of your user experience may decrease. You can delete or block cookies, but in this case, our website may not work as it should. We do not use the data we collect through cookies to identify you. Cookies are not used for purposes other than those specified in this Policy and are not processed in violation of data protection legislation.<\/p>\n\n\n\n<h3 class=\"wp-block-heading\"><strong>How can you prevent the use of cookies?<\/strong><strong><\/strong><\/h3>\n\n\n\n<p class=\"has-text-align-justify has-black-color has-text-color\">The use of cookies allows the Website to serve better, and you can prevent the use of cookies if you wish. However, please note that in this case, the site may not function fully and you may not be able to benefit from all its features. To prevent the use of cookies, you need to change the settings of your internet browser. These changes vary depending on the device and internet browser you are using. Below is information on what steps should be followed to prevent the use of cookies on different internet browsers:<\/p>\n\n\n\n<h4 class=\"wp-block-heading\"><strong><a href=\"https:\/\/support.microsoft.com\/tr-tr\/topic\/tan%C4%B1mlama-bilgilerini-silme-ve-y%C3%B6netme-168dab11-0753-043d-7c16-ede5947fc64d\" target=\"_blank\" rel=\"noreferrer noopener\"> Internet Explorer<\/a><\/strong><\/h4>\n\n\n\n<p class=\"has-black-color has-text-color\">1. Open the desktop and tap or click the Internet Explorer icon on the taskbar.<br>2. Tap or click the Tools button and Internet options.<br>3. Tap or click the Privacy tab, then move the slider up under Settings and tap or click the OK button to block all cookies.<\/p>\n\n\n\n<h4 class=\"wp-block-heading\"> <strong>Microsoft Edge<\/strong><\/h4>\n\n\n\n<p class=\"has-black-color has-text-color\">1. Microsoft Edge taray\u0131c\u0131n\u0131z\u0131n sa\u011f \u00fcst k\u00f6\u015fesinden \u00fc\u00e7 nokta i\u015fareti olan b\u00f6l\u00fcme t\u0131klay\u0131n ve Ayarlar b\u00f6l\u00fcm\u00fcne gelin.<br>2. Kar\u015f\u0131n\u0131za gelen yeni pencereden Temizlenecek \u00d6\u011feleri Se\u00e7 dedikten sonra kar\u015f\u0131n\u0131za gelen pencereden temizlemek istedi\u011finiz b\u00f6l\u00fcmleri se\u00e7in.<br>3. Burada bir\u00e7ok b\u00f6l\u00fcm bulunmaktad\u0131r. \u0130stedi\u011finizi se\u00e7erek temizleme i\u015flemine ba\u015flayabilirsiniz<\/p>\n\n\n\n<h4 class=\"wp-block-heading\"><a href=\"https:\/\/support.google.com\/chrome\/answer\/95647?co=GENIE.Platform%3DDesktop&amp;hl=tr\" target=\"_blank\" rel=\"noreferrer noopener\"> <strong>Google Chrome<\/strong><\/a><\/h4>\n\n\n\n<p class=\"has-black-color has-text-color translation-block\">1. Open Chrome on your computer.<br>2. Click More Settings in the top right.<br>3. Click Advanced at the bottom.<br>4. Under \u201cPrivacy and security\u201d, click Content settings.<br>5. Click Cookies.<br>6. Search for the name of the Website under \u201cAll cookies and site data\u201d.<br>7. Click the Remove icon on the right of the site<\/p>\n\n\n\n<h4 class=\"wp-block-heading\"><a href=\"https:\/\/support.mozilla.org\/tr\/kb\/firefox-onbellegi-nasil-temizlenir\" target=\"_blank\" rel=\"noreferrer noopener\"> <strong>Mozilla Firefox<\/strong><\/a><\/h4>\n\n\n\n<p class=\"has-black-color has-text-color translation-block\">1. Click the Firefox Menu button and select Options<br>2. Select the Privacy &amp; Security panel and go to the History section.<br>3. Change Firefox to use custom settings for history.<br>4. Click the Show cookies\u2026 button. The Cookies window will appear.<br>5. In the Search: field, type the name of the site whose cookies you want to delete. Cookies matching your search will be displayed.<br>6. Select the cookie(s) you want to delete and click the Delete selected button.<br>7. Close the Cookies window by clicking the Close button. Then close the about:preferences page<\/p>\n\n\n\n<h4 class=\"wp-block-heading\"><strong><a href=\"https:\/\/support.apple.com\/tr-tr\/HT201265\" target=\"_blank\" rel=\"noreferrer noopener\">Safari<\/a><\/strong><\/h4>\n\n\n\n<p class=\"has-black-color has-text-color translation-block\">1. Choose Safari &gt; Preferences.<br>2. Click Privacy.<br>3. Click Website Data.<br>4. Select one or more websites and then click Delete or Delete All.<br>You can also delete all cookies left behind by websites you visit via third party software.<\/p>\n\n\n\n<h4 class=\"wp-block-heading\"><strong><a href=\"https:\/\/www.operaturkiye.net\/arsiv\/yardim\/Windows\/10.00\/tr\/cookies.html\" target=\"_blank\" rel=\"noreferrer noopener\">Opera<\/a><\/strong><\/h4>\n\n\n\n<p class=\"has-black-color has-text-color\">1.\u00a0 Go to the \u201cpreferences\u201d section of your browser.<\/p>\n\n\n\n<p class=\"has-black-color has-text-color\">2. By selecting the \u201cAdvanced\u201d section. You can edit cookies in the Cookies section.<\/p>\n\n\n\n<p class=\"has-black-color has-text-color\">With this cookie policy, you can visit the privacy notice on our website to get information about your personal data other than cookies. &nbsp;<\/p>","protected":false},"excerpt":{"rendered":"<p>Bu \u00c7erez Politikas\u0131 (\u0130\u015fbu metin kapsam\u0131nda Politika olarak an\u0131lacakt\u0131r); Efes Hukuk B\u00fcrosu taraf\u0131ndan i\u015fletilmekte olan internet sitesini ilgilendirmekte; Efes Hukuk B\u00fcrosu`in \u00e7erez kullan\u0131m\u0131na ili\u015fkin a\u00e7\u0131klamalar i\u00e7ermektedir. Sitemizi kullan\u0131rken kar\u015f\u0131n\u0131za \u00e7\u0131kan \u201cbanner\u201d veya \u201cpop up\u201d da yer alan \u00e7erez politikas\u0131na ili\u015fkin bilgilendirmeyi kabul etmeniz ile \u00e7erezlerin i\u015fbu Politika`da belirtilen \u015fekilde i\u015flenmelerine ve kullan\u0131lmalar\u0131n\u0131 onay vermi\u015f olursunuz.<\/p>","protected":false},"author":1,"featured_media":0,"parent":0,"menu_order":0,"comment_status":"closed","ping_status":"open","template":"","meta":{"footnotes":""},"class_list":["post-3","page","type-page","status-publish","hentry"],"yoast_head":"<!-- This site is optimized with the Yoast SEO Premium plugin v27.0 (Yoast SEO v27.3) - https:\/\/yoast.com\/product\/yoast-seo-premium-wordpress\/ -->\n<title>\u00c7erez Politikas\u0131 - Efes Hukuk B\u00fcrosu B\u00fcrosu | \u0130zmir Avukat<\/title>\n<meta name=\"description\" content=\"Bu \u00c7erez Politikas\u0131; Efes Hukuk B\u00fcrosu internet sitesini ilgilendirmekte ve \u00e7erez kullan\u0131m\u0131na ili\u015fkin a\u00e7\u0131klamalar i\u00e7ermektedir.\" \/>\n<meta name=\"robots\" content=\"noindex, follow\" \/>\n<meta property=\"og:locale\" content=\"en_US\" \/>\n<meta property=\"og:type\" content=\"article\" \/>\n<meta property=\"og:title\" content=\"\u00c7erez Politikas\u0131\" \/>\n<meta property=\"og:description\" content=\"Bu \u00c7erez Politikas\u0131 (\u0130\u015fbu metin kapsam\u0131nda Politika olarak an\u0131lacakt\u0131r); Efes Hukuk B\u00fcrosu taraf\u0131ndan i\u015fletilmekte olan internet sitesini ilgilendirmekte; Efes Hukuk B\u00fcrosu`in \u00e7erez kullan\u0131m\u0131na ili\u015fkin a\u00e7\u0131klamalar i\u00e7ermektedir. Sitemizi kullan\u0131rken kar\u015f\u0131n\u0131za \u00e7\u0131kan \u201cbanner\u201d veya \u201cpop up\u201d da yer alan \u00e7erez politikas\u0131na ili\u015fkin bilgilendirmeyi kabul etmeniz ile \u00e7erezlerin i\u015fbu Politika`da belirtilen \u015fekilde i\u015flenmelerine ve kullan\u0131lmalar\u0131n\u0131 onay vermi\u015f olursunuz.\" \/>\n<meta property=\"og:url\" content=\"https:\/\/efeshukuk.com\/en\/cerez-politikasi\/\" \/>\n<meta property=\"og:site_name\" content=\"Efes Hukuk B\u00fcrosu\" \/>\n<meta property=\"article:publisher\" content=\"https:\/\/www.facebook.com\/efeshukukburosu\" \/>\n<meta property=\"article:modified_time\" content=\"2021-01-02T21:44:55+00:00\" \/>\n<meta property=\"og:image\" content=\"https:\/\/www.efeshukuk.com\/wp-content\/uploads\/2021\/01\/PNGPIX-COM-Cookie-PNG-Image-1-1-1024x605.png\" \/>\n<meta name=\"twitter:card\" content=\"summary_large_image\" \/>\n<meta name=\"twitter:label1\" content=\"Est. reading time\" \/>\n\t<meta name=\"twitter:data1\" content=\"6 minutes\" \/>\n<script type=\"application\/ld+json\" class=\"yoast-schema-graph\">{\"@context\":\"https:\\\/\\\/schema.org\",\"@graph\":[{\"@type\":\"WebPage\",\"@id\":\"https:\\\/\\\/efeshukuk.com\\\/cerez-politikasi\\\/\",\"url\":\"https:\\\/\\\/efeshukuk.com\\\/cerez-politikasi\\\/\",\"name\":\"\u00c7erez Politikas\u0131 - Efes Hukuk B\u00fcrosu B\u00fcrosu | \u0130zmir Avukat\",\"isPartOf\":{\"@id\":\"https:\\\/\\\/efeshukuk.com\\\/#website\"},\"primaryImageOfPage\":{\"@id\":\"https:\\\/\\\/efeshukuk.com\\\/cerez-politikasi\\\/#primaryimage\"},\"image\":{\"@id\":\"https:\\\/\\\/efeshukuk.com\\\/cerez-politikasi\\\/#primaryimage\"},\"thumbnailUrl\":\"https:\\\/\\\/www.efeshukuk.com\\\/wp-content\\\/uploads\\\/2021\\\/01\\\/PNGPIX-COM-Cookie-PNG-Image-1-1-1024x605.png\",\"datePublished\":\"2020-10-29T10:33:15+00:00\",\"dateModified\":\"2021-01-02T21:44:55+00:00\",\"description\":\"Bu \u00c7erez Politikas\u0131; Efes Hukuk B\u00fcrosu internet sitesini ilgilendirmekte ve \u00e7erez kullan\u0131m\u0131na ili\u015fkin a\u00e7\u0131klamalar i\u00e7ermektedir.\",\"breadcrumb\":{\"@id\":\"https:\\\/\\\/efeshukuk.com\\\/cerez-politikasi\\\/#breadcrumb\"},\"inLanguage\":\"en-US\",\"potentialAction\":[{\"@type\":\"ReadAction\",\"target\":[\"https:\\\/\\\/efeshukuk.com\\\/cerez-politikasi\\\/\"]}]},{\"@type\":\"ImageObject\",\"inLanguage\":\"en-US\",\"@id\":\"https:\\\/\\\/efeshukuk.com\\\/cerez-politikasi\\\/#primaryimage\",\"url\":\"https:\\\/\\\/www.efeshukuk.com\\\/wp-content\\\/uploads\\\/2021\\\/01\\\/PNGPIX-COM-Cookie-PNG-Image-1-1-1024x605.png\",\"contentUrl\":\"https:\\\/\\\/www.efeshukuk.com\\\/wp-content\\\/uploads\\\/2021\\\/01\\\/PNGPIX-COM-Cookie-PNG-Image-1-1-1024x605.png\"},{\"@type\":\"BreadcrumbList\",\"@id\":\"https:\\\/\\\/efeshukuk.com\\\/cerez-politikasi\\\/#breadcrumb\",\"itemListElement\":[{\"@type\":\"ListItem\",\"position\":1,\"name\":\"Ana sayfa\",\"item\":\"https:\\\/\\\/efeshukuk.com\\\/\"},{\"@type\":\"ListItem\",\"position\":2,\"name\":\"\u00c7erez Politikas\u0131\"}]},{\"@type\":\"WebSite\",\"@id\":\"https:\\\/\\\/efeshukuk.com\\\/#website\",\"url\":\"https:\\\/\\\/efeshukuk.com\\\/\",\"name\":\"Efes Hukuk B\u00fcrosu\",\"description\":\"\u0130zmir&#039;deki Avukat\u0131n\u0131z\",\"publisher\":{\"@id\":\"https:\\\/\\\/efeshukuk.com\\\/#organization\"},\"potentialAction\":[{\"@type\":\"SearchAction\",\"target\":{\"@type\":\"EntryPoint\",\"urlTemplate\":\"https:\\\/\\\/efeshukuk.com\\\/?s={search_term_string}\"},\"query-input\":{\"@type\":\"PropertyValueSpecification\",\"valueRequired\":true,\"valueName\":\"search_term_string\"}}],\"inLanguage\":\"en-US\"},{\"@type\":[\"Organization\",\"Place\",\"LegalService\"],\"@id\":\"https:\\\/\\\/efeshukuk.com\\\/#organization\",\"name\":\"Efes Hukuk B\u00fcrosu\",\"url\":\"https:\\\/\\\/efeshukuk.com\\\/\",\"logo\":{\"@id\":\"https:\\\/\\\/efeshukuk.com\\\/cerez-politikasi\\\/#local-main-organization-logo\"},\"image\":{\"@id\":\"https:\\\/\\\/efeshukuk.com\\\/cerez-politikasi\\\/#local-main-organization-logo\"},\"sameAs\":[\"https:\\\/\\\/www.facebook.com\\\/efeshukukburosu\",\"https:\\\/\\\/www.instagram.com\\\/efeshukukburosu\\\/\",\"https:\\\/\\\/www.linkedin.com\\\/company\\\/efes-law\\\/\"],\"description\":\"Efes Hukuk B\u00fcrosu, farkl\u0131 hukuk alanlar\u0131nda uzmanla\u015fm\u0131\u015f avukat kadrosuyla bireysel ve kurumsal m\u00fcvekkillerine etkili ve \u00e7\u00f6z\u00fcm odakl\u0131 hukuki dan\u0131\u015fmanl\u0131k hizmeti sunmaktad\u0131r. Ticaret hukuku, t\u00fcketici hukuku, aile hukuku, icra ve iflas hukuku gibi bir\u00e7ok alanda derin bilgiye sahip avukatlar\u0131m\u0131zla; m\u00fcvekkillerimizin haklar\u0131n\u0131 en iyi \u015fekilde korumay\u0131 ama\u00e7l\u0131yoruz. D\u00fcnyadaki hukuki de\u011fi\u015fimleri yak\u0131ndan takip ediyor, her yeni sorunu titizlikle analiz ediyoruz. M\u00fcvekkillerimizle g\u00fcvene dayal\u0131, \u015feffaf ve yak\u0131n bir ileti\u015fim kurarak, do\u011fru kararlar almalar\u0131na destek oluyoruz. Akademik d\u00fczeyde \u00e7al\u0131\u015fan \u00e7\u00f6z\u00fcm ortaklar\u0131m\u0131z ve alan\u0131nda uzman avukatlar\u0131m\u0131zla; hukuka, meslek eti\u011fine ve Atat\u00fcrk ilke ve ink\u0131laplar\u0131na ba\u011fl\u0131 bir \u015fekilde \u00e7al\u0131\u015fmay\u0131 ilke ediniyoruz.\",\"legalName\":\"Efes Hukuk B\u00fcrosu\",\"numberOfEmployees\":{\"@type\":\"QuantitativeValue\",\"minValue\":\"1\",\"maxValue\":\"10\"},\"address\":{\"@id\":\"https:\\\/\\\/efeshukuk.com\\\/cerez-politikasi\\\/#local-main-place-address\"},\"geo\":{\"@type\":\"GeoCoordinates\",\"latitude\":\"38.467687\",\"longitude\":\"27.109998\"},\"telephone\":[\"+905344155256\"],\"contactPoint\":{\"@type\":\"ContactPoint\",\"telephone\":\"+905344155256\",\"email\":\"info@efeshukuk.com\"},\"openingHoursSpecification\":[{\"@type\":\"OpeningHoursSpecification\",\"dayOfWeek\":[\"Monday\",\"Tuesday\",\"Wednesday\",\"Thursday\",\"Friday\"],\"opens\":\"09:00\",\"closes\":\"18:00\"},{\"@type\":\"OpeningHoursSpecification\",\"dayOfWeek\":[\"Saturday\",\"Sunday\"],\"opens\":\"00:00\",\"closes\":\"00:00\"}],\"email\":\"info@efeshukuk.com\"},{\"@type\":\"PostalAddress\",\"@id\":\"https:\\\/\\\/efeshukuk.com\\\/cerez-politikasi\\\/#local-main-place-address\",\"streetAddress\":\"Nergiz Mahallesi Girne Blv No:83, Kat 2 D 2, 35600 Kar\u015f\u0131yaka\",\"addressLocality\":\"\u0130zmir\",\"postalCode\":\"35600\",\"addressCountry\":\"TR\"},{\"@type\":\"ImageObject\",\"inLanguage\":\"en-US\",\"@id\":\"https:\\\/\\\/efeshukuk.com\\\/cerez-politikasi\\\/#local-main-organization-logo\",\"url\":\"https:\\\/\\\/efeshukuk.com\\\/wp-content\\\/uploads\\\/2020\\\/11\\\/5.png\",\"contentUrl\":\"https:\\\/\\\/efeshukuk.com\\\/wp-content\\\/uploads\\\/2020\\\/11\\\/5.png\",\"width\":500,\"height\":500,\"caption\":\"Efes Hukuk B\u00fcrosu\"}]}<\/script>\n<meta name=\"geo.placename\" content=\"\u0130zmir\" \/>\n<meta name=\"geo.position\" content=\"38.467687;27.109998\" \/>\n<meta name=\"geo.region\" content=\"Turkey\" \/>\n<!-- \/ Yoast SEO Premium plugin. -->","yoast_head_json":{"title":"\u00c7erez Politikas\u0131 - Efes Hukuk B\u00fcrosu B\u00fcrosu | \u0130zmir Avukat","description":"Bu \u00c7erez Politikas\u0131; Efes Hukuk B\u00fcrosu internet sitesini ilgilendirmekte ve \u00e7erez kullan\u0131m\u0131na ili\u015fkin a\u00e7\u0131klamalar i\u00e7ermektedir.","robots":{"index":"noindex","follow":"follow"},"og_locale":"en_US","og_type":"article","og_title":"\u00c7erez Politikas\u0131","og_description":"Bu \u00c7erez Politikas\u0131 (\u0130\u015fbu metin kapsam\u0131nda Politika olarak an\u0131lacakt\u0131r); Efes Hukuk B\u00fcrosu taraf\u0131ndan i\u015fletilmekte olan internet sitesini ilgilendirmekte; Efes Hukuk B\u00fcrosu`in \u00e7erez kullan\u0131m\u0131na ili\u015fkin a\u00e7\u0131klamalar i\u00e7ermektedir. Sitemizi kullan\u0131rken kar\u015f\u0131n\u0131za \u00e7\u0131kan \u201cbanner\u201d veya \u201cpop up\u201d da yer alan \u00e7erez politikas\u0131na ili\u015fkin bilgilendirmeyi kabul etmeniz ile \u00e7erezlerin i\u015fbu Politika`da belirtilen \u015fekilde i\u015flenmelerine ve kullan\u0131lmalar\u0131n\u0131 onay vermi\u015f olursunuz.","og_url":"https:\/\/efeshukuk.com\/en\/cerez-politikasi\/","og_site_name":"Efes Hukuk B\u00fcrosu","article_publisher":"https:\/\/www.facebook.com\/efeshukukburosu","article_modified_time":"2021-01-02T21:44:55+00:00","og_image":[{"url":"https:\/\/www.efeshukuk.com\/wp-content\/uploads\/2021\/01\/PNGPIX-COM-Cookie-PNG-Image-1-1-1024x605.png","type":"","width":"","height":""}],"twitter_card":"summary_large_image","twitter_misc":{"Est. reading time":"6 minutes"},"schema":{"@context":"https:\/\/schema.org","@graph":[{"@type":"WebPage","@id":"https:\/\/efeshukuk.com\/cerez-politikasi\/","url":"https:\/\/efeshukuk.com\/cerez-politikasi\/","name":"\u00c7erez Politikas\u0131 - Efes Hukuk B\u00fcrosu B\u00fcrosu | \u0130zmir Avukat","isPartOf":{"@id":"https:\/\/efeshukuk.com\/#website"},"primaryImageOfPage":{"@id":"https:\/\/efeshukuk.com\/cerez-politikasi\/#primaryimage"},"image":{"@id":"https:\/\/efeshukuk.com\/cerez-politikasi\/#primaryimage"},"thumbnailUrl":"https:\/\/www.efeshukuk.com\/wp-content\/uploads\/2021\/01\/PNGPIX-COM-Cookie-PNG-Image-1-1-1024x605.png","datePublished":"2020-10-29T10:33:15+00:00","dateModified":"2021-01-02T21:44:55+00:00","description":"Bu \u00c7erez Politikas\u0131; Efes Hukuk B\u00fcrosu internet sitesini ilgilendirmekte ve \u00e7erez kullan\u0131m\u0131na ili\u015fkin a\u00e7\u0131klamalar i\u00e7ermektedir.","breadcrumb":{"@id":"https:\/\/efeshukuk.com\/cerez-politikasi\/#breadcrumb"},"inLanguage":"en-US","potentialAction":[{"@type":"ReadAction","target":["https:\/\/efeshukuk.com\/cerez-politikasi\/"]}]},{"@type":"ImageObject","inLanguage":"en-US","@id":"https:\/\/efeshukuk.com\/cerez-politikasi\/#primaryimage","url":"https:\/\/www.efeshukuk.com\/wp-content\/uploads\/2021\/01\/PNGPIX-COM-Cookie-PNG-Image-1-1-1024x605.png","contentUrl":"https:\/\/www.efeshukuk.com\/wp-content\/uploads\/2021\/01\/PNGPIX-COM-Cookie-PNG-Image-1-1-1024x605.png"},{"@type":"BreadcrumbList","@id":"https:\/\/efeshukuk.com\/cerez-politikasi\/#breadcrumb","itemListElement":[{"@type":"ListItem","position":1,"name":"Ana sayfa","item":"https:\/\/efeshukuk.com\/"},{"@type":"ListItem","position":2,"name":"\u00c7erez Politikas\u0131"}]},{"@type":"WebSite","@id":"https:\/\/efeshukuk.com\/#website","url":"https:\/\/efeshukuk.com\/","name":"Ephesus Law Firm","description":"Your Lawyer in Izmir","publisher":{"@id":"https:\/\/efeshukuk.com\/#organization"},"potentialAction":[{"@type":"SearchAction","target":{"@type":"EntryPoint","urlTemplate":"https:\/\/efeshukuk.com\/?s={search_term_string}"},"query-input":{"@type":"PropertyValueSpecification","valueRequired":true,"valueName":"search_term_string"}}],"inLanguage":"en-US"},{"@type":["Organization","Place","LegalService"],"@id":"https:\/\/efeshukuk.com\/#organization","name":"Ephesus Law Firm","url":"https:\/\/efeshukuk.com\/","logo":{"@id":"https:\/\/efeshukuk.com\/cerez-politikasi\/#local-main-organization-logo"},"image":{"@id":"https:\/\/efeshukuk.com\/cerez-politikasi\/#local-main-organization-logo"},"sameAs":["https:\/\/www.facebook.com\/efeshukukburosu","https:\/\/www.instagram.com\/efeshukukburosu\/","https:\/\/www.linkedin.com\/company\/efes-law\/"],"description":"Efes Hukuk B\u00fcrosu, farkl\u0131 hukuk alanlar\u0131nda uzmanla\u015fm\u0131\u015f avukat kadrosuyla bireysel ve kurumsal m\u00fcvekkillerine etkili ve \u00e7\u00f6z\u00fcm odakl\u0131 hukuki dan\u0131\u015fmanl\u0131k hizmeti sunmaktad\u0131r. Ticaret hukuku, t\u00fcketici hukuku, aile hukuku, icra ve iflas hukuku gibi bir\u00e7ok alanda derin bilgiye sahip avukatlar\u0131m\u0131zla; m\u00fcvekkillerimizin haklar\u0131n\u0131 en iyi \u015fekilde korumay\u0131 ama\u00e7l\u0131yoruz. D\u00fcnyadaki hukuki de\u011fi\u015fimleri yak\u0131ndan takip ediyor, her yeni sorunu titizlikle analiz ediyoruz. M\u00fcvekkillerimizle g\u00fcvene dayal\u0131, \u015feffaf ve yak\u0131n bir ileti\u015fim kurarak, do\u011fru kararlar almalar\u0131na destek oluyoruz. Akademik d\u00fczeyde \u00e7al\u0131\u015fan \u00e7\u00f6z\u00fcm ortaklar\u0131m\u0131z ve alan\u0131nda uzman avukatlar\u0131m\u0131zla; hukuka, meslek eti\u011fine ve Atat\u00fcrk ilke ve ink\u0131laplar\u0131na ba\u011fl\u0131 bir \u015fekilde \u00e7al\u0131\u015fmay\u0131 ilke ediniyoruz.","legalName":"Efes Hukuk B\u00fcrosu","numberOfEmployees":{"@type":"QuantitativeValue","minValue":"1","maxValue":"10"},"address":{"@id":"https:\/\/efeshukuk.com\/cerez-politikasi\/#local-main-place-address"},"geo":{"@type":"GeoCoordinates","latitude":"38.467687","longitude":"27.109998"},"telephone":["+905344155256"],"contactPoint":{"@type":"ContactPoint","telephone":"+905344155256","email":"info@efeshukuk.com"},"openingHoursSpecification":[{"@type":"OpeningHoursSpecification","dayOfWeek":["Monday","Tuesday","Wednesday","Thursday","Friday"],"opens":"09:00","closes":"18:00"},{"@type":"OpeningHoursSpecification","dayOfWeek":["Saturday","Sunday"],"opens":"00:00","closes":"00:00"}],"email":"info@efeshukuk.com"},{"@type":"PostalAddress","@id":"https:\/\/efeshukuk.com\/cerez-politikasi\/#local-main-place-address","streetAddress":"Nergiz Mahallesi Girne Blv No:83, Kat 2 D 2, 35600 Kar\u015f\u0131yaka","addressLocality":"\u0130zmir","postalCode":"35600","addressCountry":"TR"},{"@type":"ImageObject","inLanguage":"en-US","@id":"https:\/\/efeshukuk.com\/cerez-politikasi\/#local-main-organization-logo","url":"https:\/\/efeshukuk.com\/wp-content\/uploads\/2020\/11\/5.png","contentUrl":"https:\/\/efeshukuk.com\/wp-content\/uploads\/2020\/11\/5.png","width":500,"height":500,"caption":"Efes Hukuk B\u00fcrosu"}]},"geo.placename":"\u0130zmir","geo.position":{"lat":"38.467687","long":"27.109998"},"geo.region":"Turkey"},"_links":{"self":[{"href":"https:\/\/efeshukuk.com\/en\/wp-json\/wp\/v2\/pages\/3","targetHints":{"allow":["GET"]}}],"collection":[{"href":"https:\/\/efeshukuk.com\/en\/wp-json\/wp\/v2\/pages"}],"about":[{"href":"https:\/\/efeshukuk.com\/en\/wp-json\/wp\/v2\/types\/page"}],"author":[{"embeddable":true,"href":"https:\/\/efeshukuk.com\/en\/wp-json\/wp\/v2\/users\/1"}],"replies":[{"embeddable":true,"href":"https:\/\/efeshukuk.com\/en\/wp-json\/wp\/v2\/comments?post=3"}],"version-history":[{"count":0,"href":"https:\/\/efeshukuk.com\/en\/wp-json\/wp\/v2\/pages\/3\/revisions"}],"wp:attachment":[{"href":"https:\/\/efeshukuk.com\/en\/wp-json\/wp\/v2\/media?parent=3"}],"curies":[{"name":"wp","href":"https:\/\/api.w.org\/{rel}","templated":true}]}}