{"id":160,"date":"2020-10-29T14:32:19","date_gmt":"2020-10-29T11:32:19","guid":{"rendered":"http:\/\/www.efeshukuk.com\/?page_id=160"},"modified":"2025-04-15T13:47:30","modified_gmt":"2025-04-15T10:47:30","slug":"hizmet-alan-aydinlatma","status":"publish","type":"page","link":"https:\/\/efeshukuk.com\/en\/hizmet-alan-aydinlatma\/","title":{"rendered":"Privacy Notice"},"content":{"rendered":"<h1 class=\"wp-block-heading\" id=\"hizmet-alan-kisiler-icin-aydinlatma-metni\">Privacy Policy<\/h1>\n\n\n\n<p><strong>Privacy Policy Purpose and Scope<\/strong><\/p>\n\n\n\n<p class=\"has-text-align-justify has-black-color has-text-color\"><strong>Efes Hukuk B\u00fcrosu (Bundan sonra \u201cDan\u0131\u015fman\u201d olarak an\u0131lacakt\u0131r.)&nbsp;<\/strong>olarak 6698 say\u0131l\u0131 Ki\u015fisel Verilerin Korunmas\u0131 Kanunu (\u201cKVKK\u201d veya \u201cKanun\u201d olarak an\u0131lacakt\u0131r.)kapsam\u0131nda ki\u015fisel verilerinizin korunmas\u0131 i\u00e7in tedbir almaktay\u0131z. Ki\u015fisel Verilerinizi, KVKK ve ilgili yasal mevzuat kapsam\u0131nda ve \u201cveri sorumlusu\u201d s\u0131fat\u0131m\u0131zla a\u015fa\u011f\u0131da a\u00e7\u0131klanan sebeplerle ve y\u00f6ntemlerle i\u015flemekteyiz.<\/p>\n\n\n\n<p class=\"has-text-align-justify has-black-color has-text-color\">Ki\u015fisel Verilerin \u0130\u015flenmesi Hakk\u0131nda Ayd\u0131nlatma Metni, KVKK\u2019n\u0131n 10. maddesinde yer alan \u201cVeri Sorumlusu\u2019nun Ayd\u0131nlatma Y\u00fck\u00fcml\u00fcl\u00fc\u011f\u00fc\u201d ba\u015fl\u0131kl\u0131 maddesi uyar\u0131nca; veri sorumlusunun kimli\u011fi, ki\u015fisel verilerinizin toplanma y\u00f6ntemi ve hukuki sebebi, bu verilerin hangi ama\u00e7la i\u015flenece\u011fi, kimlere ve hangi ama\u00e7la aktar\u0131labilece\u011fi, veri i\u015fleme s\u00fcresi ve KVKK\u2019n\u0131n 11. maddesinde say\u0131lan haklar\u0131n\u0131z\u0131n neler oldu\u011fu ile ilgilli sizi en \u015feffaf \u015fekilde bilgilendirme amac\u0131yla haz\u0131rlanm\u0131\u015ft\u0131r. Ayd\u0131nlatma metninde \u201cKi\u015fisel Verileriniz\u201d i\u00e7in yap\u0131lan a\u00e7\u0131klamalar, \u201c\u00d6zel Nitelikli Ki\u015fisel Verileriniz\u201di de kapsamaktad\u0131r.<\/p>\n\n\n\n<p class=\"has-black-color has-text-color\"><strong>Data Controller<\/strong><\/p>\n\n\n\n<p class=\"has-black-color has-text-color\"><strong>Ephesus Law Firm<\/strong><\/p>\n\n\n\n<p class=\"has-black-color has-text-color\">Adres:\u00a0<strong>Nergis Neighborhood, Girne Boulevard No: 83, Floor 2, Apartment 2, Kar\u015f\u0131yaka, \u0130zmir<\/strong><\/p>\n\n\n\n<p class=\"has-black-color has-text-color\">(\u0130\u015fbu Ayd\u0131nlatma Metni kapsam\u0131nda \u201cFirma veya Dan\u0131\u015fman \u201d olarak an\u0131lacakt\u0131r.)<\/p>\n\n\n\n<p class=\"has-black-color has-text-color\"><strong>Collection Method and Legal Reason of Your Personal Data<\/strong><\/p>\n\n\n\n<p class=\"has-text-align-justify has-black-color has-text-color\">Ki\u015fisel verileriniz, otomatik ya da otomatik olmayan y\u00f6ntemlerle, Firman\u0131n ba\u011fl\u0131 birimleri, sosyal medya mecralar\u0131, firma i\u00e7erisinde faaliyetlerin y\u00fcr\u00fct\u00fclebilmesi i\u00e7in kullan\u0131lan yaz\u0131l\u0131mlar ile s\u00f6zl\u00fc, yaz\u0131l\u0131 ya da elektronik olarak toplanabilecektir. Ki\u015fisel verileriniz, Firma ile ili\u015fkiniz devam etti\u011fi m\u00fcddet\u00e7e olu\u015fturularak ve g\u00fcncellenerek i\u015flenebilecek ve hem dijital hem de fiziki ortamda muhafaza alt\u0131nda tutulabilecektir.<\/p>\n\n\n\n<p class=\"has-text-align-justify has-black-color has-text-color\">Ki\u015fisel verileriniz, a\u015fa\u011f\u0131da ikinci maddede yer alan ama\u00e7lar do\u011frultusunda ve 6698 say\u0131l\u0131 Kanun\u2019un 5. maddesi 2.f\u0131kras\u0131&nbsp; uyar\u0131nca&nbsp; \u201c<strong>c ve f<\/strong>\u201d bentlerinde belirtilen ki\u015fisel veri i\u015fleme \u015fartlar\u0131 ve ama\u00e7lar\u0131 kapsam\u0131nda i\u015flenebilmekte ve aktar\u0131labilmektedir.<\/p>\n\n\n\n<p class=\"has-black-color has-text-color\"><strong>Your Processed Personal Data and Purposes of Processing<\/strong><\/p>\n\n\n\n<p class=\"has-text-align-justify has-black-color has-text-color\">Your Personal Data is processed securely in accordance with the Law on the Protection of Personal Data in order to provide a more appropriate service in accordance with legal obligations or in company business and transactions.<\/p>\n\n\n\n<p class=\"has-text-align-justify has-black-color has-text-color\">Bu kapsamda a\u015fa\u011f\u0131da yer verilen ki\u015fisel veriler Dan\u0131\u015fman\u2019dan hizmet alan ger\u00e7ek ki\u015filerden veyahut t\u00fczel ki\u015fileri temsile yetkili ger\u00e7ek ki\u015filerden al\u0131nmaktad\u0131r. Bu kapsamda a\u015fa\u011f\u0131da yer alan veriler toplanmaktad\u0131r:<\/p>\n\n\n\n<p class=\"has-black-color has-text-color\"><strong>Contact Information:<\/strong>&nbsp;Ki\u015fiye ula\u015fmak i\u00e7in kullan\u0131labilecek veri grubudur (Telefon, adres, e- posta).<\/p>\n\n\n\n<p class=\"has-black-color has-text-color\"><strong>Identity Data:<\/strong>&nbsp;Ki\u015fi kimli\u011fine dair bilgilerin bulundu\u011fu veri grubudur (Ad soyad, TCKN veya Vergi Kimlik Numaras\u0131, cinsiyet).<\/p>\n\n\n\n<p class=\"has-black-color has-text-color\"><strong>Finansal Veri:<\/strong>&nbsp;Ki\u015finin finansal bilgilerinin bulundu\u011fu veri grubudur (Banka hesap no, iban no, kart bilgisi, banka ad\u0131, finansal profil).<\/p>\n\n\n\n<p><strong>Your collected personal data;<\/strong><\/p>\n\n\n\n<ul class=\"wp-block-list\">\n<li>Provision of legal services<\/li>\n\n\n\n<li>To fulfill legal obligations<\/li>\n\n\n\n<li>To improve our services, increase satisfaction with our services, and in this context, to make user-specific customizations,<\/li>\n\n\n\n<li>In order to evaluate your complaints and suggestions regarding our services and to contact you directly through our communication channels,<\/li>\n\n\n\n<li>Within the scope of data security, all necessary technical and administrative measures are taken for systems and applications.<\/li>\n<\/ul>\n\n\n\n<p>will be processed within the scope of their purposes.<\/p>\n\n\n\n<p class=\"has-black-color has-text-color\"><strong>Your collected personal data;<\/strong><\/p>\n\n\n\n<p class=\"has-black-color has-text-color\">ama\u00e7lar\u0131yla, 6698 say\u0131l\u0131 Kanun\u2019un 5. maddesi 2.f\u0131kras\u0131&nbsp; uyar\u0131nca&nbsp; \u201c<strong>c ve f<\/strong>\u201d bentlerinde  belirtilen ki\u015fisel veri i\u015fleme \u015fartlar\u0131 ve ama\u00e7lar\u0131 d\u00e2hilinde i\u015flenecektir.<\/p>\n\n\n\n<p class=\"has-black-color has-text-color\"><strong>\u0130\u015flenen Ki\u015fisel Verilerinizin Kimlere ve Hangi Ama\u00e7la Aktar\u0131labilece\u011fi<\/strong><\/p>\n\n\n\n<p class=\"has-text-align-justify has-black-color has-text-color\">By ensuring that all necessary technical and administrative measures are taken to ensure the appropriate level of security in accordance with the KVKK and relevant legislation, your Personal Data\/Personal Data in line with the above-mentioned purposes;<\/p>\n\n\n\n<p class=\"has-black-color has-text-color\">-\u0130lgili di\u011fer mevzuat h\u00fck\u00fcmlerinin izin verdi\u011fi ki\u015fi\/kurum ve\/veya kurulu\u015flar, bankalar<\/p>\n\n\n\n<p class=\"has-black-color has-text-color\">-Finans ve muhasebe i\u015flemlerinin y\u00fcr\u00fct\u00fclmesi amac\u0131yla mali m\u00fc\u015favirler,<\/p>\n\n\n\n<p class=\"has-black-color has-text-color\">-Faaliyetlerimizi y\u00fcr\u00fctmek \u00fczere s\u00f6zle\u015fmesel olarak hizmet ald\u0131\u011f\u0131m\u0131z ve\/veya hizmet verdi\u011fimiz, i\u015f birli\u011fi yapt\u0131\u011f\u0131m\u0131z, yurt i\u00e7i\/yurt d\u0131\u015f\u0131 kurulu\u015flara<\/p>\n\n\n\n<p class=\"has-black-color has-text-color\">KVK Kanunu\u2019nun 8. ve 9. maddelerinde belirtilen ki\u015fisel veri i\u015fleme \u015fartlar\u0131 ve ama\u00e7lar\u0131 \u00e7er\u00e7evesinde aktar\u0131labilecektir.<\/p>\n\n\n\n<p class=\"has-black-color has-text-color\"><strong>Data Processing and Retention Time<\/strong><\/p>\n\n\n\n<p class=\"has-text-align-justify has-black-color has-text-color\">Your personal data, limited to the purposes specified in this Privacy Notice; It will be processed in accordance with the data processing and timeout periods in all relevant laws and other legal regulations to which our company and its headquarters and units are subject. In case of changes in the laws regarding data processing periods, the new determined periods will be taken as basis.<\/p>\n\n\n\n<p class=\"has-text-align-justify has-black-color has-text-color\">Your personal data is processed only for the purposes stated in this Privacy Notice and, in any case, for the duration required by the Company&#039;s practices and customary business practices, in accordance with the principle of purpose limitation. After the expiration of these periods, the data is deleted, destroyed, or anonymized. <\/p>\n\n\n\n<p class=\"has-black-color has-text-color\"><strong>\u0130lgili ki\u015finin Haklar\u0131 ve Bu Haklar\u0131n\u0131 Kullanmas\u0131<br><\/strong><\/p>\n\n\n\n<p class=\"has-text-align-justify has-black-color has-text-color\">\u0130lgili ki\u015fi olarak, Kanunun ilgili ki\u015finin haklar\u0131n\u0131 d\u00fczenleyen 11.maddesi kapsam\u0131ndaki taleplerinizi \u201cVeri Sorumlusuna Ba\u015fvuru Usul ve Esaslar\u0131 Hakk\u0131nda Tebli\u011fe\u201d g\u00f6re Nergis Mahallesi Girne Bulvar\u0131 No: 83 K:2 D:2 Kar\u015f\u0131yaka \u0130zmir adresine yaz\u0131l\u0131 olarak veya\u00a0<mark>mustafa.yolcu.1@hs01.kep.tr<\/mark>\u00a0e-posta adresine elektronik ortamdan iletmek suretiyle say\u0131lan haklar\u0131n\u0131 kullanabilecektir.<\/p>","protected":false},"excerpt":{"rendered":"<p>H\u0130ZMET ALAN K\u0130\u015e\u0130LER \u0130\u00c7\u0130N AYDINLATMA METN\u0130 Ayd\u0131nlatma Metni Amac\u0131 ve Kapsam\u0131 Efes Hukuk B\u00fcrosu (Bundan sonra \u201cDan\u0131\u015fman\u201d olarak an\u0131lacakt\u0131r.)&nbsp;olarak 6698 say\u0131l\u0131 Ki\u015fisel Verilerin Korunmas\u0131 Kanunu&hellip;<\/p>","protected":false},"author":1,"featured_media":0,"parent":0,"menu_order":0,"comment_status":"closed","ping_status":"closed","template":"","meta":{"footnotes":""},"class_list":["post-160","page","type-page","status-publish","hentry"],"yoast_head":"<!-- This site is optimized with the Yoast SEO Premium plugin v27.0 (Yoast SEO v27.4) - https:\/\/yoast.com\/product\/yoast-seo-premium-wordpress\/ -->\n<title>Ayd\u0131nlatma Metni - Efes Hukuk B\u00fcrosu<\/title>\n<meta name=\"robots\" content=\"index, follow, max-snippet:-1, max-image-preview:large, max-video-preview:-1\" \/>\n<link rel=\"canonical\" href=\"https:\/\/efeshukuk.com\/en\/hizmet-alan-aydinlatma\/\" \/>\n<meta property=\"og:locale\" content=\"en_US\" \/>\n<meta property=\"og:type\" content=\"article\" \/>\n<meta property=\"og:title\" content=\"Ayd\u0131nlatma Metni\" \/>\n<meta property=\"og:description\" content=\"H\u0130ZMET ALAN K\u0130\u015e\u0130LER \u0130\u00c7\u0130N AYDINLATMA METN\u0130 Ayd\u0131nlatma Metni Amac\u0131 ve Kapsam\u0131 Efes Hukuk B\u00fcrosu (Bundan sonra \u201cDan\u0131\u015fman\u201d olarak an\u0131lacakt\u0131r.)&nbsp;olarak\" \/>\n<meta property=\"og:url\" content=\"https:\/\/efeshukuk.com\/en\/hizmet-alan-aydinlatma\/\" \/>\n<meta property=\"og:site_name\" content=\"Efes Hukuk B\u00fcrosu\" \/>\n<meta property=\"article:publisher\" content=\"https:\/\/www.facebook.com\/efeshukukburosu\" \/>\n<meta property=\"article:modified_time\" content=\"2025-04-15T10:47:30+00:00\" \/>\n<meta property=\"og:image\" content=\"https:\/\/efeshukuk.com\/wp-content\/uploads\/2020\/11\/2-2.jpg\" \/>\n\t<meta property=\"og:image:width\" content=\"1215\" \/>\n\t<meta property=\"og:image:height\" content=\"810\" \/>\n\t<meta property=\"og:image:type\" content=\"image\/jpeg\" \/>\n<meta name=\"twitter:card\" content=\"summary_large_image\" \/>\n<meta name=\"twitter:label1\" content=\"Est. reading time\" \/>\n\t<meta name=\"twitter:data1\" content=\"4 minutes\" \/>\n<script type=\"application\/ld+json\" class=\"yoast-schema-graph\">{\"@context\":\"https:\\\/\\\/schema.org\",\"@graph\":[{\"@type\":\"WebPage\",\"@id\":\"https:\\\/\\\/efeshukuk.com\\\/hizmet-alan-aydinlatma\\\/\",\"url\":\"https:\\\/\\\/efeshukuk.com\\\/hizmet-alan-aydinlatma\\\/\",\"name\":\"Ayd\u0131nlatma Metni - Efes Hukuk B\u00fcrosu\",\"isPartOf\":{\"@id\":\"https:\\\/\\\/efeshukuk.com\\\/#website\"},\"datePublished\":\"2020-10-29T11:32:19+00:00\",\"dateModified\":\"2025-04-15T10:47:30+00:00\",\"breadcrumb\":{\"@id\":\"https:\\\/\\\/efeshukuk.com\\\/hizmet-alan-aydinlatma\\\/#breadcrumb\"},\"inLanguage\":\"en-US\",\"potentialAction\":[{\"@type\":\"ReadAction\",\"target\":[\"https:\\\/\\\/efeshukuk.com\\\/hizmet-alan-aydinlatma\\\/\"]}]},{\"@type\":\"BreadcrumbList\",\"@id\":\"https:\\\/\\\/efeshukuk.com\\\/hizmet-alan-aydinlatma\\\/#breadcrumb\",\"itemListElement\":[{\"@type\":\"ListItem\",\"position\":1,\"name\":\"Ana sayfa\",\"item\":\"https:\\\/\\\/efeshukuk.com\\\/\"},{\"@type\":\"ListItem\",\"position\":2,\"name\":\"Ayd\u0131nlatma Metni\"}]},{\"@type\":\"WebSite\",\"@id\":\"https:\\\/\\\/efeshukuk.com\\\/#website\",\"url\":\"https:\\\/\\\/efeshukuk.com\\\/\",\"name\":\"Efes Hukuk B\u00fcrosu\",\"description\":\"\u0130zmir&#039;deki Avukat\u0131n\u0131z\",\"publisher\":{\"@id\":\"https:\\\/\\\/efeshukuk.com\\\/#organization\"},\"potentialAction\":[{\"@type\":\"SearchAction\",\"target\":{\"@type\":\"EntryPoint\",\"urlTemplate\":\"https:\\\/\\\/efeshukuk.com\\\/?s={search_term_string}\"},\"query-input\":{\"@type\":\"PropertyValueSpecification\",\"valueRequired\":true,\"valueName\":\"search_term_string\"}}],\"inLanguage\":\"en-US\"},{\"@type\":[\"Organization\",\"Place\",\"LegalService\"],\"@id\":\"https:\\\/\\\/efeshukuk.com\\\/#organization\",\"name\":\"Efes Hukuk B\u00fcrosu\",\"url\":\"https:\\\/\\\/efeshukuk.com\\\/\",\"logo\":{\"@id\":\"https:\\\/\\\/efeshukuk.com\\\/hizmet-alan-aydinlatma\\\/#local-main-organization-logo\"},\"image\":{\"@id\":\"https:\\\/\\\/efeshukuk.com\\\/hizmet-alan-aydinlatma\\\/#local-main-organization-logo\"},\"sameAs\":[\"https:\\\/\\\/www.facebook.com\\\/efeshukukburosu\",\"https:\\\/\\\/www.instagram.com\\\/efeshukukburosu\\\/\",\"https:\\\/\\\/www.linkedin.com\\\/company\\\/efes-law\\\/\"],\"description\":\"Efes Hukuk B\u00fcrosu, farkl\u0131 hukuk alanlar\u0131nda uzmanla\u015fm\u0131\u015f avukat kadrosuyla bireysel ve kurumsal m\u00fcvekkillerine etkili ve \u00e7\u00f6z\u00fcm odakl\u0131 hukuki dan\u0131\u015fmanl\u0131k hizmeti sunmaktad\u0131r. Ticaret hukuku, t\u00fcketici hukuku, aile hukuku, icra ve iflas hukuku gibi bir\u00e7ok alanda derin bilgiye sahip avukatlar\u0131m\u0131zla; m\u00fcvekkillerimizin haklar\u0131n\u0131 en iyi \u015fekilde korumay\u0131 ama\u00e7l\u0131yoruz. D\u00fcnyadaki hukuki de\u011fi\u015fimleri yak\u0131ndan takip ediyor, her yeni sorunu titizlikle analiz ediyoruz. M\u00fcvekkillerimizle g\u00fcvene dayal\u0131, \u015feffaf ve yak\u0131n bir ileti\u015fim kurarak, do\u011fru kararlar almalar\u0131na destek oluyoruz. Akademik d\u00fczeyde \u00e7al\u0131\u015fan \u00e7\u00f6z\u00fcm ortaklar\u0131m\u0131z ve alan\u0131nda uzman avukatlar\u0131m\u0131zla; hukuka, meslek eti\u011fine ve Atat\u00fcrk ilke ve ink\u0131laplar\u0131na ba\u011fl\u0131 bir \u015fekilde \u00e7al\u0131\u015fmay\u0131 ilke ediniyoruz.\",\"legalName\":\"Efes Hukuk B\u00fcrosu\",\"numberOfEmployees\":{\"@type\":\"QuantitativeValue\",\"minValue\":\"1\",\"maxValue\":\"10\"},\"address\":{\"@id\":\"https:\\\/\\\/efeshukuk.com\\\/hizmet-alan-aydinlatma\\\/#local-main-place-address\"},\"geo\":{\"@type\":\"GeoCoordinates\",\"latitude\":\"38.467687\",\"longitude\":\"27.109998\"},\"telephone\":[\"+905344155256\"],\"contactPoint\":{\"@type\":\"ContactPoint\",\"telephone\":\"+905344155256\",\"email\":\"info@efeshukuk.com\"},\"openingHoursSpecification\":[{\"@type\":\"OpeningHoursSpecification\",\"dayOfWeek\":[\"Monday\",\"Tuesday\",\"Wednesday\",\"Thursday\",\"Friday\"],\"opens\":\"09:00\",\"closes\":\"18:00\"},{\"@type\":\"OpeningHoursSpecification\",\"dayOfWeek\":[\"Saturday\",\"Sunday\"],\"opens\":\"00:00\",\"closes\":\"00:00\"}],\"email\":\"info@efeshukuk.com\"},{\"@type\":\"PostalAddress\",\"@id\":\"https:\\\/\\\/efeshukuk.com\\\/hizmet-alan-aydinlatma\\\/#local-main-place-address\",\"streetAddress\":\"Nergiz Mahallesi Girne Blv No:83, Kat 2 D 2, 35600 Kar\u015f\u0131yaka\",\"addressLocality\":\"\u0130zmir\",\"postalCode\":\"35600\",\"addressCountry\":\"TR\"},{\"@type\":\"ImageObject\",\"inLanguage\":\"en-US\",\"@id\":\"https:\\\/\\\/efeshukuk.com\\\/hizmet-alan-aydinlatma\\\/#local-main-organization-logo\",\"url\":\"https:\\\/\\\/efeshukuk.com\\\/wp-content\\\/uploads\\\/2020\\\/11\\\/5.png\",\"contentUrl\":\"https:\\\/\\\/efeshukuk.com\\\/wp-content\\\/uploads\\\/2020\\\/11\\\/5.png\",\"width\":500,\"height\":500,\"caption\":\"Efes Hukuk B\u00fcrosu\"}]}<\/script>\n<meta name=\"geo.placename\" content=\"\u0130zmir\" \/>\n<meta name=\"geo.position\" content=\"38.467687;27.109998\" \/>\n<meta name=\"geo.region\" content=\"Turkey\" \/>\n<!-- \/ Yoast SEO Premium plugin. -->","yoast_head_json":{"title":"Ayd\u0131nlatma Metni - Efes Hukuk B\u00fcrosu","robots":{"index":"index","follow":"follow","max-snippet":"max-snippet:-1","max-image-preview":"max-image-preview:large","max-video-preview":"max-video-preview:-1"},"canonical":"https:\/\/efeshukuk.com\/en\/hizmet-alan-aydinlatma\/","og_locale":"en_US","og_type":"article","og_title":"Ayd\u0131nlatma Metni","og_description":"H\u0130ZMET ALAN K\u0130\u015e\u0130LER \u0130\u00c7\u0130N AYDINLATMA METN\u0130 Ayd\u0131nlatma Metni Amac\u0131 ve Kapsam\u0131 Efes Hukuk B\u00fcrosu (Bundan sonra \u201cDan\u0131\u015fman\u201d olarak an\u0131lacakt\u0131r.)&nbsp;olarak","og_url":"https:\/\/efeshukuk.com\/en\/hizmet-alan-aydinlatma\/","og_site_name":"Efes Hukuk B\u00fcrosu","article_publisher":"https:\/\/www.facebook.com\/efeshukukburosu","article_modified_time":"2025-04-15T10:47:30+00:00","og_image":[{"width":1215,"height":810,"url":"https:\/\/efeshukuk.com\/wp-content\/uploads\/2020\/11\/2-2.jpg","type":"image\/jpeg"}],"twitter_card":"summary_large_image","twitter_misc":{"Est. reading time":"4 minutes"},"schema":{"@context":"https:\/\/schema.org","@graph":[{"@type":"WebPage","@id":"https:\/\/efeshukuk.com\/hizmet-alan-aydinlatma\/","url":"https:\/\/efeshukuk.com\/hizmet-alan-aydinlatma\/","name":"Ayd\u0131nlatma Metni - Efes Hukuk B\u00fcrosu","isPartOf":{"@id":"https:\/\/efeshukuk.com\/#website"},"datePublished":"2020-10-29T11:32:19+00:00","dateModified":"2025-04-15T10:47:30+00:00","breadcrumb":{"@id":"https:\/\/efeshukuk.com\/hizmet-alan-aydinlatma\/#breadcrumb"},"inLanguage":"en-US","potentialAction":[{"@type":"ReadAction","target":["https:\/\/efeshukuk.com\/hizmet-alan-aydinlatma\/"]}]},{"@type":"BreadcrumbList","@id":"https:\/\/efeshukuk.com\/hizmet-alan-aydinlatma\/#breadcrumb","itemListElement":[{"@type":"ListItem","position":1,"name":"Ana sayfa","item":"https:\/\/efeshukuk.com\/"},{"@type":"ListItem","position":2,"name":"Ayd\u0131nlatma Metni"}]},{"@type":"WebSite","@id":"https:\/\/efeshukuk.com\/#website","url":"https:\/\/efeshukuk.com\/","name":"Ephesus Law Firm","description":"Your Lawyer in Izmir","publisher":{"@id":"https:\/\/efeshukuk.com\/#organization"},"potentialAction":[{"@type":"SearchAction","target":{"@type":"EntryPoint","urlTemplate":"https:\/\/efeshukuk.com\/?s={search_term_string}"},"query-input":{"@type":"PropertyValueSpecification","valueRequired":true,"valueName":"search_term_string"}}],"inLanguage":"en-US"},{"@type":["Organization","Place","LegalService"],"@id":"https:\/\/efeshukuk.com\/#organization","name":"Ephesus Law Firm","url":"https:\/\/efeshukuk.com\/","logo":{"@id":"https:\/\/efeshukuk.com\/hizmet-alan-aydinlatma\/#local-main-organization-logo"},"image":{"@id":"https:\/\/efeshukuk.com\/hizmet-alan-aydinlatma\/#local-main-organization-logo"},"sameAs":["https:\/\/www.facebook.com\/efeshukukburosu","https:\/\/www.instagram.com\/efeshukukburosu\/","https:\/\/www.linkedin.com\/company\/efes-law\/"],"description":"Efes Hukuk B\u00fcrosu, farkl\u0131 hukuk alanlar\u0131nda uzmanla\u015fm\u0131\u015f avukat kadrosuyla bireysel ve kurumsal m\u00fcvekkillerine etkili ve \u00e7\u00f6z\u00fcm odakl\u0131 hukuki dan\u0131\u015fmanl\u0131k hizmeti sunmaktad\u0131r. Ticaret hukuku, t\u00fcketici hukuku, aile hukuku, icra ve iflas hukuku gibi bir\u00e7ok alanda derin bilgiye sahip avukatlar\u0131m\u0131zla; m\u00fcvekkillerimizin haklar\u0131n\u0131 en iyi \u015fekilde korumay\u0131 ama\u00e7l\u0131yoruz. D\u00fcnyadaki hukuki de\u011fi\u015fimleri yak\u0131ndan takip ediyor, her yeni sorunu titizlikle analiz ediyoruz. M\u00fcvekkillerimizle g\u00fcvene dayal\u0131, \u015feffaf ve yak\u0131n bir ileti\u015fim kurarak, do\u011fru kararlar almalar\u0131na destek oluyoruz. Akademik d\u00fczeyde \u00e7al\u0131\u015fan \u00e7\u00f6z\u00fcm ortaklar\u0131m\u0131z ve alan\u0131nda uzman avukatlar\u0131m\u0131zla; hukuka, meslek eti\u011fine ve Atat\u00fcrk ilke ve ink\u0131laplar\u0131na ba\u011fl\u0131 bir \u015fekilde \u00e7al\u0131\u015fmay\u0131 ilke ediniyoruz.","legalName":"Efes Hukuk B\u00fcrosu","numberOfEmployees":{"@type":"QuantitativeValue","minValue":"1","maxValue":"10"},"address":{"@id":"https:\/\/efeshukuk.com\/hizmet-alan-aydinlatma\/#local-main-place-address"},"geo":{"@type":"GeoCoordinates","latitude":"38.467687","longitude":"27.109998"},"telephone":["+905344155256"],"contactPoint":{"@type":"ContactPoint","telephone":"+905344155256","email":"info@efeshukuk.com"},"openingHoursSpecification":[{"@type":"OpeningHoursSpecification","dayOfWeek":["Monday","Tuesday","Wednesday","Thursday","Friday"],"opens":"09:00","closes":"18:00"},{"@type":"OpeningHoursSpecification","dayOfWeek":["Saturday","Sunday"],"opens":"00:00","closes":"00:00"}],"email":"info@efeshukuk.com"},{"@type":"PostalAddress","@id":"https:\/\/efeshukuk.com\/hizmet-alan-aydinlatma\/#local-main-place-address","streetAddress":"Nergiz Mahallesi Girne Blv No:83, Kat 2 D 2, 35600 Kar\u015f\u0131yaka","addressLocality":"\u0130zmir","postalCode":"35600","addressCountry":"TR"},{"@type":"ImageObject","inLanguage":"en-US","@id":"https:\/\/efeshukuk.com\/hizmet-alan-aydinlatma\/#local-main-organization-logo","url":"https:\/\/efeshukuk.com\/wp-content\/uploads\/2020\/11\/5.png","contentUrl":"https:\/\/efeshukuk.com\/wp-content\/uploads\/2020\/11\/5.png","width":500,"height":500,"caption":"Efes Hukuk B\u00fcrosu"}]},"geo.placename":"\u0130zmir","geo.position":{"lat":"38.467687","long":"27.109998"},"geo.region":"Turkey"},"_links":{"self":[{"href":"https:\/\/efeshukuk.com\/en\/wp-json\/wp\/v2\/pages\/160","targetHints":{"allow":["GET"]}}],"collection":[{"href":"https:\/\/efeshukuk.com\/en\/wp-json\/wp\/v2\/pages"}],"about":[{"href":"https:\/\/efeshukuk.com\/en\/wp-json\/wp\/v2\/types\/page"}],"author":[{"embeddable":true,"href":"https:\/\/efeshukuk.com\/en\/wp-json\/wp\/v2\/users\/1"}],"replies":[{"embeddable":true,"href":"https:\/\/efeshukuk.com\/en\/wp-json\/wp\/v2\/comments?post=160"}],"version-history":[{"count":0,"href":"https:\/\/efeshukuk.com\/en\/wp-json\/wp\/v2\/pages\/160\/revisions"}],"wp:attachment":[{"href":"https:\/\/efeshukuk.com\/en\/wp-json\/wp\/v2\/media?parent=160"}],"curies":[{"name":"wp","href":"https:\/\/api.w.org\/{rel}","templated":true}]}}