{"id":1409,"date":"2020-12-27T15:00:33","date_gmt":"2020-12-27T12:00:33","guid":{"rendered":"https:\/\/www.efeshukuk.com\/?page_id=1409"},"modified":"2026-04-06T12:13:40","modified_gmt":"2026-04-06T09:13:40","slug":"ziyaretci-aydinlatma-metni","status":"publish","type":"page","link":"https:\/\/efeshukuk.com\/en\/ziyaretci-aydinlatma-metni\/","title":{"rendered":"Privacy Notice"},"content":{"rendered":"<p class=\"has-black-color has-text-color\"><\/p>\n\n\n\n<h3 class=\"wp-block-heading\" id=\"aydinlatma-metni-amaci-ve-kapsami\">Privacy Policy Purpose and Scope<\/h3>\n\n\n\n<p class=\"has-text-align-justify has-black-color has-text-color\">As Efes Law Firm, we take measures to protect your personal data in accordance with the Personal Data Protection Law No. 6698 (hereinafter referred to as the \u201cKVKK\u201d or \u201cLaw\u201d). We process your personal data in accordance with the KVKK and relevant legislation, and in our capacity as the \u201cdata controller,\u201d for the purposes and by the methods described below.<\/p>\n\n\n\n<p class=\"has-text-align-justify has-black-color has-text-color\">Privacy Notice Regarding the Processing of Personal Data, in accordance with Article 10 of the Personal Data Protection Law (KVKK), titled \u201cThe Data Controller\u2019s Obligation to Provide Information\u201d; This notice has been prepared to inform you in the most transparent manner regarding the identity of the data controller, the method and legal basis for the collection of your personal data, the purposes for which such data will be processed, to whom and for what purposes it may be disclosed, the duration of data processing, and the rights enumerated in Article 11 of the KVKK. <\/p>\n\n\n\n<div style=\"height:51px\" aria-hidden=\"true\" class=\"wp-block-spacer\"><\/div>\n\n\n\n<h3 class=\"wp-block-heading\" id=\"veri-sorumlusu\">Data Controller<\/h3>\n\n\n\n<p class=\"has-black-color has-text-color\"><strong>Company Name: Efes Law Firm<\/strong><\/p>\n\n\n\n<p class=\"has-black-color has-text-color translation-block\"><strong>Address:<\/strong> Nergis Neighborhood, Girne Boulevard No: 83, Floor 2, Apartment 2, Kar\u015f\u0131yaka, \u0130zmir<\/p>\n\n\n\n<p class=\"has-black-color has-text-color\">(It will be referred to as the \"Company\" within the scope of this Privacy Policy)<\/p>\n\n\n\n<div style=\"height:50px\" aria-hidden=\"true\" class=\"wp-block-spacer\"><\/div>\n\n\n\n<h3 class=\"wp-block-heading\" id=\"kisisel-verilerinizin-toplanma-yontemi-ve-hukuki-sebebi\">Collection Method and Legal Reason of Your Personal Data<\/h3>\n\n\n\n<p class=\"has-text-align-justify has-black-color has-text-color\">Your personal data may be collected verbally, in writing or electronically, by automatic or non-automatic methods, through the Company's affiliates, website, call center, mobile applications and similar means. Your personal data can be created and updated as long as your relationship with the Company continues, and can be processed and kept in both digital and physical environment.<\/p>\n\n\n\n<p class=\"has-text-align-justify has-black-color has-text-color translation-block\">Your personal data can be processed and transferred within the scope of the personal data processing conditions and purposes specified in the clauses \"\u00e7, e and f\" in accordance with the clause 1 of the article 5 of the Law no 6698<\/p>\n\n\n\n<div style=\"height:50px\" aria-hidden=\"true\" class=\"wp-block-spacer\"><\/div>\n\n\n\n<h3 class=\"wp-block-heading\" id=\"islenen-kisisel-verileriniz-ve-islenme-amaclari\">Your Processed Personal Data and Purposes of Processing<\/h3>\n\n\n\n<p class=\"has-text-align-justify has-black-color has-text-color\">Your Personal Data is processed securely in accordance with the Law on the Protection of Personal Data in order to provide a more appropriate service in accordance with legal obligations or in company business and transactions.<\/p>\n\n\n\n<p class=\"has-black-color has-text-color\">Within this scope, the following data is collected as personal data:<\/p>\n\n\n\n<p class=\"has-black-color has-text-color\">In case you reach us from the Contact Section<\/p>\n\n\n\n<ul class=\"wp-block-list\">\n<li><strong>Contact Information:<\/strong> This is a set of data that can be used to contact an individual (phone number, address, email address, IP address).<\/li>\n\n\n\n<li><strong>Identity Data:<\/strong> This is a dataset containing personal information (Name, Surname, Turkish National Identity Number).<\/li>\n<\/ul>\n\n\n\n<p class=\"has-black-color has-text-color\">If You Only Visit the Website<\/p>\n\n\n\n<ul class=\"wp-block-list\">\n<li><strong>Transaction Security Data:<\/strong> This refers to a set of data containing digital traces resulting from the processing of personal information (IP address information, website visit logs)<\/li>\n<\/ul>\n\n\n\n<p><strong>Your collected personal data;<\/strong><\/p>\n\n\n\n<ul class=\"wp-block-list\">\n<li>Provision of legal services<\/li>\n\n\n\n<li>To fulfill legal obligations<\/li>\n\n\n\n<li>To improve our services, increase satisfaction with our services, and in this context, to make user-specific customizations,<\/li>\n\n\n\n<li>In order to evaluate your complaints and suggestions regarding our services and to contact you directly through our communication channels,<\/li>\n\n\n\n<li>Within the scope of data security, all necessary technical and administrative measures are taken for systems and applications.<\/li>\n<\/ul>\n\n\n\n<p>will be processed within the scope of their purposes.<\/p>\n\n\n\n<div style=\"height:50px\" aria-hidden=\"true\" class=\"wp-block-spacer\"><\/div>\n\n\n\n<h2 class=\"wp-block-heading\" id=\"toplanan-kisisel-verileriniz\">Your collected personal data;<\/h2>\n\n\n\n<h3 class=\"wp-block-heading\" id=\"islenen-kisisel-verilerinizin-kimlere-ve-hangi-amaclarla-aktarilabilecegi\">To Whom and For What Purposes Your Processed Personal Data Can Be Transferred<\/h3>\n\n\n\n<p class=\"has-black-color has-text-color\">By ensuring that all necessary technical and administrative measures are taken to ensure the appropriate level of security in accordance with the KVKK and relevant legislation, your Personal Data\/Personal Data in line with the above-mentioned purposes;<\/p>\n\n\n\n<ul class=\"wp-block-list\">\n<li>Persons\/institutions and\/or organizations permitted by the provisions of other relevant legislation,<\/li>\n<\/ul>\n\n\n\n<p class=\"has-black-color has-text-color\">It can be transferred domestically within the framework of the personal data processing conditions and purposes specified in Article 8 of the KVK Law.<\/p>\n\n\n\n<p class=\"has-text-align-justify has-black-color has-text-color\">In addition, your identity and contact information that you have shared with our Company can be transferred to a server outside the country in order to carry out the necessary processes within the scope of company activities in line with your express consent.<\/p>\n\n\n\n<div style=\"height:50px\" aria-hidden=\"true\" class=\"wp-block-spacer\"><\/div>\n\n\n\n<h3 class=\"wp-block-heading has-black-color has-text-color\" id=\"veri-isleme-suresi-ve-muhafaza-suresi\">Data Processing and Retention Time<\/h3>\n\n\n\n<p class=\"has-black-color has-text-color\">Your personal data, limited to the purposes specified in this Privacy Notice; It will be processed in accordance with the data processing and timeout periods in all relevant laws and other legal regulations to which our company and its headquarters and units are subject. In case of changes in the laws regarding data processing periods, the new determined periods will be taken as basis.<\/p>\n\n\n\n<p class=\"has-text-align-justify has-black-color has-text-color\">Your personal data is processed only for the purposes stated in this Privacy Notice and, in any case, for the duration required by the Company&#039;s practices and customary business practices, in accordance with the principle of purpose limitation. After the expiration of these periods, the data is deleted, destroyed, or anonymized. <\/p>\n\n\n\n<div style=\"height:50px\" aria-hidden=\"true\" class=\"wp-block-spacer\"><\/div>\n\n\n\n<h3 class=\"wp-block-heading\" id=\"ilgili-kisinin-haklari\">Rights of the Data Subjects<\/h3>\n\n\n\n<p class=\"has-text-align-justify has-black-color has-text-color\">As a data subject, you may exercise your rights under Article 11 of the Law, which governs the rights of data subjects, by submitting your requests in writing to the address Nergis Mahallesi, Girne Boulevard No. 83, Floor 2, Unit 2, Kar\u015f\u0131yaka, \u0130zmir, or electronically by sending an email to mustafa.yolcu.1@hs01.kep.tr.<\/p>","protected":false},"excerpt":{"rendered":"<p>Ayd\u0131nlatma Metni Amac\u0131 ve Kapsam\u0131 Efes Hukuk B\u00fcrosu olarak 6698 say\u0131l\u0131 Ki\u015fisel Verilerin Korunmas\u0131 Kanunu (\u201cKVKK\u201d veya \u201cKanun\u201d olarak an\u0131lacakt\u0131r.) kapsam\u0131nda ki\u015fisel verilerinizin korunmas\u0131 i\u00e7in&hellip;<\/p>","protected":false},"author":1,"featured_media":0,"parent":0,"menu_order":0,"comment_status":"closed","ping_status":"closed","template":"","meta":{"footnotes":""},"class_list":["post-1409","page","type-page","status-publish","hentry"],"yoast_head":"<!-- This site is optimized with the Yoast SEO Premium plugin v27.0 (Yoast SEO v27.3) - https:\/\/yoast.com\/product\/yoast-seo-premium-wordpress\/ -->\n<title>\u0130nternet Sitesi Ziyaret\u00e7ileri \u0130\u00e7in Ayd\u0131nlatma Metni - Efes Hukuk B\u00fcrosu<\/title>\n<meta name=\"robots\" content=\"noindex, nofollow\" \/>\n<meta property=\"og:locale\" content=\"en_US\" \/>\n<meta property=\"og:type\" content=\"article\" \/>\n<meta property=\"og:title\" content=\"\u0130nternet Sitesi Ziyaret\u00e7ileri \u0130\u00e7in Ayd\u0131nlatma Metni\" \/>\n<meta property=\"og:description\" content=\"Ayd\u0131nlatma Metni Amac\u0131 ve Kapsam\u0131 Efes Hukuk B\u00fcrosu olarak 6698 say\u0131l\u0131 Ki\u015fisel Verilerin Korunmas\u0131 Kanunu (\u201cKVKK\u201d veya \u201cKanun\u201d olarak an\u0131lacakt\u0131r.)\" \/>\n<meta property=\"og:url\" content=\"https:\/\/efeshukuk.com\/en\/ziyaretci-aydinlatma-metni\/\" \/>\n<meta property=\"og:site_name\" content=\"Efes Hukuk B\u00fcrosu\" \/>\n<meta property=\"article:publisher\" content=\"https:\/\/www.facebook.com\/efeshukukburosu\" \/>\n<meta property=\"article:modified_time\" content=\"2026-04-06T09:13:40+00:00\" \/>\n<meta property=\"og:image\" content=\"https:\/\/efeshukuk.com\/wp-content\/uploads\/2020\/11\/2-2.jpg\" \/>\n\t<meta property=\"og:image:width\" content=\"1215\" \/>\n\t<meta property=\"og:image:height\" content=\"810\" \/>\n\t<meta property=\"og:image:type\" content=\"image\/jpeg\" \/>\n<meta name=\"twitter:card\" content=\"summary_large_image\" \/>\n<meta name=\"twitter:label1\" content=\"Est. reading time\" \/>\n\t<meta name=\"twitter:data1\" content=\"4 minutes\" \/>\n<script type=\"application\/ld+json\" class=\"yoast-schema-graph\">{\"@context\":\"https:\\\/\\\/schema.org\",\"@graph\":[{\"@type\":\"WebPage\",\"@id\":\"https:\\\/\\\/efeshukuk.com\\\/ziyaretci-aydinlatma-metni\\\/\",\"url\":\"https:\\\/\\\/efeshukuk.com\\\/ziyaretci-aydinlatma-metni\\\/\",\"name\":\"\u0130nternet Sitesi Ziyaret\u00e7ileri \u0130\u00e7in Ayd\u0131nlatma Metni - Efes Hukuk B\u00fcrosu\",\"isPartOf\":{\"@id\":\"https:\\\/\\\/efeshukuk.com\\\/#website\"},\"datePublished\":\"2020-12-27T12:00:33+00:00\",\"dateModified\":\"2026-04-06T09:13:40+00:00\",\"breadcrumb\":{\"@id\":\"https:\\\/\\\/efeshukuk.com\\\/ziyaretci-aydinlatma-metni\\\/#breadcrumb\"},\"inLanguage\":\"en-US\",\"potentialAction\":[{\"@type\":\"ReadAction\",\"target\":[\"https:\\\/\\\/efeshukuk.com\\\/ziyaretci-aydinlatma-metni\\\/\"]}]},{\"@type\":\"BreadcrumbList\",\"@id\":\"https:\\\/\\\/efeshukuk.com\\\/ziyaretci-aydinlatma-metni\\\/#breadcrumb\",\"itemListElement\":[{\"@type\":\"ListItem\",\"position\":1,\"name\":\"Ana sayfa\",\"item\":\"https:\\\/\\\/efeshukuk.com\\\/\"},{\"@type\":\"ListItem\",\"position\":2,\"name\":\"\u0130nternet Sitesi Ziyaret\u00e7ileri \u0130\u00e7in Ayd\u0131nlatma Metni\"}]},{\"@type\":\"WebSite\",\"@id\":\"https:\\\/\\\/efeshukuk.com\\\/#website\",\"url\":\"https:\\\/\\\/efeshukuk.com\\\/\",\"name\":\"Efes Hukuk B\u00fcrosu\",\"description\":\"\u0130zmir&#039;deki Avukat\u0131n\u0131z\",\"publisher\":{\"@id\":\"https:\\\/\\\/efeshukuk.com\\\/#organization\"},\"potentialAction\":[{\"@type\":\"SearchAction\",\"target\":{\"@type\":\"EntryPoint\",\"urlTemplate\":\"https:\\\/\\\/efeshukuk.com\\\/?s={search_term_string}\"},\"query-input\":{\"@type\":\"PropertyValueSpecification\",\"valueRequired\":true,\"valueName\":\"search_term_string\"}}],\"inLanguage\":\"en-US\"},{\"@type\":[\"Organization\",\"Place\",\"LegalService\"],\"@id\":\"https:\\\/\\\/efeshukuk.com\\\/#organization\",\"name\":\"Efes Hukuk B\u00fcrosu\",\"url\":\"https:\\\/\\\/efeshukuk.com\\\/\",\"logo\":{\"@id\":\"https:\\\/\\\/efeshukuk.com\\\/ziyaretci-aydinlatma-metni\\\/#local-main-organization-logo\"},\"image\":{\"@id\":\"https:\\\/\\\/efeshukuk.com\\\/ziyaretci-aydinlatma-metni\\\/#local-main-organization-logo\"},\"sameAs\":[\"https:\\\/\\\/www.facebook.com\\\/efeshukukburosu\",\"https:\\\/\\\/www.instagram.com\\\/efeshukukburosu\\\/\",\"https:\\\/\\\/www.linkedin.com\\\/company\\\/efes-law\\\/\"],\"description\":\"Efes Hukuk B\u00fcrosu, farkl\u0131 hukuk alanlar\u0131nda uzmanla\u015fm\u0131\u015f avukat kadrosuyla bireysel ve kurumsal m\u00fcvekkillerine etkili ve \u00e7\u00f6z\u00fcm odakl\u0131 hukuki dan\u0131\u015fmanl\u0131k hizmeti sunmaktad\u0131r. Ticaret hukuku, t\u00fcketici hukuku, aile hukuku, icra ve iflas hukuku gibi bir\u00e7ok alanda derin bilgiye sahip avukatlar\u0131m\u0131zla; m\u00fcvekkillerimizin haklar\u0131n\u0131 en iyi \u015fekilde korumay\u0131 ama\u00e7l\u0131yoruz. D\u00fcnyadaki hukuki de\u011fi\u015fimleri yak\u0131ndan takip ediyor, her yeni sorunu titizlikle analiz ediyoruz. M\u00fcvekkillerimizle g\u00fcvene dayal\u0131, \u015feffaf ve yak\u0131n bir ileti\u015fim kurarak, do\u011fru kararlar almalar\u0131na destek oluyoruz. Akademik d\u00fczeyde \u00e7al\u0131\u015fan \u00e7\u00f6z\u00fcm ortaklar\u0131m\u0131z ve alan\u0131nda uzman avukatlar\u0131m\u0131zla; hukuka, meslek eti\u011fine ve Atat\u00fcrk ilke ve ink\u0131laplar\u0131na ba\u011fl\u0131 bir \u015fekilde \u00e7al\u0131\u015fmay\u0131 ilke ediniyoruz.\",\"legalName\":\"Efes Hukuk B\u00fcrosu\",\"numberOfEmployees\":{\"@type\":\"QuantitativeValue\",\"minValue\":\"1\",\"maxValue\":\"10\"},\"address\":{\"@id\":\"https:\\\/\\\/efeshukuk.com\\\/ziyaretci-aydinlatma-metni\\\/#local-main-place-address\"},\"geo\":{\"@type\":\"GeoCoordinates\",\"latitude\":\"38.467687\",\"longitude\":\"27.109998\"},\"telephone\":[\"+905344155256\"],\"contactPoint\":{\"@type\":\"ContactPoint\",\"telephone\":\"+905344155256\",\"email\":\"info@efeshukuk.com\"},\"openingHoursSpecification\":[{\"@type\":\"OpeningHoursSpecification\",\"dayOfWeek\":[\"Monday\",\"Tuesday\",\"Wednesday\",\"Thursday\",\"Friday\"],\"opens\":\"09:00\",\"closes\":\"18:00\"},{\"@type\":\"OpeningHoursSpecification\",\"dayOfWeek\":[\"Saturday\",\"Sunday\"],\"opens\":\"00:00\",\"closes\":\"00:00\"}],\"email\":\"info@efeshukuk.com\"},{\"@type\":\"PostalAddress\",\"@id\":\"https:\\\/\\\/efeshukuk.com\\\/ziyaretci-aydinlatma-metni\\\/#local-main-place-address\",\"streetAddress\":\"Nergiz Mahallesi Girne Blv No:83, Kat 2 D 2, 35600 Kar\u015f\u0131yaka\",\"addressLocality\":\"\u0130zmir\",\"postalCode\":\"35600\",\"addressCountry\":\"TR\"},{\"@type\":\"ImageObject\",\"inLanguage\":\"en-US\",\"@id\":\"https:\\\/\\\/efeshukuk.com\\\/ziyaretci-aydinlatma-metni\\\/#local-main-organization-logo\",\"url\":\"https:\\\/\\\/efeshukuk.com\\\/wp-content\\\/uploads\\\/2020\\\/11\\\/5.png\",\"contentUrl\":\"https:\\\/\\\/efeshukuk.com\\\/wp-content\\\/uploads\\\/2020\\\/11\\\/5.png\",\"width\":500,\"height\":500,\"caption\":\"Efes Hukuk B\u00fcrosu\"}]}<\/script>\n<meta name=\"geo.placename\" content=\"\u0130zmir\" \/>\n<meta name=\"geo.position\" content=\"38.467687;27.109998\" \/>\n<meta name=\"geo.region\" content=\"Turkey\" \/>\n<!-- \/ Yoast SEO Premium plugin. -->","yoast_head_json":{"title":"\u0130nternet Sitesi Ziyaret\u00e7ileri \u0130\u00e7in Ayd\u0131nlatma Metni - Efes Hukuk B\u00fcrosu","robots":{"index":"noindex","follow":"nofollow"},"og_locale":"en_US","og_type":"article","og_title":"\u0130nternet Sitesi Ziyaret\u00e7ileri \u0130\u00e7in Ayd\u0131nlatma Metni","og_description":"Ayd\u0131nlatma Metni Amac\u0131 ve Kapsam\u0131 Efes Hukuk B\u00fcrosu olarak 6698 say\u0131l\u0131 Ki\u015fisel Verilerin Korunmas\u0131 Kanunu (\u201cKVKK\u201d veya \u201cKanun\u201d olarak an\u0131lacakt\u0131r.)","og_url":"https:\/\/efeshukuk.com\/en\/ziyaretci-aydinlatma-metni\/","og_site_name":"Efes Hukuk B\u00fcrosu","article_publisher":"https:\/\/www.facebook.com\/efeshukukburosu","article_modified_time":"2026-04-06T09:13:40+00:00","og_image":[{"width":1215,"height":810,"url":"https:\/\/efeshukuk.com\/wp-content\/uploads\/2020\/11\/2-2.jpg","type":"image\/jpeg"}],"twitter_card":"summary_large_image","twitter_misc":{"Est. reading time":"4 minutes"},"schema":{"@context":"https:\/\/schema.org","@graph":[{"@type":"WebPage","@id":"https:\/\/efeshukuk.com\/ziyaretci-aydinlatma-metni\/","url":"https:\/\/efeshukuk.com\/ziyaretci-aydinlatma-metni\/","name":"\u0130nternet Sitesi Ziyaret\u00e7ileri \u0130\u00e7in Ayd\u0131nlatma Metni - Efes Hukuk B\u00fcrosu","isPartOf":{"@id":"https:\/\/efeshukuk.com\/#website"},"datePublished":"2020-12-27T12:00:33+00:00","dateModified":"2026-04-06T09:13:40+00:00","breadcrumb":{"@id":"https:\/\/efeshukuk.com\/ziyaretci-aydinlatma-metni\/#breadcrumb"},"inLanguage":"en-US","potentialAction":[{"@type":"ReadAction","target":["https:\/\/efeshukuk.com\/ziyaretci-aydinlatma-metni\/"]}]},{"@type":"BreadcrumbList","@id":"https:\/\/efeshukuk.com\/ziyaretci-aydinlatma-metni\/#breadcrumb","itemListElement":[{"@type":"ListItem","position":1,"name":"Ana sayfa","item":"https:\/\/efeshukuk.com\/"},{"@type":"ListItem","position":2,"name":"\u0130nternet Sitesi Ziyaret\u00e7ileri \u0130\u00e7in Ayd\u0131nlatma Metni"}]},{"@type":"WebSite","@id":"https:\/\/efeshukuk.com\/#website","url":"https:\/\/efeshukuk.com\/","name":"Ephesus Law Firm","description":"Your Lawyer in Izmir","publisher":{"@id":"https:\/\/efeshukuk.com\/#organization"},"potentialAction":[{"@type":"SearchAction","target":{"@type":"EntryPoint","urlTemplate":"https:\/\/efeshukuk.com\/?s={search_term_string}"},"query-input":{"@type":"PropertyValueSpecification","valueRequired":true,"valueName":"search_term_string"}}],"inLanguage":"en-US"},{"@type":["Organization","Place","LegalService"],"@id":"https:\/\/efeshukuk.com\/#organization","name":"Ephesus Law Firm","url":"https:\/\/efeshukuk.com\/","logo":{"@id":"https:\/\/efeshukuk.com\/ziyaretci-aydinlatma-metni\/#local-main-organization-logo"},"image":{"@id":"https:\/\/efeshukuk.com\/ziyaretci-aydinlatma-metni\/#local-main-organization-logo"},"sameAs":["https:\/\/www.facebook.com\/efeshukukburosu","https:\/\/www.instagram.com\/efeshukukburosu\/","https:\/\/www.linkedin.com\/company\/efes-law\/"],"description":"Efes Hukuk B\u00fcrosu, farkl\u0131 hukuk alanlar\u0131nda uzmanla\u015fm\u0131\u015f avukat kadrosuyla bireysel ve kurumsal m\u00fcvekkillerine etkili ve \u00e7\u00f6z\u00fcm odakl\u0131 hukuki dan\u0131\u015fmanl\u0131k hizmeti sunmaktad\u0131r. Ticaret hukuku, t\u00fcketici hukuku, aile hukuku, icra ve iflas hukuku gibi bir\u00e7ok alanda derin bilgiye sahip avukatlar\u0131m\u0131zla; m\u00fcvekkillerimizin haklar\u0131n\u0131 en iyi \u015fekilde korumay\u0131 ama\u00e7l\u0131yoruz. D\u00fcnyadaki hukuki de\u011fi\u015fimleri yak\u0131ndan takip ediyor, her yeni sorunu titizlikle analiz ediyoruz. M\u00fcvekkillerimizle g\u00fcvene dayal\u0131, \u015feffaf ve yak\u0131n bir ileti\u015fim kurarak, do\u011fru kararlar almalar\u0131na destek oluyoruz. Akademik d\u00fczeyde \u00e7al\u0131\u015fan \u00e7\u00f6z\u00fcm ortaklar\u0131m\u0131z ve alan\u0131nda uzman avukatlar\u0131m\u0131zla; hukuka, meslek eti\u011fine ve Atat\u00fcrk ilke ve ink\u0131laplar\u0131na ba\u011fl\u0131 bir \u015fekilde \u00e7al\u0131\u015fmay\u0131 ilke ediniyoruz.","legalName":"Efes Hukuk B\u00fcrosu","numberOfEmployees":{"@type":"QuantitativeValue","minValue":"1","maxValue":"10"},"address":{"@id":"https:\/\/efeshukuk.com\/ziyaretci-aydinlatma-metni\/#local-main-place-address"},"geo":{"@type":"GeoCoordinates","latitude":"38.467687","longitude":"27.109998"},"telephone":["+905344155256"],"contactPoint":{"@type":"ContactPoint","telephone":"+905344155256","email":"info@efeshukuk.com"},"openingHoursSpecification":[{"@type":"OpeningHoursSpecification","dayOfWeek":["Monday","Tuesday","Wednesday","Thursday","Friday"],"opens":"09:00","closes":"18:00"},{"@type":"OpeningHoursSpecification","dayOfWeek":["Saturday","Sunday"],"opens":"00:00","closes":"00:00"}],"email":"info@efeshukuk.com"},{"@type":"PostalAddress","@id":"https:\/\/efeshukuk.com\/ziyaretci-aydinlatma-metni\/#local-main-place-address","streetAddress":"Nergiz Mahallesi Girne Blv No:83, Kat 2 D 2, 35600 Kar\u015f\u0131yaka","addressLocality":"\u0130zmir","postalCode":"35600","addressCountry":"TR"},{"@type":"ImageObject","inLanguage":"en-US","@id":"https:\/\/efeshukuk.com\/ziyaretci-aydinlatma-metni\/#local-main-organization-logo","url":"https:\/\/efeshukuk.com\/wp-content\/uploads\/2020\/11\/5.png","contentUrl":"https:\/\/efeshukuk.com\/wp-content\/uploads\/2020\/11\/5.png","width":500,"height":500,"caption":"Efes Hukuk B\u00fcrosu"}]},"geo.placename":"\u0130zmir","geo.position":{"lat":"38.467687","long":"27.109998"},"geo.region":"Turkey"},"_links":{"self":[{"href":"https:\/\/efeshukuk.com\/en\/wp-json\/wp\/v2\/pages\/1409","targetHints":{"allow":["GET"]}}],"collection":[{"href":"https:\/\/efeshukuk.com\/en\/wp-json\/wp\/v2\/pages"}],"about":[{"href":"https:\/\/efeshukuk.com\/en\/wp-json\/wp\/v2\/types\/page"}],"author":[{"embeddable":true,"href":"https:\/\/efeshukuk.com\/en\/wp-json\/wp\/v2\/users\/1"}],"replies":[{"embeddable":true,"href":"https:\/\/efeshukuk.com\/en\/wp-json\/wp\/v2\/comments?post=1409"}],"version-history":[{"count":2,"href":"https:\/\/efeshukuk.com\/en\/wp-json\/wp\/v2\/pages\/1409\/revisions"}],"predecessor-version":[{"id":9822,"href":"https:\/\/efeshukuk.com\/en\/wp-json\/wp\/v2\/pages\/1409\/revisions\/9822"}],"wp:attachment":[{"href":"https:\/\/efeshukuk.com\/en\/wp-json\/wp\/v2\/media?parent=1409"}],"curies":[{"name":"wp","href":"https:\/\/api.w.org\/{rel}","templated":true}]}}